{"id":696608,"date":"2025-08-27T14:35:39","date_gmt":"2025-08-27T11:35:39","guid":{"rendered":"https:\/\/roveyayinevi.com.tr\/index.php\/urun\/altin-turkce-sozluk-lise\/"},"modified":"2026-04-16T02:06:23","modified_gmt":"2026-04-15T23:06:23","slug":"altin-turkce-sozluk-lise","status":"publish","type":"product","link":"https:\/\/roveyayinevi.com.tr\/index.php\/urun\/altin-turkce-sozluk-lise\/","title":{"rendered":"Alt\u0131n T\u00fcrk\u00e7e S\u00f6zl\u00fck (Lise)"},"content":{"rendered":"<p>T\u00fcrk\u00e7e Alt\u0131n S\u00f6zl\u00fck, \u00f6\u011frencilerin ortaokuldan ba\u015flayarak \u00fcniversite ve y\u00fcksek okullara uzanan \u00f6\u011frenimleri boyunca ihtiya\u00e7lar\u0131na cevap verebilecek, geni\u015f kapsaml\u0131 bir s\u00f6zl\u00fckt\u00fcr.T\u00fcrk\u00e7e Alt\u0131n S\u00f6zl\u00fck, bat\u0131 standartlar\u0131ndaki teknik nitelikleriyle \u00f6\u011frencilerimize uzun y\u0131llar yard\u0131mc\u0131 olacakt\u0131r. \ufffc<\/p>\n","protected":false},"excerpt":{"rendered":"<p>T\u00fcrk\u00e7e Alt\u0131n S\u00f6zl\u00fck, \u00f6\u011frencilerin ortaokuldan ba\u015flayarak \u00fcniversite ve y\u00fcksek okullara uzanan \u00f6\u011frenimleri boyunca ihtiya\u00e7lar\u0131na cevap verebilecek, geni\u015f kapsaml\u0131 bir s\u00f6zl\u00fckt\u00fcr.T\u00fcrk\u00e7e Alt\u0131n S\u00f6zl\u00fck, bat\u0131 standartlar\u0131ndaki teknik nitelikleriyle<span class=\"excerpt-hellip\"> [\u2026]<\/span><\/p>\n","protected":false},"featured_media":0,"template":"","meta":{"_monsterinsights_skip_tracking":false,"_monsterinsights_sitenote_active":false,"_monsterinsights_sitenote_note":"","_monsterinsights_sitenote_category":0},"product_brand":[],"product_cat":[12566,13611,19496],"product_tag":[],"class_list":{"0":"post-696608","1":"product","2":"type-product","3":"status-publish","5":"product_cat-egitim","6":"product_cat-sozlukler-ve-konusma-kilavuzlari","7":"product_cat-turkce-sozlukler","8":"pa_cilt-ciltsiz","9":"pa_tur-kitap","10":"pa_yayinevi-altin-kitaplar-boyama-ve-cocuk-kitaplari","11":"pa_yazar-huseyin-kuscu","13":"first","14":"instock","15":"sale","16":"shipping-taxable","17":"purchasable","18":"product-type-simple"},"_links":{"self":[{"href":"https:\/\/roveyayinevi.com.tr\/index.php\/wp-json\/wp\/v2\/product\/696608","targetHints":{"allow":["GET"]}}],"collection":[{"href":"https:\/\/roveyayinevi.com.tr\/index.php\/wp-json\/wp\/v2\/product"}],"about":[{"href":"https:\/\/roveyayinevi.com.tr\/index.php\/wp-json\/wp\/v2\/types\/product"}],"wp:attachment":[{"href":"https:\/\/roveyayinevi.com.tr\/index.php\/wp-json\/wp\/v2\/media?parent=696608"}],"wp:term":[{"taxonomy":"product_brand","embeddable":true,"href":"https:\/\/roveyayinevi.com.tr\/index.php\/wp-json\/wp\/v2\/product_brand?post=696608"},{"taxonomy":"product_cat","embeddable":true,"href":"https:\/\/roveyayinevi.com.tr\/index.php\/wp-json\/wp\/v2\/product_cat?post=696608"},{"taxonomy":"product_tag","embeddable":true,"href":"https:\/\/roveyayinevi.com.tr\/index.php\/wp-json\/wp\/v2\/product_tag?post=696608"}],"curies":[{"name":"wp","href":"https:\/\/api.w.org\/{rel}","templated":true}]}}