{"id":696607,"date":"2025-08-27T14:35:39","date_gmt":"2025-08-27T11:35:39","guid":{"rendered":"https:\/\/roveyayinevi.com.tr\/index.php\/urun\/kuram-ve-uygulamada-sinif-yonetimi\/"},"modified":"2026-04-16T02:06:23","modified_gmt":"2026-04-15T23:06:23","slug":"kuram-ve-uygulamada-sinif-yonetimi","status":"publish","type":"product","link":"https:\/\/roveyayinevi.com.tr\/index.php\/urun\/kuram-ve-uygulamada-sinif-yonetimi\/","title":{"rendered":"Kuram ve Uygulamada S\u0131n\u0131f Y\u00f6netimi"},"content":{"rendered":"<p>Gelece\u011fin \u00f6\u011frenen \u00f6rg\u00fctlerini olu\u015fturabilmek i\u00e7in \u00e7a\u011f\u0131n gereklerine cevap verebilecek de\u011fi\u015fimlere ve geli\u015fmelere oryantasyon zorunlu g\u00f6r\u00fclmektedir. D\u00fcnk\u00fc g\u00fcne\u015fle bug\u00fcnk\u00fc \u00e7ama\u015f\u0131rlar\u0131 kurutmaya \u00e7al\u0131\u015fmak ne kadar mant\u0131ks\u0131z ise \u00f6rg\u00fctleri de s\u0131n\u0131flar\u0131 da d\u00fcnk\u00fc y\u00f6netim anlay\u0131\u015flar\u0131yla y\u00f6netmeye \u00e7al\u0131\u015fmak ayn\u0131 derecede mant\u0131ks\u0131zd\u0131r. Mevlana&#8217;n\u0131n deyi\u015fiyle, &#8220;D\u00fcne ait ne varsa d\u00fcnle beraber gitti canca\u011f\u0131z\u0131m\/Bug\u00fcn yeni \u015feyler s\u00f6ylemek laz\u0131m&#8221; diyerek, klasik y\u00f6netim anlay\u0131\u015flar\u0131ndan vazge\u00e7ilmeli; bug\u00fcn i\u00e7in s\u00fcrekli geli\u015fmeye a\u00e7\u0131k yeni \u015feyler s\u00f6ylenerek \u00f6rg\u00fct y\u00f6netimleri ve s\u0131n\u0131f y\u00f6netimleri i\u00e7in \u00e7a\u011fda\u015f anlay\u0131\u015flar benimsenmelidir. \u00c7\u00fcnk\u00fc kendisiyle bar\u0131\u015f\u0131k, mutlu, ba\u015far\u0131l\u0131 ve evrene art\u0131 bir de\u011fer katarak ya\u015fayan insan yeti\u015ftirebilmek, g\u00fcn\u00fcm\u00fczde d\u00fcne g\u00f6re daha elzem g\u00f6r\u00fclmektedir. \u00d6\u011fretim odakl\u0131, s\u0131nav ba\u015far\u0131s\u0131ndan \u00e7ok, etik de\u011ferlerin, duygular\u0131n, sa\u011fl\u0131kl\u0131 ileti\u015fimin ve iyiliklerin \u00f6nemsendi\u011fi, karakterli bireylerin yeti\u015ftirilmesinin hedeflendi\u011fi okullar ve s\u0131n\u0131flar in\u015fa edebilmek i\u00e7in e\u011fitim sistemlerinin yeniden sorgulanmas\u0131 ka\u00e7\u0131n\u0131lmaz olmaktad\u0131r.<\/p>\n","protected":false},"excerpt":{"rendered":"<p>Gelece\u011fin \u00f6\u011frenen \u00f6rg\u00fctlerini olu\u015fturabilmek i\u00e7in \u00e7a\u011f\u0131n gereklerine cevap verebilecek de\u011fi\u015fimlere ve geli\u015fmelere oryantasyon zorunlu g\u00f6r\u00fclmektedir. D\u00fcnk\u00fc g\u00fcne\u015fle bug\u00fcnk\u00fc \u00e7ama\u015f\u0131rlar\u0131 kurutmaya \u00e7al\u0131\u015fmak ne kadar mant\u0131ks\u0131z ise \u00f6rg\u00fctleri<span class=\"excerpt-hellip\"> [\u2026]<\/span><\/p>\n","protected":false},"featured_media":0,"template":"","meta":{"_monsterinsights_skip_tracking":false,"_monsterinsights_sitenote_active":false,"_monsterinsights_sitenote_note":"","_monsterinsights_sitenote_category":0},"product_brand":[],"product_cat":[12312,12304],"product_tag":[],"class_list":{"0":"post-696607","1":"product","2":"type-product","3":"status-publish","5":"product_cat-diger","6":"product_cat-tarih","7":"pa_cilt-ciltsiz","8":"pa_tur-kitap","9":"pa_yayinevi-ani-yayincilik","10":"pa_yazar-kolektif","12":"first","13":"instock","14":"sale","15":"shipping-taxable","16":"purchasable","17":"product-type-simple"},"_links":{"self":[{"href":"https:\/\/roveyayinevi.com.tr\/index.php\/wp-json\/wp\/v2\/product\/696607","targetHints":{"allow":["GET"]}}],"collection":[{"href":"https:\/\/roveyayinevi.com.tr\/index.php\/wp-json\/wp\/v2\/product"}],"about":[{"href":"https:\/\/roveyayinevi.com.tr\/index.php\/wp-json\/wp\/v2\/types\/product"}],"wp:attachment":[{"href":"https:\/\/roveyayinevi.com.tr\/index.php\/wp-json\/wp\/v2\/media?parent=696607"}],"wp:term":[{"taxonomy":"product_brand","embeddable":true,"href":"https:\/\/roveyayinevi.com.tr\/index.php\/wp-json\/wp\/v2\/product_brand?post=696607"},{"taxonomy":"product_cat","embeddable":true,"href":"https:\/\/roveyayinevi.com.tr\/index.php\/wp-json\/wp\/v2\/product_cat?post=696607"},{"taxonomy":"product_tag","embeddable":true,"href":"https:\/\/roveyayinevi.com.tr\/index.php\/wp-json\/wp\/v2\/product_tag?post=696607"}],"curies":[{"name":"wp","href":"https:\/\/api.w.org\/{rel}","templated":true}]}}