{"id":696604,"date":"2025-08-27T14:35:38","date_gmt":"2025-08-27T11:35:38","guid":{"rendered":"https:\/\/roveyayinevi.com.tr\/index.php\/urun\/guzel-yazi-teknikleri-ve-ogretimi\/"},"modified":"2026-04-16T02:06:23","modified_gmt":"2026-04-15T23:06:23","slug":"guzel-yazi-teknikleri-ve-ogretimi","status":"publish","type":"product","link":"https:\/\/roveyayinevi.com.tr\/index.php\/urun\/guzel-yazi-teknikleri-ve-ogretimi\/","title":{"rendered":"G\u00fczel Yaz\u0131 Teknikleri ve \u00d6\u011fretimi"},"content":{"rendered":"<p>Yazma eylemi bireyin ya\u015f\u0131na, deneyimine ve amac\u0131na g\u00f6re; fiziksel, dilbilimsel ve sosyal s\u00fcre\u00e7lerin kendi i\u00e7inde farkl\u0131 \u015fekillerde geli\u015fimine etki eden \u00f6nemli bir aktivitedir. Kitap E\u011fitim Fak\u00fcltelerinin \u0130lk\u00f6\u011fretim B\u00f6l\u00fcmlerinde okutulmakta olan G\u00fczel Yaz\u0131 Teknikleri ve \u00d6\u011fretim dersinin Milli E\u011fitim Bakanl\u0131\u011f\u0131 ve Y\u00fcksek \u00d6\u011fretim Kurumunun \u0130lgili ders tan\u0131m\u0131 g\u00f6z \u00f6n\u00fcnde bulundurularak \u00f6\u011fretmen adaylar\u0131 ve \u00f6\u011fretmenlere y\u00f6nelik kaynak kitap olarak haz\u0131rlanm\u0131\u015ft\u0131r. \ufffcTan\u0131t\u0131m Metni<\/p>\n","protected":false},"excerpt":{"rendered":"<p>Yazma eylemi bireyin ya\u015f\u0131na, deneyimine ve amac\u0131na g\u00f6re; fiziksel, dilbilimsel ve sosyal s\u00fcre\u00e7lerin kendi i\u00e7inde farkl\u0131 \u015fekillerde geli\u015fimine etki eden \u00f6nemli bir aktivitedir. Kitap E\u011fitim Fak\u00fcltelerinin<span class=\"excerpt-hellip\"> [\u2026]<\/span><\/p>\n","protected":false},"featured_media":0,"template":"","meta":{"_monsterinsights_skip_tracking":false,"_monsterinsights_sitenote_active":false,"_monsterinsights_sitenote_note":"","_monsterinsights_sitenote_category":0},"product_brand":[],"product_cat":[12312,12304],"product_tag":[],"class_list":{"0":"post-696604","1":"product","2":"type-product","3":"status-publish","5":"product_cat-diger","6":"product_cat-tarih","7":"pa_cilt-ciltsiz","8":"pa_tur-kitap","9":"pa_yayinevi-ani-yayincilik","10":"pa_yazar-kazim-artut","12":"first","13":"instock","14":"sale","15":"shipping-taxable","16":"purchasable","17":"product-type-simple"},"_links":{"self":[{"href":"https:\/\/roveyayinevi.com.tr\/index.php\/wp-json\/wp\/v2\/product\/696604","targetHints":{"allow":["GET"]}}],"collection":[{"href":"https:\/\/roveyayinevi.com.tr\/index.php\/wp-json\/wp\/v2\/product"}],"about":[{"href":"https:\/\/roveyayinevi.com.tr\/index.php\/wp-json\/wp\/v2\/types\/product"}],"wp:attachment":[{"href":"https:\/\/roveyayinevi.com.tr\/index.php\/wp-json\/wp\/v2\/media?parent=696604"}],"wp:term":[{"taxonomy":"product_brand","embeddable":true,"href":"https:\/\/roveyayinevi.com.tr\/index.php\/wp-json\/wp\/v2\/product_brand?post=696604"},{"taxonomy":"product_cat","embeddable":true,"href":"https:\/\/roveyayinevi.com.tr\/index.php\/wp-json\/wp\/v2\/product_cat?post=696604"},{"taxonomy":"product_tag","embeddable":true,"href":"https:\/\/roveyayinevi.com.tr\/index.php\/wp-json\/wp\/v2\/product_tag?post=696604"}],"curies":[{"name":"wp","href":"https:\/\/api.w.org\/{rel}","templated":true}]}}