{"id":696603,"date":"2025-08-27T14:35:38","date_gmt":"2025-08-27T11:35:38","guid":{"rendered":"https:\/\/roveyayinevi.com.tr\/index.php\/urun\/guncel-cevre-sorunlariyla-ilgili-egitsel-etkinlikler\/"},"modified":"2026-04-16T02:06:23","modified_gmt":"2026-04-15T23:06:23","slug":"guncel-cevre-sorunlariyla-ilgili-egitsel-etkinlikler","status":"publish","type":"product","link":"https:\/\/roveyayinevi.com.tr\/index.php\/urun\/guncel-cevre-sorunlariyla-ilgili-egitsel-etkinlikler\/","title":{"rendered":"G\u00fcncel \u00c7evre Sorunlar\u0131yla \u0130lgili E\u011fitsel Etkinlikler"},"content":{"rendered":"<p>\u00c7evre ve \u00e7evre sorunlar\u0131 konular\u0131 g\u00fcn ge\u00e7tik\u00e7e daha s\u0131k kar\u015f\u0131la\u015f\u0131lan kavramlar haline gelmi\u015ftir. \u00e7evre sorunlar\u0131 \u00e7evre kavram\u0131n\u0131n geride kalmas\u0131na neden olacak \u015fekilde kar\u015f\u0131m\u0131za \u00e7\u0131kmaktad\u0131r. N\u00fcfus art\u0131\u015f\u0131, kentle\u015fme ve teknolojik ilerlemeler \u00e7evre kirlili\u011fini artt\u0131ran unsurlardan ba\u015fl\u0131calar\u0131d\u0131r. \u00e7evre, etkili maddesel varl\u0131klar, olaylar ve enerjiler b\u00fct\u00fcnl\u00fc\u011f\u00fcd\u00fcr. \u00e7evredeki en k\u00fc\u00e7\u00fck unsuru etkileyen bir durum, di\u011fer \u00e7evresel unsurlar\u0131 da etkisi alt\u0131na alabilmektedir. Bu nedenle g\u00fcncel \u00e7evre sorunlar\u0131na dikkat \u00e7ekilmesi son derece \u00f6nemlidir. \ufffcTan\u0131t\u0131m Metni<\/p>\n","protected":false},"excerpt":{"rendered":"<p>\u00c7evre ve \u00e7evre sorunlar\u0131 konular\u0131 g\u00fcn ge\u00e7tik\u00e7e daha s\u0131k kar\u015f\u0131la\u015f\u0131lan kavramlar haline gelmi\u015ftir. \u00e7evre sorunlar\u0131 \u00e7evre kavram\u0131n\u0131n geride kalmas\u0131na neden olacak \u015fekilde kar\u015f\u0131m\u0131za \u00e7\u0131kmaktad\u0131r. N\u00fcfus art\u0131\u015f\u0131,<span class=\"excerpt-hellip\"> [\u2026]<\/span><\/p>\n","protected":false},"featured_media":0,"template":"","meta":{"_monsterinsights_skip_tracking":false,"_monsterinsights_sitenote_active":false,"_monsterinsights_sitenote_note":"","_monsterinsights_sitenote_category":0},"product_brand":[],"product_cat":[12312,12304],"product_tag":[],"class_list":{"0":"post-696603","1":"product","2":"type-product","3":"status-publish","5":"product_cat-diger","6":"product_cat-tarih","7":"pa_cilt-ciltsiz","8":"pa_tur-kitap","9":"pa_yayinevi-ani-yayincilik","10":"pa_yazar-mehmet-duran-oznacar","12":"first","13":"instock","14":"sale","15":"shipping-taxable","16":"purchasable","17":"product-type-simple"},"_links":{"self":[{"href":"https:\/\/roveyayinevi.com.tr\/index.php\/wp-json\/wp\/v2\/product\/696603","targetHints":{"allow":["GET"]}}],"collection":[{"href":"https:\/\/roveyayinevi.com.tr\/index.php\/wp-json\/wp\/v2\/product"}],"about":[{"href":"https:\/\/roveyayinevi.com.tr\/index.php\/wp-json\/wp\/v2\/types\/product"}],"wp:attachment":[{"href":"https:\/\/roveyayinevi.com.tr\/index.php\/wp-json\/wp\/v2\/media?parent=696603"}],"wp:term":[{"taxonomy":"product_brand","embeddable":true,"href":"https:\/\/roveyayinevi.com.tr\/index.php\/wp-json\/wp\/v2\/product_brand?post=696603"},{"taxonomy":"product_cat","embeddable":true,"href":"https:\/\/roveyayinevi.com.tr\/index.php\/wp-json\/wp\/v2\/product_cat?post=696603"},{"taxonomy":"product_tag","embeddable":true,"href":"https:\/\/roveyayinevi.com.tr\/index.php\/wp-json\/wp\/v2\/product_tag?post=696603"}],"curies":[{"name":"wp","href":"https:\/\/api.w.org\/{rel}","templated":true}]}}