{"id":696601,"date":"2025-08-27T14:35:38","date_gmt":"2025-08-27T11:35:38","guid":{"rendered":"https:\/\/roveyayinevi.com.tr\/index.php\/urun\/fen-egitiminde-ozel-ogretim-yontemleri-1-2\/"},"modified":"2026-04-16T02:06:23","modified_gmt":"2026-04-15T23:06:23","slug":"fen-egitiminde-ozel-ogretim-yontemleri-1-2","status":"publish","type":"product","link":"https:\/\/roveyayinevi.com.tr\/index.php\/urun\/fen-egitiminde-ozel-ogretim-yontemleri-1-2\/","title":{"rendered":"Fen E\u011fitiminde \u00d6zel \u00d6\u011fretim Y\u00f6ntemleri 1-2"},"content":{"rendered":"<p>Bu kitap, konu alan\u0131nda \u00f6\u011fretim y\u00f6ntemleri, \u00f6\u011frenme kuram ve yakla\u015f\u0131mlar\u0131, \u00f6\u011fretme-\u00f6\u011frenme s\u00fcre\u00e7leri, genel \u00f6\u011fretim y\u00f6ntemlerinin konu alan\u0131 \u00f6\u011fretimine uygulanmas\u0131, konu alan\u0131ndaki ders kitaplar\u0131n\u0131n ele\u015ftirel bir a\u00e7\u0131yla incelenmesi ve \u00f6zel \u00f6\u011fretim y\u00f6ntem ve stratejileri ile ili\u015fkilendirilmesi, mikro \u00f6\u011fretim uygulamalar\u0131, \u00f6\u011fretimin de\u011ferlendirilmesi konular\u0131ndan olu\u015fmaktad\u0131r. Kitapta ele al\u0131nan konular\u0131n istenilir seviyede anla\u015f\u0131labilmesi i\u00e7in \u00e7e\u015fitli etkinlikler, \u015fekil, resim ve tablolarla kitap zenginle\u015ftirilmi\u015ftir. B\u00f6l\u00fcm ba\u015flar\u0131nda; b\u00f6l\u00fcm i\u00e7eri\u011fi, \u00f6\u011frencilerin kazanmas\u0131 beklenen hedef ve davran\u0131\u015flar ile tart\u0131\u015fma sorular\u0131na yer verilmi\u015ftir. <\/p>\n","protected":false},"excerpt":{"rendered":"<p>Bu kitap, konu alan\u0131nda \u00f6\u011fretim y\u00f6ntemleri, \u00f6\u011frenme kuram ve yakla\u015f\u0131mlar\u0131, \u00f6\u011fretme-\u00f6\u011frenme s\u00fcre\u00e7leri, genel \u00f6\u011fretim y\u00f6ntemlerinin konu alan\u0131 \u00f6\u011fretimine uygulanmas\u0131, konu alan\u0131ndaki ders kitaplar\u0131n\u0131n ele\u015ftirel bir a\u00e7\u0131yla<span class=\"excerpt-hellip\"> [\u2026]<\/span><\/p>\n","protected":false},"featured_media":0,"template":"","meta":{"_monsterinsights_skip_tracking":false,"_monsterinsights_sitenote_active":false,"_monsterinsights_sitenote_note":"","_monsterinsights_sitenote_category":0},"product_brand":[],"product_cat":[12573,12566],"product_tag":[],"class_list":{"0":"post-696601","1":"product","2":"type-product","3":"status-publish","5":"product_cat-akademik-kitaplar","6":"product_cat-egitim","7":"pa_cilt-ciltsiz","8":"pa_tur-kitap","9":"pa_yayinevi-ani-yayincilik","10":"pa_yazar-orhan-karamustafaoglu","12":"first","13":"instock","14":"sale","15":"shipping-taxable","16":"purchasable","17":"product-type-simple"},"_links":{"self":[{"href":"https:\/\/roveyayinevi.com.tr\/index.php\/wp-json\/wp\/v2\/product\/696601","targetHints":{"allow":["GET"]}}],"collection":[{"href":"https:\/\/roveyayinevi.com.tr\/index.php\/wp-json\/wp\/v2\/product"}],"about":[{"href":"https:\/\/roveyayinevi.com.tr\/index.php\/wp-json\/wp\/v2\/types\/product"}],"wp:attachment":[{"href":"https:\/\/roveyayinevi.com.tr\/index.php\/wp-json\/wp\/v2\/media?parent=696601"}],"wp:term":[{"taxonomy":"product_brand","embeddable":true,"href":"https:\/\/roveyayinevi.com.tr\/index.php\/wp-json\/wp\/v2\/product_brand?post=696601"},{"taxonomy":"product_cat","embeddable":true,"href":"https:\/\/roveyayinevi.com.tr\/index.php\/wp-json\/wp\/v2\/product_cat?post=696601"},{"taxonomy":"product_tag","embeddable":true,"href":"https:\/\/roveyayinevi.com.tr\/index.php\/wp-json\/wp\/v2\/product_tag?post=696601"}],"curies":[{"name":"wp","href":"https:\/\/api.w.org\/{rel}","templated":true}]}}