{"id":696600,"date":"2025-08-27T14:35:37","date_gmt":"2025-08-27T11:35:37","guid":{"rendered":"https:\/\/roveyayinevi.com.tr\/index.php\/urun\/akil-oyunlari-2\/"},"modified":"2026-04-16T02:06:23","modified_gmt":"2026-04-15T23:06:23","slug":"akil-oyunlari-2","status":"publish","type":"product","link":"https:\/\/roveyayinevi.com.tr\/index.php\/urun\/akil-oyunlari-2\/","title":{"rendered":"Ak\u0131l Oyunlar\u0131"},"content":{"rendered":"<p>Meslek hayat\u0131 \u00e7ok k\u0131sa s\u00fcren Nash otuz y\u0131l \u015fizofreninin pen\u00e7esinde k\u0131vrand\u0131ktan sonra mucizevi \u015fekilde iyile\u015fir ve Nobel \u00d6d\u00fcl\u00fc\u2019yle onurland\u0131r\u0131l\u0131r. Ak\u0131l Oyunlar\u0131, otuz ya\u015f\u0131nda bir efsaneye d\u00f6n\u00fc\u015fen b\u00fcy\u00fck dahi John Forbes Nash\u2019in g\u00f6zkama\u015ft\u0131r\u0131c\u0131 y\u00fckseli\u015fini, d\u00fcnyadaki di\u011fer matematik\u00e7ilerin olanaks\u0131z diye niteledikleri bir dizi bug\u00fcne dek \u00e7\u00f6z\u00fclmemi\u015f problemleri \u00e7\u00f6zerek matematik d\u00fcnyas\u0131n\u0131 b\u00fcy\u00fclemesini sergiliyor. \ufffcTan\u0131t\u0131m Metni<\/p>\n","protected":false},"excerpt":{"rendered":"<p>Meslek hayat\u0131 \u00e7ok k\u0131sa s\u00fcren Nash otuz y\u0131l \u015fizofreninin pen\u00e7esinde k\u0131vrand\u0131ktan sonra mucizevi \u015fekilde iyile\u015fir ve Nobel \u00d6d\u00fcl\u00fc\u2019yle onurland\u0131r\u0131l\u0131r. Ak\u0131l Oyunlar\u0131, otuz ya\u015f\u0131nda bir efsaneye d\u00f6n\u00fc\u015fen<span class=\"excerpt-hellip\"> [\u2026]<\/span><\/p>\n","protected":false},"featured_media":0,"template":"","meta":{"_monsterinsights_skip_tracking":false,"_monsterinsights_sitenote_active":false,"_monsterinsights_sitenote_note":"","_monsterinsights_sitenote_category":0},"product_brand":[],"product_cat":[12891,12291],"product_tag":[],"class_list":{"0":"post-696600","1":"product","2":"type-product","3":"status-publish","5":"product_cat-amerikan-edebiyati","6":"product_cat-edebiyat","7":"pa_tur-kitap","8":"pa_yayinevi-altin-kitaplar-ozel-urun","9":"pa_yazar-sylvia-nasar","11":"first","12":"instock","13":"sale","14":"shipping-taxable","15":"purchasable","16":"product-type-simple"},"_links":{"self":[{"href":"https:\/\/roveyayinevi.com.tr\/index.php\/wp-json\/wp\/v2\/product\/696600","targetHints":{"allow":["GET"]}}],"collection":[{"href":"https:\/\/roveyayinevi.com.tr\/index.php\/wp-json\/wp\/v2\/product"}],"about":[{"href":"https:\/\/roveyayinevi.com.tr\/index.php\/wp-json\/wp\/v2\/types\/product"}],"wp:attachment":[{"href":"https:\/\/roveyayinevi.com.tr\/index.php\/wp-json\/wp\/v2\/media?parent=696600"}],"wp:term":[{"taxonomy":"product_brand","embeddable":true,"href":"https:\/\/roveyayinevi.com.tr\/index.php\/wp-json\/wp\/v2\/product_brand?post=696600"},{"taxonomy":"product_cat","embeddable":true,"href":"https:\/\/roveyayinevi.com.tr\/index.php\/wp-json\/wp\/v2\/product_cat?post=696600"},{"taxonomy":"product_tag","embeddable":true,"href":"https:\/\/roveyayinevi.com.tr\/index.php\/wp-json\/wp\/v2\/product_tag?post=696600"}],"curies":[{"name":"wp","href":"https:\/\/api.w.org\/{rel}","templated":true}]}}