{"id":696597,"date":"2025-08-27T14:35:37","date_gmt":"2025-08-27T11:35:37","guid":{"rendered":"https:\/\/roveyayinevi.com.tr\/index.php\/urun\/fen-bilgisi-laboratuvar-deneyleri\/"},"modified":"2026-04-16T02:06:23","modified_gmt":"2026-04-15T23:06:23","slug":"fen-bilgisi-laboratuvar-deneyleri","status":"publish","type":"product","link":"https:\/\/roveyayinevi.com.tr\/index.php\/urun\/fen-bilgisi-laboratuvar-deneyleri\/","title":{"rendered":"Fen Bilgisi Laboratuvar Deneyleri"},"content":{"rendered":"<p>Bu kitap, E\u011fitim Fak\u00fcltelerinin, \u0130lk\u00f6\u011fretim B\u00f6l\u00fcmlerinde okutulmakta olan Fen Bilgisi Laboratuvar Uygulamalar\u0131 dersleri i\u00e7in haz\u0131rlanm\u0131\u015ft\u0131r. Kitab\u0131n haz\u0131rlanmas\u0131nda bu dersin kur tan\u0131mlar\u0131 (i\u00e7erik) dikkate al\u0131nm\u0131\u015f ve gerek teorik bilgiler gerekse konular eksiksiz olarak d\u00fczenlenmeye \u00e7al\u0131\u015f\u0131lm\u0131\u015ft\u0131r. Birle\u015fik bir bilim dal\u0131 olan fen bilgisinin temel konular\u0131 ile ilgili \u00e7ok say\u0131da deney verilmeye \u00e7al\u0131\u015f\u0131lm\u0131\u015f ve \u00f6zellikle konu hakk\u0131nda temel baz\u0131 bilgiler verildikten sonra deneylerin yap\u0131l\u0131\u015f\u0131 anlat\u0131lm\u0131\u015ft\u0131r. Fen Bilgisi \u00d6\u011fretmenli\u011finde Laboratuvar Uygulamalar\u0131n\u0131n \u00f6nemi dikkate al\u0131nacak olursa \u00e7ok say\u0131da deney ve her deneyle ilgili konuda teorik bilgilerin sunulmaya \u00e7al\u0131\u015f\u0131ld\u0131\u011f\u0131 bu kitab\u0131n yararl\u0131 olaca\u011f\u0131 d\u00fc\u015f\u00fcn\u00fclm\u00fc\u015ft\u00fcr. Fen bilgisinin temel konular\u0131n\u0131 i\u00e7eren Fizik, Kimya ve Biyoloji ile ilgili \u00e7ok say\u0131da deneyin yer ald\u0131\u011f\u0131 bu kitapta laboratuvarda kullan\u0131lan malzemeler ve \u00f6l\u00e7\u00fc birimleri ile ilgili bilgilerin de bulunmas\u0131 \u00f6\u011frencilere yararl\u0131 olaca\u011f\u0131 \u00fcmidini art\u0131rmaktad\u0131r. <\/p>\n","protected":false},"excerpt":{"rendered":"<p>Bu kitap, E\u011fitim Fak\u00fcltelerinin, \u0130lk\u00f6\u011fretim B\u00f6l\u00fcmlerinde okutulmakta olan Fen Bilgisi Laboratuvar Uygulamalar\u0131 dersleri i\u00e7in haz\u0131rlanm\u0131\u015ft\u0131r. Kitab\u0131n haz\u0131rlanmas\u0131nda bu dersin kur tan\u0131mlar\u0131 (i\u00e7erik) dikkate al\u0131nm\u0131\u015f ve gerek<span class=\"excerpt-hellip\"> [\u2026]<\/span><\/p>\n","protected":false},"featured_media":0,"template":"","meta":{"_monsterinsights_skip_tracking":false,"_monsterinsights_sitenote_active":false,"_monsterinsights_sitenote_note":"","_monsterinsights_sitenote_category":0},"product_brand":[],"product_cat":[12312,12304],"product_tag":[],"class_list":{"0":"post-696597","1":"product","2":"type-product","3":"status-publish","5":"product_cat-diger","6":"product_cat-tarih","7":"pa_cilt-ciltsiz","8":"pa_tur-kitap","9":"pa_yayinevi-ani-yayincilik","10":"pa_yazar-tohit-gunes","12":"first","13":"instock","14":"sale","15":"shipping-taxable","16":"purchasable","17":"product-type-simple"},"_links":{"self":[{"href":"https:\/\/roveyayinevi.com.tr\/index.php\/wp-json\/wp\/v2\/product\/696597","targetHints":{"allow":["GET"]}}],"collection":[{"href":"https:\/\/roveyayinevi.com.tr\/index.php\/wp-json\/wp\/v2\/product"}],"about":[{"href":"https:\/\/roveyayinevi.com.tr\/index.php\/wp-json\/wp\/v2\/types\/product"}],"wp:attachment":[{"href":"https:\/\/roveyayinevi.com.tr\/index.php\/wp-json\/wp\/v2\/media?parent=696597"}],"wp:term":[{"taxonomy":"product_brand","embeddable":true,"href":"https:\/\/roveyayinevi.com.tr\/index.php\/wp-json\/wp\/v2\/product_brand?post=696597"},{"taxonomy":"product_cat","embeddable":true,"href":"https:\/\/roveyayinevi.com.tr\/index.php\/wp-json\/wp\/v2\/product_cat?post=696597"},{"taxonomy":"product_tag","embeddable":true,"href":"https:\/\/roveyayinevi.com.tr\/index.php\/wp-json\/wp\/v2\/product_tag?post=696597"}],"curies":[{"name":"wp","href":"https:\/\/api.w.org\/{rel}","templated":true}]}}