{"id":696596,"date":"2025-08-27T14:35:37","date_gmt":"2025-08-27T11:35:37","guid":{"rendered":"https:\/\/roveyayinevi.com.tr\/index.php\/urun\/edebiyat-bilimi-cilt-1\/"},"modified":"2026-04-16T02:06:23","modified_gmt":"2026-04-15T23:06:23","slug":"edebiyat-bilimi-cilt-1","status":"publish","type":"product","link":"https:\/\/roveyayinevi.com.tr\/index.php\/urun\/edebiyat-bilimi-cilt-1\/","title":{"rendered":"Edebiyat Bilimi Cilt: 1"},"content":{"rendered":"<p>Bu kitap, sosyal bilimlerin \u00f6nde gelen \u015fubelerinden biri olan edebiyat biliminin r\u00fc\u015ft\u00fcn\u00fc ge\u00e7 ispat etmesinden kaynaklanan teorik bo\u015fluklar; h\u0131z \u00e7a\u011f\u0131nda t\u00fcketimin, \u00fcretimi habire k\u0131\u015fk\u0131rtmas\u0131n\u0131n yaratt\u0131\u011f\u0131 niteliksel kay\u0131p; bu kayb\u0131n gerisinde yatan belli belirsiz teorik noksanl\u0131klara ba\u011fl\u0131 olarak bilimle\u015fmenin gecikmesinden kaynakl\u0131 terimle\u015fme sorunlar\u0131 ile edebiyat bilimcilerinin en az\u0131ndan kendi aralar\u0131nda olu\u015fturmalar\u0131 gereken gramere k\u00fc\u00e7\u00fck de olsa bir katk\u0131 \u00e7abas\u0131 gibi nedenlerle yaz\u0131lm\u0131\u015ft\u0131r. Ama galiba b\u00f6ylesi bir metni yazar\u0131na ilham ettiren ilk \u0131\u015f\u0131k, bir edebiyat bilimcisi olarak g\u00fcn\u00fcm\u00fcz d\u00fcnyas\u0131nda edebiyat\u0131n o u\u00e7suz bucaks\u0131z \u00fcretimlerin aras\u0131nda kendine yol bulma s\u0131k\u0131nt\u0131s\u0131n\u0131n yaratt\u0131\u011f\u0131 kayg\u0131lar; bu kayg\u0131lar\u0131n \u00f6ncelikli olarak yap\u0131lmas\u0131 gereken \u00fczerine, zihni derin d\u00fc\u015f\u00fcnc\u00fclere salmas\u0131yla ortaya \u00e7\u0131km\u0131\u015ft\u0131r. <\/p>\n","protected":false},"excerpt":{"rendered":"<p>Bu kitap, sosyal bilimlerin \u00f6nde gelen \u015fubelerinden biri olan edebiyat biliminin r\u00fc\u015ft\u00fcn\u00fc ge\u00e7 ispat etmesinden kaynaklanan teorik bo\u015fluklar; h\u0131z \u00e7a\u011f\u0131nda t\u00fcketimin, \u00fcretimi habire k\u0131\u015fk\u0131rtmas\u0131n\u0131n yaratt\u0131\u011f\u0131 niteliksel<span class=\"excerpt-hellip\"> [\u2026]<\/span><\/p>\n","protected":false},"featured_media":0,"template":"","meta":{"_monsterinsights_skip_tracking":false,"_monsterinsights_sitenote_active":false,"_monsterinsights_sitenote_note":"","_monsterinsights_sitenote_category":0},"product_brand":[],"product_cat":[13072,12291],"product_tag":[],"class_list":{"0":"post-696596","1":"product","2":"type-product","3":"status-publish","5":"product_cat-arastirma-inceleme-referans","6":"product_cat-edebiyat","7":"pa_cilt-ciltsiz","8":"pa_tur-kitap","9":"pa_yayinevi-ani-yayincilik","10":"pa_yazar-ismet-emre","12":"first","13":"instock","14":"sale","15":"shipping-taxable","16":"purchasable","17":"product-type-simple"},"_links":{"self":[{"href":"https:\/\/roveyayinevi.com.tr\/index.php\/wp-json\/wp\/v2\/product\/696596","targetHints":{"allow":["GET"]}}],"collection":[{"href":"https:\/\/roveyayinevi.com.tr\/index.php\/wp-json\/wp\/v2\/product"}],"about":[{"href":"https:\/\/roveyayinevi.com.tr\/index.php\/wp-json\/wp\/v2\/types\/product"}],"wp:attachment":[{"href":"https:\/\/roveyayinevi.com.tr\/index.php\/wp-json\/wp\/v2\/media?parent=696596"}],"wp:term":[{"taxonomy":"product_brand","embeddable":true,"href":"https:\/\/roveyayinevi.com.tr\/index.php\/wp-json\/wp\/v2\/product_brand?post=696596"},{"taxonomy":"product_cat","embeddable":true,"href":"https:\/\/roveyayinevi.com.tr\/index.php\/wp-json\/wp\/v2\/product_cat?post=696596"},{"taxonomy":"product_tag","embeddable":true,"href":"https:\/\/roveyayinevi.com.tr\/index.php\/wp-json\/wp\/v2\/product_tag?post=696596"}],"curies":[{"name":"wp","href":"https:\/\/api.w.org\/{rel}","templated":true}]}}