{"id":696594,"date":"2025-08-27T14:35:36","date_gmt":"2025-08-27T11:35:36","guid":{"rendered":"https:\/\/roveyayinevi.com.tr\/index.php\/urun\/cografya-ogretiminde-coklu-zeka\/"},"modified":"2026-04-16T02:06:23","modified_gmt":"2026-04-15T23:06:23","slug":"cografya-ogretiminde-coklu-zeka","status":"publish","type":"product","link":"https:\/\/roveyayinevi.com.tr\/index.php\/urun\/cografya-ogretiminde-coklu-zeka\/","title":{"rendered":"Co\u011frafya \u00d6\u011fretiminde \u00c7oklu Zeka"},"content":{"rendered":"<p>Co\u011frafya, bireye kimlik kazand\u0131ran, bireyin ya\u015fad\u0131\u011f\u0131 \u00e7evreyi alg\u0131lamas\u0131n\u0131, tan\u0131mas\u0131n\u0131 ve anlamland\u0131rmas\u0131n\u0131 ama\u00e7layan bir bilimdir. Bu \u00e7er\u00e7evede co\u011frafya, e\u011fitim-\u00f6\u011fretim s\u00fcrecinin her a\u015famas\u0131nda zorunlu ve genel ama\u00e7lar\u0131na ba\u011fl\u0131 kal\u0131narak \u00f6\u011frenciye \u00f6z\u00fcmsetilmesi gereken bir derstir. \u00d6\u011frenciye kazand\u0131r\u0131lmas\u0131 ama\u00e7lanan bilgi ve beceriler ancak \u00f6\u011frencinin co\u011frafyan\u0131n anlam ve \u00f6nemini kavramas\u0131yla ba\u015flayabilir. Bu nedenle, co\u011frafya e\u011fitiminin m\u00fcmk\u00fcn oldu\u011funca zenginle\u015ftirilmi\u015f e\u011fitim ortamlar\u0131nda, \u00f6\u011frenciyi merkeze alan \u00e7e\u015fitli yakla\u015f\u0131m, y\u00f6ntem ve tekniklerle desteklenmesi \u00f6nem arzetmektedir. \u00c7\u00fcnk\u00fc ge\u00e7mi\u015f ile gelecek aras\u0131ndaki k\u00f6pr\u00fc co\u011frafya bilimi ile kurulabilir. <\/p>\n","protected":false},"excerpt":{"rendered":"<p>Co\u011frafya, bireye kimlik kazand\u0131ran, bireyin ya\u015fad\u0131\u011f\u0131 \u00e7evreyi alg\u0131lamas\u0131n\u0131, tan\u0131mas\u0131n\u0131 ve anlamland\u0131rmas\u0131n\u0131 ama\u00e7layan bir bilimdir. Bu \u00e7er\u00e7evede co\u011frafya, e\u011fitim-\u00f6\u011fretim s\u00fcrecinin her a\u015famas\u0131nda zorunlu ve genel ama\u00e7lar\u0131na ba\u011fl\u0131<span class=\"excerpt-hellip\"> [\u2026]<\/span><\/p>\n","protected":false},"featured_media":0,"template":"","meta":{"_monsterinsights_skip_tracking":false,"_monsterinsights_sitenote_active":false,"_monsterinsights_sitenote_note":"","_monsterinsights_sitenote_category":0},"product_brand":[],"product_cat":[12312,12304],"product_tag":[],"class_list":{"0":"post-696594","1":"product","2":"type-product","3":"status-publish","5":"product_cat-diger","6":"product_cat-tarih","7":"pa_cilt-ciltsiz","8":"pa_tur-kitap","9":"pa_yayinevi-ani-yayincilik","10":"pa_yazar-aysegul-seyihoglu","12":"first","13":"instock","14":"sale","15":"shipping-taxable","16":"purchasable","17":"product-type-simple"},"_links":{"self":[{"href":"https:\/\/roveyayinevi.com.tr\/index.php\/wp-json\/wp\/v2\/product\/696594","targetHints":{"allow":["GET"]}}],"collection":[{"href":"https:\/\/roveyayinevi.com.tr\/index.php\/wp-json\/wp\/v2\/product"}],"about":[{"href":"https:\/\/roveyayinevi.com.tr\/index.php\/wp-json\/wp\/v2\/types\/product"}],"wp:attachment":[{"href":"https:\/\/roveyayinevi.com.tr\/index.php\/wp-json\/wp\/v2\/media?parent=696594"}],"wp:term":[{"taxonomy":"product_brand","embeddable":true,"href":"https:\/\/roveyayinevi.com.tr\/index.php\/wp-json\/wp\/v2\/product_brand?post=696594"},{"taxonomy":"product_cat","embeddable":true,"href":"https:\/\/roveyayinevi.com.tr\/index.php\/wp-json\/wp\/v2\/product_cat?post=696594"},{"taxonomy":"product_tag","embeddable":true,"href":"https:\/\/roveyayinevi.com.tr\/index.php\/wp-json\/wp\/v2\/product_tag?post=696594"}],"curies":[{"name":"wp","href":"https:\/\/api.w.org\/{rel}","templated":true}]}}