{"id":696592,"date":"2025-08-27T14:35:36","date_gmt":"2025-08-27T11:35:36","guid":{"rendered":"https:\/\/roveyayinevi.com.tr\/index.php\/urun\/bilim-ve-teknoloji-tarihi\/"},"modified":"2026-04-13T02:07:37","modified_gmt":"2026-04-12T23:07:37","slug":"bilim-ve-teknoloji-tarihi","status":"publish","type":"product","link":"https:\/\/roveyayinevi.com.tr\/index.php\/urun\/bilim-ve-teknoloji-tarihi\/","title":{"rendered":"Bilim ve Teknoloji Tarihi"},"content":{"rendered":"<p>Genel d\u00fcnya bilim tarihinin verilmesi ama\u00e7lanan kitapta Cumhuriyet d\u00f6neminde \u00fclkemizdeki bilimsel ve teknolojik geli\u015fmelere de ayr\u0131 bir b\u00f6l\u00fcm ayr\u0131lm\u0131\u015ft\u0131r. Ayr\u0131ca okuyucunun bilime ilgisini art\u0131rma amac\u0131yla bilimsel ara\u015ft\u0131rma sonu\u00e7lar\u0131n\u0131n \u00fclke kalk\u0131nmas\u0131na katk\u0131s\u0131 a\u00e7\u0131s\u0131ndan &#8220;bilimsel ara\u015ft\u0131rmadan teknolojiye&#8221; ba\u015fl\u0131\u011f\u0131nda yazar\u0131n yay\u0131nlad\u0131\u011f\u0131 baz\u0131 makaleler de eklendi. Kitab\u0131n ilgiyle okunaca\u011f\u0131n\u0131 umar\u0131z. <\/p>\n","protected":false},"excerpt":{"rendered":"<p>Genel d\u00fcnya bilim tarihinin verilmesi ama\u00e7lanan kitapta Cumhuriyet d\u00f6neminde \u00fclkemizdeki bilimsel ve teknolojik geli\u015fmelere de ayr\u0131 bir b\u00f6l\u00fcm ayr\u0131lm\u0131\u015ft\u0131r. Ayr\u0131ca okuyucunun bilime ilgisini art\u0131rma amac\u0131yla bilimsel<span class=\"excerpt-hellip\"> [\u2026]<\/span><\/p>\n","protected":false},"featured_media":0,"template":"","meta":{"_monsterinsights_skip_tracking":false,"_monsterinsights_sitenote_active":false,"_monsterinsights_sitenote_note":"","_monsterinsights_sitenote_category":0},"product_brand":[],"product_cat":[13005,15998],"product_tag":[],"class_list":{"0":"post-696592","1":"product","2":"type-product","3":"status-publish","5":"product_cat-bilim-muhendislik","6":"product_cat-bilim-tarihi","7":"pa_cilt-ciltsiz","8":"pa_tur-kitap","9":"pa_yayinevi-ani-yayincilik","10":"pa_yazar-mehmet-dogan","12":"first","13":"instock","14":"sale","15":"shipping-taxable","16":"purchasable","17":"product-type-simple"},"_links":{"self":[{"href":"https:\/\/roveyayinevi.com.tr\/index.php\/wp-json\/wp\/v2\/product\/696592","targetHints":{"allow":["GET"]}}],"collection":[{"href":"https:\/\/roveyayinevi.com.tr\/index.php\/wp-json\/wp\/v2\/product"}],"about":[{"href":"https:\/\/roveyayinevi.com.tr\/index.php\/wp-json\/wp\/v2\/types\/product"}],"wp:attachment":[{"href":"https:\/\/roveyayinevi.com.tr\/index.php\/wp-json\/wp\/v2\/media?parent=696592"}],"wp:term":[{"taxonomy":"product_brand","embeddable":true,"href":"https:\/\/roveyayinevi.com.tr\/index.php\/wp-json\/wp\/v2\/product_brand?post=696592"},{"taxonomy":"product_cat","embeddable":true,"href":"https:\/\/roveyayinevi.com.tr\/index.php\/wp-json\/wp\/v2\/product_cat?post=696592"},{"taxonomy":"product_tag","embeddable":true,"href":"https:\/\/roveyayinevi.com.tr\/index.php\/wp-json\/wp\/v2\/product_tag?post=696592"}],"curies":[{"name":"wp","href":"https:\/\/api.w.org\/{rel}","templated":true}]}}