{"id":696591,"date":"2025-08-27T14:35:35","date_gmt":"2025-08-27T11:35:35","guid":{"rendered":"https:\/\/roveyayinevi.com.tr\/index.php\/urun\/baykan-sezerin-sosyoloji-anlayisi\/"},"modified":"2026-04-16T02:06:23","modified_gmt":"2026-04-15T23:06:23","slug":"baykan-sezerin-sosyoloji-anlayisi","status":"publish","type":"product","link":"https:\/\/roveyayinevi.com.tr\/index.php\/urun\/baykan-sezerin-sosyoloji-anlayisi\/","title":{"rendered":"Baykan Sezer\u2019in Sosyoloji Anlay\u0131\u015f\u0131"},"content":{"rendered":"<p>Baykan Sezer, Bat\u0131 sosyolojisi endeksli sosyolojimizin ger\u00e7ek y\u00fcz\u00fcn\u00fc if\u015fa etmi\u015f, Bat\u0131c\u0131 sosyologlar\u0131m\u0131z\u0131n onun vesayeti alt\u0131nda bulundu\u011funu bildirmi\u015ftir. Bat\u0131c\u0131 sosyologlar\u0131m\u0131z T\u00fcrk toplumunu a\u00e7\u0131klamada ve \u00e7\u0131karlar\u0131n\u0131 savunmada \u00e7amura yatm\u0131\u015flard\u0131r. Bug\u00fcn T\u00fcrkiye&#8217;de Bat\u0131 sosyolojisini ad\u0131m ad\u0131m takip etmi\u015f ve kendi gelene\u011finden mahrum bir sosyoloji anlay\u0131\u015f\u0131 egemendir. Baykan Sezer, yerli olan Kemal Tahir&#8217;in d\u00fc\u015f\u00fcnce sisteminden hareketle T\u00fcrk toplumuna, tarihine ve ger\u00e7e\u011fine y\u00f6nelmi\u015ftir. Bat\u0131&#8217;da ortaya at\u0131lan yeni kuramlar ve modeller kar\u015f\u0131s\u0131nda Do\u011fu&#8217;nun Bat\u0131&#8217;ya kar\u015f\u0131 kendi cephesinden cevab\u0131 Kemal Tahir ve Baykan Sezer&#8217;den gelmi\u015ftir. \ufffc<\/p>\n","protected":false},"excerpt":{"rendered":"<p>Baykan Sezer, Bat\u0131 sosyolojisi endeksli sosyolojimizin ger\u00e7ek y\u00fcz\u00fcn\u00fc if\u015fa etmi\u015f, Bat\u0131c\u0131 sosyologlar\u0131m\u0131z\u0131n onun vesayeti alt\u0131nda bulundu\u011funu bildirmi\u015ftir. Bat\u0131c\u0131 sosyologlar\u0131m\u0131z T\u00fcrk toplumunu a\u00e7\u0131klamada ve \u00e7\u0131karlar\u0131n\u0131 savunmada \u00e7amura<span class=\"excerpt-hellip\"> [\u2026]<\/span><\/p>\n","protected":false},"featured_media":0,"template":"","meta":{"_monsterinsights_skip_tracking":false,"_monsterinsights_sitenote_active":false,"_monsterinsights_sitenote_note":"","_monsterinsights_sitenote_category":0},"product_brand":[],"product_cat":[12835,12324],"product_tag":[],"class_list":{"0":"post-696591","1":"product","2":"type-product","3":"status-publish","5":"product_cat-genel-sosyoloji","6":"product_cat-sosyoloji","7":"pa_cilt-ciltsiz","8":"pa_tur-kitap","9":"pa_yayinevi-ani-yayincilik","10":"pa_yazar-sezgin-kizilcelik","12":"first","13":"instock","14":"sale","15":"shipping-taxable","16":"purchasable","17":"product-type-simple"},"_links":{"self":[{"href":"https:\/\/roveyayinevi.com.tr\/index.php\/wp-json\/wp\/v2\/product\/696591","targetHints":{"allow":["GET"]}}],"collection":[{"href":"https:\/\/roveyayinevi.com.tr\/index.php\/wp-json\/wp\/v2\/product"}],"about":[{"href":"https:\/\/roveyayinevi.com.tr\/index.php\/wp-json\/wp\/v2\/types\/product"}],"wp:attachment":[{"href":"https:\/\/roveyayinevi.com.tr\/index.php\/wp-json\/wp\/v2\/media?parent=696591"}],"wp:term":[{"taxonomy":"product_brand","embeddable":true,"href":"https:\/\/roveyayinevi.com.tr\/index.php\/wp-json\/wp\/v2\/product_brand?post=696591"},{"taxonomy":"product_cat","embeddable":true,"href":"https:\/\/roveyayinevi.com.tr\/index.php\/wp-json\/wp\/v2\/product_cat?post=696591"},{"taxonomy":"product_tag","embeddable":true,"href":"https:\/\/roveyayinevi.com.tr\/index.php\/wp-json\/wp\/v2\/product_tag?post=696591"}],"curies":[{"name":"wp","href":"https:\/\/api.w.org\/{rel}","templated":true}]}}