{"id":696587,"date":"2025-08-27T14:35:34","date_gmt":"2025-08-27T11:35:34","guid":{"rendered":"https:\/\/roveyayinevi.com.tr\/index.php\/urun\/kibeleden-pandoraya-kadinin-tarihsel-yenilgisi\/"},"modified":"2026-04-16T02:06:23","modified_gmt":"2026-04-15T23:06:23","slug":"kibeleden-pandoraya-kadinin-tarihsel-yenilgisi","status":"publish","type":"product","link":"https:\/\/roveyayinevi.com.tr\/index.php\/urun\/kibeleden-pandoraya-kadinin-tarihsel-yenilgisi\/","title":{"rendered":"Kibele\u2019den Pandora\u2019ya Kad\u0131n\u0131n Tarihsel Yenilgisi"},"content":{"rendered":"<p>&#8220;\u00d6nemliydi, de\u011ferliydi, g\u00fc\u00e7l\u00fcyd\u00fc, \u00fcst\u00fcnd\u00fc, ama otoriter bir hegemon de\u011fildi. O, sevilen, say\u0131lan, koruyucu, \u00fcretken, merhametli ve ayn\u0131 zamanda b\u00fcy\u00fcl\u00fc g\u00fc\u00e7ler ta\u015f\u0131yan, toplumun atas\u0131 bir tanr\u0131\u00e7ayd\u0131.&#8221;Ana hukukundan baba hukukuna, kad\u0131n egemenli\u011finden erkek egemenli\u011fine, bereket sa\u00e7an Ana Tanr\u0131\u00e7a\u2019dan k\u00f6t\u00fcl\u00fck da\u011f\u0131tan Pandora\u2019ya&#8230;\u00c7a\u011flar boyunca ba\u015f tac\u0131 edilen, topluluk ya\u015fam\u0131n\u0131n temeli say\u0131lan kad\u0131n, nas\u0131l oldu da ataerkil de\u011ferlerin k\u00f6lesi haline geldi? Erkek, tarihin hangi noktas\u0131nda ve hangi d\u00fcrt\u00fclerle kad\u0131n\u0131 geri plana itti?Ara\u015ft\u0131rmac\u0131 yazar Pervin Erbil, kad\u0131n\u0131n toplumsal konumundaki de\u011fi\u015fime \u00e7e\u015fitli a\u00e7\u0131lardan bakt\u0131\u011f\u0131 bu \u00e7al\u0131\u015fmas\u0131nda akademik birikimini edebi bir dille sunuyor. \u0130nsanl\u0131\u011f\u0131n geli\u015fim \u00e7izgisini bir de kad\u0131n ile erkek ve kad\u0131n ile toplum ili\u015fkileri ba\u011flam\u0131nda izleyip g\u00f6rmek isteyenlere&#8230;<\/p>\n","protected":false},"excerpt":{"rendered":"<p>&#8220;\u00d6nemliydi, de\u011ferliydi, g\u00fc\u00e7l\u00fcyd\u00fc, \u00fcst\u00fcnd\u00fc, ama otoriter bir hegemon de\u011fildi. O, sevilen, say\u0131lan, koruyucu, \u00fcretken, merhametli ve ayn\u0131 zamanda b\u00fcy\u00fcl\u00fc g\u00fc\u00e7ler ta\u015f\u0131yan, toplumun atas\u0131 bir tanr\u0131\u00e7ayd\u0131.&#8221;Ana hukukundan<span class=\"excerpt-hellip\"> [\u2026]<\/span><\/p>\n","protected":false},"featured_media":0,"template":"","meta":{"_monsterinsights_skip_tracking":false,"_monsterinsights_sitenote_active":false,"_monsterinsights_sitenote_note":"","_monsterinsights_sitenote_category":0},"product_brand":[],"product_cat":[12312,12304],"product_tag":[],"class_list":{"0":"post-696587","1":"product","2":"type-product","3":"status-publish","5":"product_cat-diger","6":"product_cat-tarih","7":"pa_cilt-ciltsiz","8":"pa_tur-kitap","9":"pa_yayinevi-arkadas-yayinlari","10":"pa_yazar-pervin-erbil","12":"first","13":"instock","14":"sale","15":"shipping-taxable","16":"purchasable","17":"product-type-simple"},"_links":{"self":[{"href":"https:\/\/roveyayinevi.com.tr\/index.php\/wp-json\/wp\/v2\/product\/696587","targetHints":{"allow":["GET"]}}],"collection":[{"href":"https:\/\/roveyayinevi.com.tr\/index.php\/wp-json\/wp\/v2\/product"}],"about":[{"href":"https:\/\/roveyayinevi.com.tr\/index.php\/wp-json\/wp\/v2\/types\/product"}],"wp:attachment":[{"href":"https:\/\/roveyayinevi.com.tr\/index.php\/wp-json\/wp\/v2\/media?parent=696587"}],"wp:term":[{"taxonomy":"product_brand","embeddable":true,"href":"https:\/\/roveyayinevi.com.tr\/index.php\/wp-json\/wp\/v2\/product_brand?post=696587"},{"taxonomy":"product_cat","embeddable":true,"href":"https:\/\/roveyayinevi.com.tr\/index.php\/wp-json\/wp\/v2\/product_cat?post=696587"},{"taxonomy":"product_tag","embeddable":true,"href":"https:\/\/roveyayinevi.com.tr\/index.php\/wp-json\/wp\/v2\/product_tag?post=696587"}],"curies":[{"name":"wp","href":"https:\/\/api.w.org\/{rel}","templated":true}]}}