{"id":696582,"date":"2025-08-27T14:35:33","date_gmt":"2025-08-27T11:35:33","guid":{"rendered":"https:\/\/roveyayinevi.com.tr\/index.php\/urun\/burokrasi-ve-otorite\/"},"modified":"2026-04-16T02:06:23","modified_gmt":"2026-04-15T23:06:23","slug":"burokrasi-ve-otorite","status":"publish","type":"product","link":"https:\/\/roveyayinevi.com.tr\/index.php\/urun\/burokrasi-ve-otorite\/","title":{"rendered":"B\u00fcrokrasi ve Otorite"},"content":{"rendered":"<p>Max Weber, sosyal bilimlerin farkl\u0131 alanlar\u0131nda yapt\u0131\u011f\u0131 \u00e7al\u0131\u015fmalar ile ismini sosyal bilimler literat\u00fcr\u00fcne alt\u0131n harflerle yazd\u0131ran bir d\u00fc\u015f\u00fcn\u00fcrd\u00fcr. Elinizdeki kitap, Weber\u2019in analizlerinde \u00f6nemli bir yer i\u015fgal eden \u2018\u00f6rg\u00fct\u2019 ve \u2018otorite\u2019 kavramlar\u0131n\u0131 okuyucuya birinci elden sunmay\u0131 ama\u00e7lamaktad\u0131r. Hayrete d\u00fc\u015f\u00fcrecek kadar derin ve sa\u011flam analizleriyle, \u2018geleneksel\u2019, \u2018yasal\u2019 ve \u2018karizmatik\u2019 otorite kavramlar\u0131n\u0131 inceleyen Weber, modern toplumun en \u00f6nemli yap\u0131lanmas\u0131 olan b\u00fcrokrasi mekanizmas\u0131n\u0131n i\u015fleyi\u015fini net bir \u015fekilde g\u00f6zler \u00f6n\u00fcne seriyor. Weber\u2019in \u00f6rg\u00fctler ve otoriteye dair g\u00f6r\u00fc\u015fleri konuyla ilgilenenler i\u00e7in ger\u00e7ek bir klasik kaynak konumunda. <\/p>\n","protected":false},"excerpt":{"rendered":"<p>Max Weber, sosyal bilimlerin farkl\u0131 alanlar\u0131nda yapt\u0131\u011f\u0131 \u00e7al\u0131\u015fmalar ile ismini sosyal bilimler literat\u00fcr\u00fcne alt\u0131n harflerle yazd\u0131ran bir d\u00fc\u015f\u00fcn\u00fcrd\u00fcr. Elinizdeki kitap, Weber\u2019in analizlerinde \u00f6nemli bir yer i\u015fgal<span class=\"excerpt-hellip\"> [\u2026]<\/span><\/p>\n","protected":false},"featured_media":0,"template":"","meta":{"_monsterinsights_skip_tracking":false,"_monsterinsights_sitenote_active":false,"_monsterinsights_sitenote_note":"","_monsterinsights_sitenote_category":0},"product_brand":[],"product_cat":[12389,12388],"product_tag":[],"class_list":{"0":"post-696582","1":"product","2":"type-product","3":"status-publish","5":"product_cat-diger-felsefe","6":"product_cat-felsefe","7":"pa_cilt-ciltsiz","8":"pa_tur-kitap","9":"pa_yayinevi-adres-yayinlari","10":"pa_yazar-max-weber","12":"first","13":"instock","14":"sale","15":"shipping-taxable","16":"purchasable","17":"product-type-simple"},"_links":{"self":[{"href":"https:\/\/roveyayinevi.com.tr\/index.php\/wp-json\/wp\/v2\/product\/696582","targetHints":{"allow":["GET"]}}],"collection":[{"href":"https:\/\/roveyayinevi.com.tr\/index.php\/wp-json\/wp\/v2\/product"}],"about":[{"href":"https:\/\/roveyayinevi.com.tr\/index.php\/wp-json\/wp\/v2\/types\/product"}],"wp:attachment":[{"href":"https:\/\/roveyayinevi.com.tr\/index.php\/wp-json\/wp\/v2\/media?parent=696582"}],"wp:term":[{"taxonomy":"product_brand","embeddable":true,"href":"https:\/\/roveyayinevi.com.tr\/index.php\/wp-json\/wp\/v2\/product_brand?post=696582"},{"taxonomy":"product_cat","embeddable":true,"href":"https:\/\/roveyayinevi.com.tr\/index.php\/wp-json\/wp\/v2\/product_cat?post=696582"},{"taxonomy":"product_tag","embeddable":true,"href":"https:\/\/roveyayinevi.com.tr\/index.php\/wp-json\/wp\/v2\/product_tag?post=696582"}],"curies":[{"name":"wp","href":"https:\/\/api.w.org\/{rel}","templated":true}]}}