{"id":696578,"date":"2025-08-27T14:35:32","date_gmt":"2025-08-27T11:35:32","guid":{"rendered":"https:\/\/roveyayinevi.com.tr\/index.php\/urun\/yabancilara-turkce-ogretimi\/"},"modified":"2026-04-16T02:06:23","modified_gmt":"2026-04-15T23:06:23","slug":"yabancilara-turkce-ogretimi","status":"publish","type":"product","link":"https:\/\/roveyayinevi.com.tr\/index.php\/urun\/yabancilara-turkce-ogretimi\/","title":{"rendered":"Yabanc\u0131lara T\u00fcrk\u00e7e \u00d6\u011fretimi"},"content":{"rendered":"<p>Yabanc\u0131 Dil Olarak T\u00fcrk\u00e7e e\u011fitimi \u00fclkemizde son zamanlarda \u00f6nem kazanmaya ba\u015flayan bir aland\u0131r. \u00d6zellikle Avrupa\u2019da ve T\u00fcrk cumhuriyetlerinde T\u00fcrk\u00e7e\u2019ye kar\u015f\u0131 artan ilginin sonucu olarak, bu alanda tart\u0131\u015fma ve ara\u015ft\u0131rmalar\u0131n h\u0131zland\u0131\u011f\u0131 g\u00f6zlemlenmi\u015ftir. Ancak bu tart\u0131\u015fma ve ara\u015ft\u0131rma ortam\u0131na katk\u0131da bulunabilecek yeterli say\u0131da yap\u0131t bulunmamas\u0131 \u00f6nemli bir eksiklik olarak g\u00f6r\u00fclmektedir. Bu y\u00fczden, bu kitap bir ba\u015flang\u0131\u00e7 olarak bu eksikli\u011fi biraz olsun gidermeyi ama\u00e7lamaktad\u0131r. Bu ama\u00e7la, farkl\u0131 \u00fclkelerden ve \u00fcniversitelerden bir araya gelen ara\u015ft\u0131rmac\u0131 yazarlar kitab\u0131n farkl\u0131 b\u00f6l\u00fcmlerinde Yabanc\u0131 Dil Olarak T\u00fcrk\u00e7e alan\u0131n\u0131n politika, y\u00f6ntembilim ve beceri boyutlar\u0131n\u0131 irdelemeye \u00e7al\u0131\u015fmaktad\u0131rlar. \ufffc<\/p>\n","protected":false},"excerpt":{"rendered":"<p>Yabanc\u0131 Dil Olarak T\u00fcrk\u00e7e e\u011fitimi \u00fclkemizde son zamanlarda \u00f6nem kazanmaya ba\u015flayan bir aland\u0131r. \u00d6zellikle Avrupa\u2019da ve T\u00fcrk cumhuriyetlerinde T\u00fcrk\u00e7e\u2019ye kar\u015f\u0131 artan ilginin sonucu olarak, bu alanda<span class=\"excerpt-hellip\"> [\u2026]<\/span><\/p>\n","protected":false},"featured_media":0,"template":"","meta":{"_monsterinsights_skip_tracking":false,"_monsterinsights_sitenote_active":false,"_monsterinsights_sitenote_note":"","_monsterinsights_sitenote_category":0},"product_brand":[],"product_cat":[14597,12566],"product_tag":[],"class_list":{"0":"post-696578","1":"product","2":"type-product","3":"status-publish","5":"product_cat-dil-ogrenimi","6":"product_cat-egitim","7":"pa_cilt-ciltsiz","8":"pa_tur-kitap","9":"pa_yayinevi-ani-yayincilik","10":"pa_yazar-derya-yayli","12":"first","13":"instock","14":"sale","15":"shipping-taxable","16":"purchasable","17":"product-type-simple"},"_links":{"self":[{"href":"https:\/\/roveyayinevi.com.tr\/index.php\/wp-json\/wp\/v2\/product\/696578","targetHints":{"allow":["GET"]}}],"collection":[{"href":"https:\/\/roveyayinevi.com.tr\/index.php\/wp-json\/wp\/v2\/product"}],"about":[{"href":"https:\/\/roveyayinevi.com.tr\/index.php\/wp-json\/wp\/v2\/types\/product"}],"wp:attachment":[{"href":"https:\/\/roveyayinevi.com.tr\/index.php\/wp-json\/wp\/v2\/media?parent=696578"}],"wp:term":[{"taxonomy":"product_brand","embeddable":true,"href":"https:\/\/roveyayinevi.com.tr\/index.php\/wp-json\/wp\/v2\/product_brand?post=696578"},{"taxonomy":"product_cat","embeddable":true,"href":"https:\/\/roveyayinevi.com.tr\/index.php\/wp-json\/wp\/v2\/product_cat?post=696578"},{"taxonomy":"product_tag","embeddable":true,"href":"https:\/\/roveyayinevi.com.tr\/index.php\/wp-json\/wp\/v2\/product_tag?post=696578"}],"curies":[{"name":"wp","href":"https:\/\/api.w.org\/{rel}","templated":true}]}}