{"id":696577,"date":"2025-08-27T14:35:32","date_gmt":"2025-08-27T11:35:32","guid":{"rendered":"https:\/\/roveyayinevi.com.tr\/index.php\/urun\/bilimsel-yonetimin-ilkeleri\/"},"modified":"2026-04-16T02:06:23","modified_gmt":"2026-04-15T23:06:23","slug":"bilimsel-yonetimin-ilkeleri","status":"publish","type":"product","link":"https:\/\/roveyayinevi.com.tr\/index.php\/urun\/bilimsel-yonetimin-ilkeleri\/","title":{"rendered":"Bilimsel Y\u00f6netimin \u0130lkeleri"},"content":{"rendered":"<p>&#8216;Maddi kaynaklar\u0131n t\u00fckeni\u015fini g\u00f6r\u00fcp hissedebiliriz. Fakat insanlar\u0131n beceriksizce, verimsiz, yanl\u0131\u015f y\u00f6nlendirilirmi\u015f hareketleri arkalar\u0131nda g\u00f6zle g\u00f6r\u00fclen veya hissedilen hi\u00e7bir \u015fey b\u0131rakmazlar.&#8217; F.W. Taylor, s\u0131nai alanda insanl\u0131k tarihinin en muazzam geli\u015fmelerinin ya\u015fand\u0131\u011f\u0131 20. y\u00fczy\u0131l\u0131n \u015fekillenmesinde, geli\u015ftirdi\u011fi &#8220;bilimsel y\u00f6netim &#8221; usulleriyle \u00f6nemli bir rol oynam\u0131\u015ft\u0131r. Adam Smith&#8217;in dikkat \u00e7ekti\u011fi i\u015fb\u00f6l\u00fcm\u00fcn\u00fc, bu defa \u00fcretkenli\u011fi de en y\u00fcksek d\u00fczeye \u00e7\u0131karacak \u015fekilde, ele alan Amerikal\u0131 m\u00fchendis, yap\u0131lan i\u015fi ilk defa detayl\u0131 \u015fekilde analiz etmi\u015f, uygulamaya koydu\u011fu y\u00f6ntemle, patronlar ve \u00e7al\u0131\u015fanlar i\u00e7in b\u00fcy\u00fck bir \u00f6nem arz eden, muazzam verimlilik art\u0131\u015flar\u0131 sa\u011flayarak ge\u00e7ti\u011fimiz y\u00fczy\u0131l\u0131n etkili isimleri aras\u0131ndaki hakl\u0131 yerini alm\u0131\u015ft\u0131r. Bilimsel Y\u00f6netimin ilkeleri, Taylor&#8217;\u0131n sistemini en a\u00e7\u0131k \u015fekilde ortaya koyan, yaz\u0131l\u0131\u015f\u0131n\u0131n \u00fcst\u00fcnden ge\u00e7en bir asra ra\u011fmen ge\u00e7erlili\u011fini h\u00e2len koruyan bir kl\u00e2sk olarak y\u00f6netim bilimi literat\u00fcr\u00fcnde itibarl\u0131 bir yeri hak ediyor. <\/p>\n","protected":false},"excerpt":{"rendered":"<p>&#8216;Maddi kaynaklar\u0131n t\u00fckeni\u015fini g\u00f6r\u00fcp hissedebiliriz. Fakat insanlar\u0131n beceriksizce, verimsiz, yanl\u0131\u015f y\u00f6nlendirilirmi\u015f hareketleri arkalar\u0131nda g\u00f6zle g\u00f6r\u00fclen veya hissedilen hi\u00e7bir \u015fey b\u0131rakmazlar.&#8217; F.W. Taylor, s\u0131nai alanda insanl\u0131k tarihinin<span class=\"excerpt-hellip\"> [\u2026]<\/span><\/p>\n","protected":false},"featured_media":0,"template":"","meta":{"_monsterinsights_skip_tracking":false,"_monsterinsights_sitenote_active":false,"_monsterinsights_sitenote_note":"","_monsterinsights_sitenote_category":0},"product_brand":[],"product_cat":[22249,13527],"product_tag":[],"class_list":{"0":"post-696577","1":"product","2":"type-product","3":"status-publish","5":"product_cat-bilim","6":"product_cat-sureli-yayinlar","7":"pa_cilt-ciltsiz","8":"pa_tur-kitap","9":"pa_yayinevi-adres-yayinlari","10":"pa_yazar-frederick-winslow-taylor","12":"first","13":"instock","14":"sale","15":"shipping-taxable","16":"purchasable","17":"product-type-simple"},"_links":{"self":[{"href":"https:\/\/roveyayinevi.com.tr\/index.php\/wp-json\/wp\/v2\/product\/696577","targetHints":{"allow":["GET"]}}],"collection":[{"href":"https:\/\/roveyayinevi.com.tr\/index.php\/wp-json\/wp\/v2\/product"}],"about":[{"href":"https:\/\/roveyayinevi.com.tr\/index.php\/wp-json\/wp\/v2\/types\/product"}],"wp:attachment":[{"href":"https:\/\/roveyayinevi.com.tr\/index.php\/wp-json\/wp\/v2\/media?parent=696577"}],"wp:term":[{"taxonomy":"product_brand","embeddable":true,"href":"https:\/\/roveyayinevi.com.tr\/index.php\/wp-json\/wp\/v2\/product_brand?post=696577"},{"taxonomy":"product_cat","embeddable":true,"href":"https:\/\/roveyayinevi.com.tr\/index.php\/wp-json\/wp\/v2\/product_cat?post=696577"},{"taxonomy":"product_tag","embeddable":true,"href":"https:\/\/roveyayinevi.com.tr\/index.php\/wp-json\/wp\/v2\/product_tag?post=696577"}],"curies":[{"name":"wp","href":"https:\/\/api.w.org\/{rel}","templated":true}]}}