{"id":696576,"date":"2025-08-27T14:35:32","date_gmt":"2025-08-27T11:35:32","guid":{"rendered":"https:\/\/roveyayinevi.com.tr\/index.php\/urun\/okul-oncesi-egitimi-ogretmen-adaylari-ve-ogretmenleri-icin-uygulama-kilavuzu\/"},"modified":"2026-04-16T02:06:23","modified_gmt":"2026-04-15T23:06:23","slug":"okul-oncesi-egitimi-ogretmen-adaylari-ve-ogretmenleri-icin-uygulama-kilavuzu","status":"publish","type":"product","link":"https:\/\/roveyayinevi.com.tr\/index.php\/urun\/okul-oncesi-egitimi-ogretmen-adaylari-ve-ogretmenleri-icin-uygulama-kilavuzu\/","title":{"rendered":"Okul \u00d6ncesi E\u011fitimi \u00d6\u011fretmen Adaylar\u0131 ve \u00d6\u011fretmenleri \u0130\u00e7in Uygulama K\u0131lavuzu"},"content":{"rendered":"<p>Bu kitap, fak\u00fclte ve okullar aras\u0131nda kurulmas\u0131 tasarlanan sa\u011flam ve dinamik bir i\u015fbirli\u011fi sayesinde \u00f6\u011fretim elemanlar\u0131n\u0131n ve okuldaki \u00f6\u011fretmenlerin ihtiya\u00e7 duyduklar\u0131 konularda birbirlerinden yararlanmalar\u0131na imkan tan\u0131mas\u0131na da rehberlik edecek Y\u00f6K\/ D\u00fcnya Bankas\u0131 Milli E\u011fitimi Geli\u015ftirme projesi \u00e7er\u00e7evesinde haz\u0131rlanan ve e\u011fitim fak\u00fcltelerinin yeniden d\u00fczenlenmesi \u00e7al\u0131\u015fmalar\u0131 neticesinde g\u00fcndeme gelen Fak\u00fclte-Okul i\u015fbirli\u011fi kitab\u0131 temel al\u0131narak haz\u0131rlanm\u0131\u015f ve okul\u00f6ncesi E\u011fitimi \u00f6\u011fretmen adaylar\u0131na rehberlik edece\u011fi d\u00fc\u015f\u00fcn\u00fclm\u00fc\u015ft\u00fcr. \ufffcTan\u0131t\u0131m Metni<\/p>\n","protected":false},"excerpt":{"rendered":"<p>Bu kitap, fak\u00fclte ve okullar aras\u0131nda kurulmas\u0131 tasarlanan sa\u011flam ve dinamik bir i\u015fbirli\u011fi sayesinde \u00f6\u011fretim elemanlar\u0131n\u0131n ve okuldaki \u00f6\u011fretmenlerin ihtiya\u00e7 duyduklar\u0131 konularda birbirlerinden yararlanmalar\u0131na imkan tan\u0131mas\u0131na<span class=\"excerpt-hellip\"> [\u2026]<\/span><\/p>\n","protected":false},"featured_media":0,"template":"","meta":{"_monsterinsights_skip_tracking":false,"_monsterinsights_sitenote_active":false,"_monsterinsights_sitenote_note":"","_monsterinsights_sitenote_category":0},"product_brand":[],"product_cat":[12274,15842],"product_tag":[],"class_list":{"0":"post-696576","1":"product","2":"type-product","3":"status-publish","5":"product_cat-cocuk-ve-genclik-kitaplari","6":"product_cat-egitici-kitaplar","7":"pa_cilt-ciltsiz","8":"pa_tur-kitap","9":"pa_yayinevi-ani-yayincilik","10":"pa_yazar-ersin-sahin","12":"first","13":"instock","14":"sale","15":"shipping-taxable","16":"purchasable","17":"product-type-simple"},"_links":{"self":[{"href":"https:\/\/roveyayinevi.com.tr\/index.php\/wp-json\/wp\/v2\/product\/696576","targetHints":{"allow":["GET"]}}],"collection":[{"href":"https:\/\/roveyayinevi.com.tr\/index.php\/wp-json\/wp\/v2\/product"}],"about":[{"href":"https:\/\/roveyayinevi.com.tr\/index.php\/wp-json\/wp\/v2\/types\/product"}],"wp:attachment":[{"href":"https:\/\/roveyayinevi.com.tr\/index.php\/wp-json\/wp\/v2\/media?parent=696576"}],"wp:term":[{"taxonomy":"product_brand","embeddable":true,"href":"https:\/\/roveyayinevi.com.tr\/index.php\/wp-json\/wp\/v2\/product_brand?post=696576"},{"taxonomy":"product_cat","embeddable":true,"href":"https:\/\/roveyayinevi.com.tr\/index.php\/wp-json\/wp\/v2\/product_cat?post=696576"},{"taxonomy":"product_tag","embeddable":true,"href":"https:\/\/roveyayinevi.com.tr\/index.php\/wp-json\/wp\/v2\/product_tag?post=696576"}],"curies":[{"name":"wp","href":"https:\/\/api.w.org\/{rel}","templated":true}]}}