{"id":696573,"date":"2025-08-27T14:35:31","date_gmt":"2025-08-27T11:35:31","guid":{"rendered":"https:\/\/roveyayinevi.com.tr\/index.php\/urun\/sosyolojiye-giris\/"},"modified":"2026-04-16T02:06:23","modified_gmt":"2026-04-15T23:06:23","slug":"sosyolojiye-giris","status":"publish","type":"product","link":"https:\/\/roveyayinevi.com.tr\/index.php\/urun\/sosyolojiye-giris\/","title":{"rendered":"Sosyolojiye Giri\u015f"},"content":{"rendered":"<p>T\u00fcrkiye\u2019de sosyoloji e\u011fitiminin, sosyologlar\u0131n g\u00fc\u00e7l\u00fckleri vard\u0131r. Bu g\u00fc\u00e7l\u00fckleri a\u015fman\u0131n en kolay yolu, g\u00fc\u00e7l\u00fckleri iyi bilmek ve do\u011fru \u00e7\u00f6z\u00fcmler \u00fcreterek uygulanmas\u0131n\u0131 sa\u011flamaktad\u0131r. Ge\u00e7mi\u015fi \u00e7ok eski olmayan sosyoloji ve bu mesle\u011fin uygulay\u0131c\u0131lar\u0131 olan sosyologlar, toplumu ilgilendiren toplumsal sorunlar\u0131 ortaya \u00e7\u0131kararak bu sorunlara \u00e7\u00f6z\u00fcmler arayan, se\u00e7enekler s\u0131ralayan, elde edilen bulgular\u0131 topluma sunmay\u0131 g\u00f6rev kabul eden meslek grubudur. Bu kitap, sosyoloji e\u011fitiminde yeni sosyologlar\u0131n yeti\u015fmesinde katk\u0131da bulunmak amac\u0131yla haz\u0131rlanm\u0131\u015ft\u0131r. Temennimiz, T\u00fcrk sosyolojisinin varl\u0131\u011f\u0131n\u0131 ara\u015ft\u0131r\u0131p, sorgulayan yeni sosyologlar\u0131n yeti\u015ftirilmesidir.<\/p>\n","protected":false},"excerpt":{"rendered":"<p>T\u00fcrkiye\u2019de sosyoloji e\u011fitiminin, sosyologlar\u0131n g\u00fc\u00e7l\u00fckleri vard\u0131r. Bu g\u00fc\u00e7l\u00fckleri a\u015fman\u0131n en kolay yolu, g\u00fc\u00e7l\u00fckleri iyi bilmek ve do\u011fru \u00e7\u00f6z\u00fcmler \u00fcreterek uygulanmas\u0131n\u0131 sa\u011flamaktad\u0131r. Ge\u00e7mi\u015fi \u00e7ok eski olmayan sosyoloji<span class=\"excerpt-hellip\"> [\u2026]<\/span><\/p>\n","protected":false},"featured_media":0,"template":"","meta":{"_monsterinsights_skip_tracking":false,"_monsterinsights_sitenote_active":false,"_monsterinsights_sitenote_note":"","_monsterinsights_sitenote_category":0},"product_brand":[],"product_cat":[12324,27533],"product_tag":[],"class_list":{"0":"post-696573","1":"product","2":"type-product","3":"status-publish","5":"product_cat-sosyoloji","6":"product_cat-sosyolojiye-giris","7":"pa_cilt-ciltsiz","8":"pa_tur-kitap","9":"pa_yayinevi-ani-yayincilik","10":"pa_yazar-gonul-icli","12":"first","13":"instock","14":"sale","15":"shipping-taxable","16":"purchasable","17":"product-type-simple"},"_links":{"self":[{"href":"https:\/\/roveyayinevi.com.tr\/index.php\/wp-json\/wp\/v2\/product\/696573","targetHints":{"allow":["GET"]}}],"collection":[{"href":"https:\/\/roveyayinevi.com.tr\/index.php\/wp-json\/wp\/v2\/product"}],"about":[{"href":"https:\/\/roveyayinevi.com.tr\/index.php\/wp-json\/wp\/v2\/types\/product"}],"wp:attachment":[{"href":"https:\/\/roveyayinevi.com.tr\/index.php\/wp-json\/wp\/v2\/media?parent=696573"}],"wp:term":[{"taxonomy":"product_brand","embeddable":true,"href":"https:\/\/roveyayinevi.com.tr\/index.php\/wp-json\/wp\/v2\/product_brand?post=696573"},{"taxonomy":"product_cat","embeddable":true,"href":"https:\/\/roveyayinevi.com.tr\/index.php\/wp-json\/wp\/v2\/product_cat?post=696573"},{"taxonomy":"product_tag","embeddable":true,"href":"https:\/\/roveyayinevi.com.tr\/index.php\/wp-json\/wp\/v2\/product_tag?post=696573"}],"curies":[{"name":"wp","href":"https:\/\/api.w.org\/{rel}","templated":true}]}}