{"id":696571,"date":"2025-08-27T14:35:31","date_gmt":"2025-08-27T11:35:31","guid":{"rendered":"https:\/\/roveyayinevi.com.tr\/index.php\/urun\/wissen-und-konnen-ausgewahlte-schriften-zur-germanistik\/"},"modified":"2026-04-16T02:06:22","modified_gmt":"2026-04-15T23:06:22","slug":"wissen-und-konnen-ausgewahlte-schriften-zur-germanistik","status":"publish","type":"product","link":"https:\/\/roveyayinevi.com.tr\/index.php\/urun\/wissen-und-konnen-ausgewahlte-schriften-zur-germanistik\/","title":{"rendered":"Wissen Und K\u00f6nnen Ausgewahlte Schriften Zur Germanistik"},"content":{"rendered":"<p>Kitap yazar\u0131n Almanca ve \u0130ngilizce olarak yapm\u0131\u015f oldu\u011fu bilimsel \u00e7al\u0131\u015fmalar\u0131 i\u00e7ermektedir. \u00c7al\u0131\u015fmalar\u0131n ortak paydas\u0131 Amerika Birle\u015fik Devletleri&#8217;nde yapm\u0131\u015f ve sunmu\u015f oldu\u011fu \u00e7al\u0131\u015fmalar olmas\u0131d\u0131r. Alman Edebiyat\u0131n\u0131n \u00f6nemli yazarlar\u0131ndan olan Johann Wolfgang von Goethe, Friedrich von Schiller, Thomas Mann, Henrich Heine \u00fczerine olan \u00e7al\u0131\u015fmalar \u00f6ne \u00e7\u0131kmaktad\u0131r. <\/p>\n","protected":false},"excerpt":{"rendered":"<p>Kitap yazar\u0131n Almanca ve \u0130ngilizce olarak yapm\u0131\u015f oldu\u011fu bilimsel \u00e7al\u0131\u015fmalar\u0131 i\u00e7ermektedir. \u00c7al\u0131\u015fmalar\u0131n ortak paydas\u0131 Amerika Birle\u015fik Devletleri&#8217;nde yapm\u0131\u015f ve sunmu\u015f oldu\u011fu \u00e7al\u0131\u015fmalar olmas\u0131d\u0131r. Alman Edebiyat\u0131n\u0131n \u00f6nemli<span class=\"excerpt-hellip\"> [\u2026]<\/span><\/p>\n","protected":false},"featured_media":0,"template":"","meta":{"_monsterinsights_skip_tracking":false,"_monsterinsights_sitenote_active":false,"_monsterinsights_sitenote_note":"","_monsterinsights_sitenote_category":0},"product_brand":[],"product_cat":[13072,12291],"product_tag":[],"class_list":{"0":"post-696571","1":"product","2":"type-product","3":"status-publish","5":"product_cat-arastirma-inceleme-referans","6":"product_cat-edebiyat","7":"pa_cilt-ciltsiz","8":"pa_tur-kitap","9":"pa_yayinevi-ani-yayincilik","10":"pa_yazar-ozlem-firtina","12":"first","13":"instock","14":"sale","15":"shipping-taxable","16":"purchasable","17":"product-type-simple"},"_links":{"self":[{"href":"https:\/\/roveyayinevi.com.tr\/index.php\/wp-json\/wp\/v2\/product\/696571","targetHints":{"allow":["GET"]}}],"collection":[{"href":"https:\/\/roveyayinevi.com.tr\/index.php\/wp-json\/wp\/v2\/product"}],"about":[{"href":"https:\/\/roveyayinevi.com.tr\/index.php\/wp-json\/wp\/v2\/types\/product"}],"wp:attachment":[{"href":"https:\/\/roveyayinevi.com.tr\/index.php\/wp-json\/wp\/v2\/media?parent=696571"}],"wp:term":[{"taxonomy":"product_brand","embeddable":true,"href":"https:\/\/roveyayinevi.com.tr\/index.php\/wp-json\/wp\/v2\/product_brand?post=696571"},{"taxonomy":"product_cat","embeddable":true,"href":"https:\/\/roveyayinevi.com.tr\/index.php\/wp-json\/wp\/v2\/product_cat?post=696571"},{"taxonomy":"product_tag","embeddable":true,"href":"https:\/\/roveyayinevi.com.tr\/index.php\/wp-json\/wp\/v2\/product_tag?post=696571"}],"curies":[{"name":"wp","href":"https:\/\/api.w.org\/{rel}","templated":true}]}}