{"id":696567,"date":"2025-08-27T14:35:30","date_gmt":"2025-08-27T11:35:30","guid":{"rendered":"https:\/\/roveyayinevi.com.tr\/index.php\/urun\/ogrenme-ve-bellek\/"},"modified":"2026-04-16T02:06:22","modified_gmt":"2026-04-15T23:06:22","slug":"ogrenme-ve-bellek","status":"publish","type":"product","link":"https:\/\/roveyayinevi.com.tr\/index.php\/urun\/ogrenme-ve-bellek\/","title":{"rendered":"\u00d6\u011frenme ve Bellek"},"content":{"rendered":"<p>\u00d6\u011frenmeyi konu alan bir kitab\u0131n \u00f6\u011frenmeyi kolayla\u015ft\u0131racak unsurlar\u0131 i\u00e7ermesi beklenir. Nitekim bu kitapta, her b\u00f6l\u00fcm konuya ili\u015fkin ana hatlar\u0131n verilmesiyle ba\u015flar ve detayl\u0131 bir konu \u00f6zetiyle biter. Konuyu toparlay\u0131c\u0131 nitelikte paragraflar, b\u00f6l\u00fcmler i\u00e7ine serpi\u015ftirilmi\u015ftir. Baz\u0131 konu ve terimler de\u011fi\u015fik b\u00f6l\u00fcmlerde tekrar edilmi\u015ftir. Bu kitab\u0131n ayr\u0131ca, ders plan\u0131, \u00f6nerilen \u00f6\u011frenci aktiviteleri, video listesi test sorular\u0131n\u0131 i\u00e7eren \u00f6\u011fretmen el kitab\u0131 da mevcuttur. \ufffcTan\u0131t\u0131m Metni<\/p>\n","protected":false},"excerpt":{"rendered":"<p>\u00d6\u011frenmeyi konu alan bir kitab\u0131n \u00f6\u011frenmeyi kolayla\u015ft\u0131racak unsurlar\u0131 i\u00e7ermesi beklenir. Nitekim bu kitapta, her b\u00f6l\u00fcm konuya ili\u015fkin ana hatlar\u0131n verilmesiyle ba\u015flar ve detayl\u0131 bir konu \u00f6zetiyle<span class=\"excerpt-hellip\"> [\u2026]<\/span><\/p>\n","protected":false},"featured_media":0,"template":"","meta":{"_monsterinsights_skip_tracking":false,"_monsterinsights_sitenote_active":false,"_monsterinsights_sitenote_note":"","_monsterinsights_sitenote_category":0},"product_brand":[],"product_cat":[12312,12304],"product_tag":[],"class_list":{"0":"post-696567","1":"product","2":"type-product","3":"status-publish","5":"product_cat-diger","6":"product_cat-tarih","7":"pa_cilt-ciltsiz","8":"pa_tur-kitap","9":"pa_yayinevi-ani-yayincilik","10":"pa_yazar-w-scott-terry","12":"first","13":"instock","14":"sale","15":"shipping-taxable","16":"purchasable","17":"product-type-simple"},"_links":{"self":[{"href":"https:\/\/roveyayinevi.com.tr\/index.php\/wp-json\/wp\/v2\/product\/696567","targetHints":{"allow":["GET"]}}],"collection":[{"href":"https:\/\/roveyayinevi.com.tr\/index.php\/wp-json\/wp\/v2\/product"}],"about":[{"href":"https:\/\/roveyayinevi.com.tr\/index.php\/wp-json\/wp\/v2\/types\/product"}],"wp:attachment":[{"href":"https:\/\/roveyayinevi.com.tr\/index.php\/wp-json\/wp\/v2\/media?parent=696567"}],"wp:term":[{"taxonomy":"product_brand","embeddable":true,"href":"https:\/\/roveyayinevi.com.tr\/index.php\/wp-json\/wp\/v2\/product_brand?post=696567"},{"taxonomy":"product_cat","embeddable":true,"href":"https:\/\/roveyayinevi.com.tr\/index.php\/wp-json\/wp\/v2\/product_cat?post=696567"},{"taxonomy":"product_tag","embeddable":true,"href":"https:\/\/roveyayinevi.com.tr\/index.php\/wp-json\/wp\/v2\/product_tag?post=696567"}],"curies":[{"name":"wp","href":"https:\/\/api.w.org\/{rel}","templated":true}]}}