{"id":696564,"date":"2025-08-27T14:35:29","date_gmt":"2025-08-27T11:35:29","guid":{"rendered":"https:\/\/roveyayinevi.com.tr\/index.php\/urun\/ogrenme-ogretme-kuramlari-ve-surec-temelli-ogretim\/"},"modified":"2026-04-16T02:06:22","modified_gmt":"2026-04-15T23:06:22","slug":"ogrenme-ogretme-kuramlari-ve-surec-temelli-ogretim","status":"publish","type":"product","link":"https:\/\/roveyayinevi.com.tr\/index.php\/urun\/ogrenme-ogretme-kuramlari-ve-surec-temelli-ogretim\/","title":{"rendered":"\u00d6\u011frenme \u00d6\u011fretme Kuramlar\u0131 ve S\u00fcre\u00e7 Temelli \u00d6\u011fretim"},"content":{"rendered":"<p>S\u00fcre\u00e7-temelli \u00f6\u011fretim \u00f6\u011frenme s\u00fcre\u00e7lerinde \u00f6\u011frencilere yard\u0131m etmeyi ama\u00e7layan \u00f6\u011fretim uygulamalar\u0131 i\u00e7in genel bir yelpaze ya da \u015femsiye olarak g\u00f6r\u00fclebilir. ST\u00d6 i\u00e7erik \u00f6\u011fretimi ile \u00f6\u011frenme becerilerini \u00f6\u011fretmeyi birle\u015ftirmi\u015f bir program modelidir. ST\u00d6 \u00f6\u011frencilerin nas\u0131l daha etkili bir \u00f6\u011frenici ve problem \u00e7\u00f6z\u00fcc\u00fc olmalar\u0131n\u0131 ama\u00e7layan ve sa\u011flayan \u00f6\u011frenme-\u00f6\u011fretme kuramlar\u0131n\u0131n \u00f6zelliklerine dayal\u0131 olan bir \u00f6\u011frenme-\u00f6\u011fretme y\u00f6ntem ve stratejileri b\u00fct\u00fcn\u00fcd\u00fcr. Bu kitapta ST\u00d6 hem teorik hem de uygulamal\u0131 olarak ger\u00e7ekle\u015ftirildi\u011fini g\u00f6rmek m\u00fcmk\u00fcn olacakt\u0131r. Alana olumlu bir katk\u0131 sa\u011flayaca\u011f\u0131 d\u00fc\u015f\u00fcncesi ile okuyucunun dikkatine sunulmu\u015ftur. <\/p>\n","protected":false},"excerpt":{"rendered":"<p>S\u00fcre\u00e7-temelli \u00f6\u011fretim \u00f6\u011frenme s\u00fcre\u00e7lerinde \u00f6\u011frencilere yard\u0131m etmeyi ama\u00e7layan \u00f6\u011fretim uygulamalar\u0131 i\u00e7in genel bir yelpaze ya da \u015femsiye olarak g\u00f6r\u00fclebilir. ST\u00d6 i\u00e7erik \u00f6\u011fretimi ile \u00f6\u011frenme becerilerini \u00f6\u011fretmeyi<span class=\"excerpt-hellip\"> [\u2026]<\/span><\/p>\n","protected":false},"featured_media":0,"template":"","meta":{"_monsterinsights_skip_tracking":false,"_monsterinsights_sitenote_active":false,"_monsterinsights_sitenote_note":"","_monsterinsights_sitenote_category":0},"product_brand":[],"product_cat":[12312,12304],"product_tag":[],"class_list":{"0":"post-696564","1":"product","2":"type-product","3":"status-publish","5":"product_cat-diger","6":"product_cat-tarih","7":"pa_cilt-ciltsiz","8":"pa_tur-kitap","9":"pa_yayinevi-ani-yayincilik","10":"pa_yazar-bilal-duman","12":"first","13":"instock","14":"sale","15":"shipping-taxable","16":"purchasable","17":"product-type-simple"},"_links":{"self":[{"href":"https:\/\/roveyayinevi.com.tr\/index.php\/wp-json\/wp\/v2\/product\/696564","targetHints":{"allow":["GET"]}}],"collection":[{"href":"https:\/\/roveyayinevi.com.tr\/index.php\/wp-json\/wp\/v2\/product"}],"about":[{"href":"https:\/\/roveyayinevi.com.tr\/index.php\/wp-json\/wp\/v2\/types\/product"}],"wp:attachment":[{"href":"https:\/\/roveyayinevi.com.tr\/index.php\/wp-json\/wp\/v2\/media?parent=696564"}],"wp:term":[{"taxonomy":"product_brand","embeddable":true,"href":"https:\/\/roveyayinevi.com.tr\/index.php\/wp-json\/wp\/v2\/product_brand?post=696564"},{"taxonomy":"product_cat","embeddable":true,"href":"https:\/\/roveyayinevi.com.tr\/index.php\/wp-json\/wp\/v2\/product_cat?post=696564"},{"taxonomy":"product_tag","embeddable":true,"href":"https:\/\/roveyayinevi.com.tr\/index.php\/wp-json\/wp\/v2\/product_tag?post=696564"}],"curies":[{"name":"wp","href":"https:\/\/api.w.org\/{rel}","templated":true}]}}