{"id":696563,"date":"2025-08-27T14:35:29","date_gmt":"2025-08-27T11:35:29","guid":{"rendered":"https:\/\/roveyayinevi.com.tr\/index.php\/urun\/nitel-arastirmaya-giris\/"},"modified":"2026-04-16T02:06:22","modified_gmt":"2026-04-15T23:06:22","slug":"nitel-arastirmaya-giris","status":"publish","type":"product","link":"https:\/\/roveyayinevi.com.tr\/index.php\/urun\/nitel-arastirmaya-giris\/","title":{"rendered":"Nitel Ara\u015ft\u0131rmaya Giri\u015f"},"content":{"rendered":"<p>Nitel olarak ger\u00e7ekle\u015ftirildi\u011fi ifade edilen ve T\u00fcrk\u00e7e yay\u0131mlanan kimi \u00e7al\u0131\u015fmalar\u0131n nitel paradigman\u0131n kuramsal bak\u0131\u015f a\u00e7\u0131s\u0131na ve s\u00fcre\u00e7lerine uymad\u0131\u011f\u0131 bir s\u0131r de\u011fildir. Kimi T\u00fcrk\u00e7e nitel ara\u015ft\u0131rma metinlerinde nitel ara\u015ft\u0131rman\u0131n do\u011fas\u0131na ayk\u0131r\u0131, nicel bak\u0131\u015f a\u00e7\u0131s\u0131yla yaz\u0131lm\u0131\u015f hatal\u0131 ifadelere yer vermektedir.Nitel ara\u015ft\u0131rma metinlerinde rastlan\u0131lan kavram karga\u015falar\u0131na ve y\u00f6ntem hatalar\u0131na bir\u00e7ok neden g\u00f6sterilebilir. Akademik y\u00fckseltme ko\u015fullar\u0131n\u0131n olu\u015fturdu\u011fu niceli\u011fe dayal\u0131 bask\u0131, nitel ara\u015ft\u0131rma konusundaki T\u00fcrk\u00e7e kaynaklar\u0131n s\u0131n\u0131rl\u0131 say\u0131da olmas\u0131, ara\u015ft\u0131rma yaz\u0131m a\u015famas\u0131nda kaynak olarak eksik ve hatal\u0131 \u00fcretilen ara\u015ft\u0131rmalar\u0131n kullan\u0131lmas\u0131 ve ben yapt\u0131m oldu bi\u00e7imindeki yakla\u015f\u0131mlar\u0131n benimsenmesi olas\u0131 nedenler aras\u0131nda say\u0131labilir.&#8221;Anadolu \u00dcniversitesi&#8217;nden Dr. Pelin Yal\u00e7\u0131no\u011flu benimle ileti\u015fime ge\u00e7ti ve meslekta\u015flar\u0131 ile birlikte zorlu bir projeye giri\u015ftiklerini bana bildirdi: Nitel Ara\u015ft\u0131rmaya Giri\u015f&#8217;i T\u00fcrk\u00e7e&#8217;ye terc\u00fcme etmek. Pelin Yal\u00e7\u0131no\u011flu, Ali Ersoy, Elvan G\u00fcnel, \u015eeng\u00fcl S. Anag\u00fcn, Duygu S\u00f6nmez ve Meltem G\u00f6nden&#8217;in T\u00fcrk\u00e7e nitel ara\u015ft\u0131rma kayna\u011f\u0131na duyulan ihtiyac\u0131 kar\u015f\u0131lamak \u00fczere \u00e7al\u0131\u015fmalar\u0131ndan memnuniyet duydum. Terc\u00fcme etmek \u00fczere benim kitab\u0131m\u0131 se\u00e7mi\u015f olmalar\u0131ndan derin bir onur duyuyorum. Hat\u0131ralar\u0131m\u0131 uyand\u0131ran ve T\u00fcrkiye&#8217;deki insanlarla yeniden ba\u011flant\u0131 kurmam\u0131 sa\u011flayan bu kar\u015f\u0131l\u0131kl\u0131 de\u011fi\u015fime ba\u015flam\u0131\u015f olmam\u0131zdan mutluluk duyuyorum. Umuyorum ki bu kitap arac\u0131l\u0131\u011f\u0131yla ba\u015fkalar\u0131 da hassas bir bi\u00e7imde g\u00f6zlem yaparak ve dinleyerek bilgiyi ve eylemi ilerletme ihtimallerine g\u00fcvenir ve keyif al\u0131rlar. Ve umar\u0131m bu kitap nitel ara\u015ft\u0131rmac\u0131 olma yolculu\u011funuzda size yard\u0131mc\u0131 olur.&#8221;-Corrine Glesne- <\/p>\n","protected":false},"excerpt":{"rendered":"<p>Nitel olarak ger\u00e7ekle\u015ftirildi\u011fi ifade edilen ve T\u00fcrk\u00e7e yay\u0131mlanan kimi \u00e7al\u0131\u015fmalar\u0131n nitel paradigman\u0131n kuramsal bak\u0131\u015f a\u00e7\u0131s\u0131na ve s\u00fcre\u00e7lerine uymad\u0131\u011f\u0131 bir s\u0131r de\u011fildir. Kimi T\u00fcrk\u00e7e nitel ara\u015ft\u0131rma metinlerinde<span class=\"excerpt-hellip\"> [\u2026]<\/span><\/p>\n","protected":false},"featured_media":0,"template":"","meta":{"_monsterinsights_skip_tracking":false,"_monsterinsights_sitenote_active":false,"_monsterinsights_sitenote_note":"","_monsterinsights_sitenote_category":0},"product_brand":[],"product_cat":[12573,12566],"product_tag":[],"class_list":{"0":"post-696563","1":"product","2":"type-product","3":"status-publish","5":"product_cat-akademik-kitaplar","6":"product_cat-egitim","7":"pa_cilt-ciltsiz","8":"pa_tur-kitap","9":"pa_yayinevi-ani-yayincilik","10":"pa_yazar-corrine-glesne","12":"first","13":"instock","14":"sale","15":"shipping-taxable","16":"purchasable","17":"product-type-simple"},"_links":{"self":[{"href":"https:\/\/roveyayinevi.com.tr\/index.php\/wp-json\/wp\/v2\/product\/696563","targetHints":{"allow":["GET"]}}],"collection":[{"href":"https:\/\/roveyayinevi.com.tr\/index.php\/wp-json\/wp\/v2\/product"}],"about":[{"href":"https:\/\/roveyayinevi.com.tr\/index.php\/wp-json\/wp\/v2\/types\/product"}],"wp:attachment":[{"href":"https:\/\/roveyayinevi.com.tr\/index.php\/wp-json\/wp\/v2\/media?parent=696563"}],"wp:term":[{"taxonomy":"product_brand","embeddable":true,"href":"https:\/\/roveyayinevi.com.tr\/index.php\/wp-json\/wp\/v2\/product_brand?post=696563"},{"taxonomy":"product_cat","embeddable":true,"href":"https:\/\/roveyayinevi.com.tr\/index.php\/wp-json\/wp\/v2\/product_cat?post=696563"},{"taxonomy":"product_tag","embeddable":true,"href":"https:\/\/roveyayinevi.com.tr\/index.php\/wp-json\/wp\/v2\/product_tag?post=696563"}],"curies":[{"name":"wp","href":"https:\/\/api.w.org\/{rel}","templated":true}]}}