{"id":696560,"date":"2025-08-27T14:35:28","date_gmt":"2025-08-27T11:35:28","guid":{"rendered":"https:\/\/roveyayinevi.com.tr\/index.php\/urun\/ilkogretimde-drama-kuram-ve-uygulama\/"},"modified":"2026-04-16T02:06:22","modified_gmt":"2026-04-15T23:06:22","slug":"ilkogretimde-drama-kuram-ve-uygulama","status":"publish","type":"product","link":"https:\/\/roveyayinevi.com.tr\/index.php\/urun\/ilkogretimde-drama-kuram-ve-uygulama\/","title":{"rendered":"\u0130lk\u00f6\u011fretimde Drama Kuram Ve Uygulama"},"content":{"rendered":"<p>Toplumlarda de\u011fi\u015fik d\u00fczlemlerde olu\u015fan de\u011fi\u015fim ve d\u00f6n\u00fc\u015f\u00fcmleri, ba\u015fkala\u015fma ve yabanc\u0131la\u015fmaya d\u00fc\u015f\u00fclmeden, ileriye d\u00f6n\u00fck evrilmelere g\u00f6t\u00fcrmesi gereken e\u011fitim dizgeleri (sistemleri), bu beklenen ilerici geli\u015fmeyi zaman zaman ne yaz\u0131k ki ger\u00e7ekle\u015ftirememektedir. Buna kar\u015f\u0131l\u0131k g\u00fcn\u00fcm\u00fcz gereksinimleri a\u00e7\u0131s\u0131ndan bir alternatif \u00f6\u011fretim y\u00f6ntemi olan ve sosyok\u00fclt\u00fcrel bir e\u011fitim s\u00fcreci olu\u015fturan yarat\u0131c\u0131 drama disiplininin, yenilik\u00e7ilik itkisini ve yarat\u0131c\u0131l\u0131k yetisini g\u00fcd\u00fcledi\u011fi art\u0131k bilinen bir ger\u00e7ektir. Gerek bir \u00f6\u011fretim y\u00f6ntemi, gerekse ba\u015fl\u0131 ba\u015f\u0131na bir ders olarak \u00f6rg\u00fcn ve yayg\u0131n e\u011fitimde yer verilmeye ba\u015flanan bu disiplin, ya\u015famsal \u00f6nem ta\u015f\u0131yan, \u00e7ok ciddiye al\u0131nmas\u0131 gereken ve yayg\u0131nla\u015ft\u0131r\u0131lmas\u0131 i\u00e7in \u00e7aba g\u00f6sterilmesine gereksinim duyulan bir olgudur. Yarat\u0131c\u0131 drama, tiyatrocu e\u011fitiminde oldu\u011fu gibi, temel elementleri beden, mim, devinim, ritim, ses ve s\u00f6z olan bir aland\u0131r. Ya\u015flar ilerledik\u00e7e an\u0131lar ve ya\u015fam ger\u00e7ekleri, g\u00fcndelik deneyimler, de\u011fi\u015fik ilgiler derlenir, kar\u015f\u0131tl\u0131klar\u0131 da aranarak d\u00fczenlenir, bir \u00e7er\u00e7eveye oturtulur, dikkat ve \u00f6zenle s\u00f6zellendirilip canland\u0131r\u0131l\u0131r. Bu s\u00fcre\u00e7te arama, ara\u015ft\u0131rma, sorgulama, k\u0131yaslama, \u00e7\u00f6z\u00fcmleme, kategorilendirme, sentezleme, belgeleme, belgelik olu\u015fturma, yorumlama gibi bilimsel y\u00f6ntemler kullan\u0131l\u0131r. \u0130zleklere (temalara) ula\u015f\u0131l\u0131r. Tiyatro sanat\u0131ndaki gibi, ger\u00e7ekler ayd\u0131nlan\u0131r. K\u00fc\u00e7\u00fck \u00e7ocuk i\u00e7in yarat\u0131c\u0131 drama ya\u015fam\u0131n provas\u0131d\u0131r, daha b\u00fcy\u00fck ya\u015ftakiler i\u00e7in ya\u015fam\u0131n bir sorgulamas\u0131d\u0131r. Yarat\u0131c\u0131 drama \u00e7al\u0131\u015fma ve etkinliklerini y\u00fcr\u00fcten drama lideri kimdir? Hangi bilgisel, e\u011fitimbilimsel, sanat-e\u011fitimbilimsel, psikolojik, sosyolojik, k\u00fclt\u00fcrel \u00f6\u011frenme a\u015famalar\u0131ndan ge\u00e7melidir? Tiyatro bilimi ile ne derecede etkile\u015fim i\u00e7inde olmal\u0131d\u0131r? \u00d6\u011frencilerdeki yarat\u0131c\u0131 gizil g\u00fcc\u00fc harekete ge\u00e7irebilmek i\u00e7in nas\u0131l donanm\u0131\u015f olmas\u0131 gerekmektedir? Bu ve benzeri sorulara yan\u0131t ararken elinizdeki kitap, alanda yaz\u0131lm\u0131\u015f kimi \u00f6zg\u00fcn yabanc\u0131 kayna\u011f\u0131n ve \u00fclkemizde yarat\u0131c\u0131 drama \u00fczerine okunmu\u015f, yaz\u0131lm\u0131\u015f ve anlat\u0131lm\u0131\u015f pek \u00e7ok kayna\u011f\u0131n i\u00e7eri\u011finden s\u00fcz\u00fclm\u00fc\u015f, en \u00f6nemli uygulama bilgilerinin derlenip toparland\u0131\u011f\u0131 bir \u201cana kaynak\u201d niteli\u011fi ile alana b\u00fcy\u00fck katk\u0131 sa\u011flayacakt\u0131r.<\/p>\n","protected":false},"excerpt":{"rendered":"<p>Toplumlarda de\u011fi\u015fik d\u00fczlemlerde olu\u015fan de\u011fi\u015fim ve d\u00f6n\u00fc\u015f\u00fcmleri, ba\u015fkala\u015fma ve yabanc\u0131la\u015fmaya d\u00fc\u015f\u00fclmeden, ileriye d\u00f6n\u00fck evrilmelere g\u00f6t\u00fcrmesi gereken e\u011fitim dizgeleri (sistemleri), bu beklenen ilerici geli\u015fmeyi zaman zaman ne<span class=\"excerpt-hellip\"> [\u2026]<\/span><\/p>\n","protected":false},"featured_media":0,"template":"","meta":{"_monsterinsights_skip_tracking":false,"_monsterinsights_sitenote_active":false,"_monsterinsights_sitenote_note":"","_monsterinsights_sitenote_category":0},"product_brand":[],"product_cat":[12573,12566],"product_tag":[],"class_list":{"0":"post-696560","1":"product","2":"type-product","3":"status-publish","5":"product_cat-akademik-kitaplar","6":"product_cat-egitim","7":"pa_cilt-ciltsiz","8":"pa_tur-kitap","9":"pa_yayinevi-ani-yayincilik","10":"pa_yazar-ruken-akar-vural","12":"first","13":"instock","14":"sale","15":"shipping-taxable","16":"purchasable","17":"product-type-simple"},"_links":{"self":[{"href":"https:\/\/roveyayinevi.com.tr\/index.php\/wp-json\/wp\/v2\/product\/696560","targetHints":{"allow":["GET"]}}],"collection":[{"href":"https:\/\/roveyayinevi.com.tr\/index.php\/wp-json\/wp\/v2\/product"}],"about":[{"href":"https:\/\/roveyayinevi.com.tr\/index.php\/wp-json\/wp\/v2\/types\/product"}],"wp:attachment":[{"href":"https:\/\/roveyayinevi.com.tr\/index.php\/wp-json\/wp\/v2\/media?parent=696560"}],"wp:term":[{"taxonomy":"product_brand","embeddable":true,"href":"https:\/\/roveyayinevi.com.tr\/index.php\/wp-json\/wp\/v2\/product_brand?post=696560"},{"taxonomy":"product_cat","embeddable":true,"href":"https:\/\/roveyayinevi.com.tr\/index.php\/wp-json\/wp\/v2\/product_cat?post=696560"},{"taxonomy":"product_tag","embeddable":true,"href":"https:\/\/roveyayinevi.com.tr\/index.php\/wp-json\/wp\/v2\/product_tag?post=696560"}],"curies":[{"name":"wp","href":"https:\/\/api.w.org\/{rel}","templated":true}]}}