{"id":696557,"date":"2025-08-27T14:35:27","date_gmt":"2025-08-27T11:35:27","guid":{"rendered":"https:\/\/roveyayinevi.com.tr\/index.php\/urun\/koy-enstituleri-ve-toplum-kalkinmasi\/"},"modified":"2026-04-16T02:06:22","modified_gmt":"2026-04-15T23:06:22","slug":"koy-enstituleri-ve-toplum-kalkinmasi","status":"publish","type":"product","link":"https:\/\/roveyayinevi.com.tr\/index.php\/urun\/koy-enstituleri-ve-toplum-kalkinmasi\/","title":{"rendered":"K\u00f6y Enstit\u00fcleri ve Toplum Kalk\u0131nmas\u0131"},"content":{"rendered":"<p>Kitapta esas olarak k\u00f6y enstit\u00fclerinin, toplum kalk\u0131nmas\u0131 y\u00f6n\u00fc incelenmi\u015ftir. K\u00f6y enstit\u00fclerinin toplum kalk\u0131nmas\u0131ndaki yeri, bu kurumlar\u0131 bitiren \u00f6\u011fretmenlerin somut \u00e7al\u0131\u015fmalar\u0131 \u00f6rneklerle verilmi\u015f, bilgi ve becerilerine y\u00f6nelik \u00f6rnekler kitab\u0131n ana kayna\u011f\u0131n\u0131 olu\u015fturmu\u015ftur. E\u011fitim tarihimizde k\u00f6ye d\u00f6n\u00fc\u015f belli ba\u015fl\u0131 \u00e7abalar\u0131, Enstit\u00fclerin bu yolda yerine getirdi\u011fi g\u00f6revleri, kurumsal etkinlikleri, onlar\u0131n tutum ve davran\u0131\u015flar\u0131 a\u00e7\u0131s\u0131ndan irdelenmi\u015ftir. <\/p>\n","protected":false},"excerpt":{"rendered":"<p>Kitapta esas olarak k\u00f6y enstit\u00fclerinin, toplum kalk\u0131nmas\u0131 y\u00f6n\u00fc incelenmi\u015ftir. K\u00f6y enstit\u00fclerinin toplum kalk\u0131nmas\u0131ndaki yeri, bu kurumlar\u0131 bitiren \u00f6\u011fretmenlerin somut \u00e7al\u0131\u015fmalar\u0131 \u00f6rneklerle verilmi\u015f, bilgi ve becerilerine y\u00f6nelik<span class=\"excerpt-hellip\"> [\u2026]<\/span><\/p>\n","protected":false},"featured_media":0,"template":"","meta":{"_monsterinsights_skip_tracking":false,"_monsterinsights_sitenote_active":false,"_monsterinsights_sitenote_note":"","_monsterinsights_sitenote_category":0},"product_brand":[],"product_cat":[12312,12304],"product_tag":[],"class_list":{"0":"post-696557","1":"product","2":"type-product","3":"status-publish","5":"product_cat-diger","6":"product_cat-tarih","7":"pa_cilt-ciltsiz","8":"pa_tur-kitap","9":"pa_yayinevi-ani-yayincilik","10":"pa_yazar-baha-mutlu-aydin","12":"first","13":"instock","14":"sale","15":"shipping-taxable","16":"purchasable","17":"product-type-simple"},"_links":{"self":[{"href":"https:\/\/roveyayinevi.com.tr\/index.php\/wp-json\/wp\/v2\/product\/696557","targetHints":{"allow":["GET"]}}],"collection":[{"href":"https:\/\/roveyayinevi.com.tr\/index.php\/wp-json\/wp\/v2\/product"}],"about":[{"href":"https:\/\/roveyayinevi.com.tr\/index.php\/wp-json\/wp\/v2\/types\/product"}],"wp:attachment":[{"href":"https:\/\/roveyayinevi.com.tr\/index.php\/wp-json\/wp\/v2\/media?parent=696557"}],"wp:term":[{"taxonomy":"product_brand","embeddable":true,"href":"https:\/\/roveyayinevi.com.tr\/index.php\/wp-json\/wp\/v2\/product_brand?post=696557"},{"taxonomy":"product_cat","embeddable":true,"href":"https:\/\/roveyayinevi.com.tr\/index.php\/wp-json\/wp\/v2\/product_cat?post=696557"},{"taxonomy":"product_tag","embeddable":true,"href":"https:\/\/roveyayinevi.com.tr\/index.php\/wp-json\/wp\/v2\/product_tag?post=696557"}],"curies":[{"name":"wp","href":"https:\/\/api.w.org\/{rel}","templated":true}]}}