{"id":696556,"date":"2025-08-27T14:35:27","date_gmt":"2025-08-27T11:35:27","guid":{"rendered":"https:\/\/roveyayinevi.com.tr\/index.php\/urun\/isitme-guclugu-olan-cocuguma-nasil-yardimci-olabilirim\/"},"modified":"2026-04-16T02:06:22","modified_gmt":"2026-04-15T23:06:22","slug":"isitme-guclugu-olan-cocuguma-nasil-yardimci-olabilirim","status":"publish","type":"product","link":"https:\/\/roveyayinevi.com.tr\/index.php\/urun\/isitme-guclugu-olan-cocuguma-nasil-yardimci-olabilirim\/","title":{"rendered":"\u0130\u015fitme G\u00fc\u00e7l\u00fc\u011f\u00fc Olan \u00c7ocu\u011fuma Nas\u0131l Yard\u0131mc\u0131 Olabilirim?"},"content":{"rendered":"<p>Bu kitap, i\u015fitme engelli \u00e7ocu\u011fu olan anne babalara yard\u0131mc\u0131 olmay\u0131 hedeflemektedir. \u00c7ocu\u011funun i\u015fitme g\u00fc\u00e7l\u00fc\u011f\u00fcne sahip oldu\u011funu \u00f6\u011frenen anne babalar bu sorunla ba\u015fa \u00e7\u0131kmak ve \u00e7ocu\u011funu bir ki\u015fi olarak b\u00fcy\u00fctmek ve yeti\u015ftirmekte zorlanmaktad\u0131rlar. Bu kitapta siz anne babalara \u00e7ocu\u011funuzu nas\u0131l anlayabilece\u011finiz ve onunla nas\u0131l ileti\u015fim kurabelece\u011finiz ve onun sizi anlamas\u0131 i\u00e7in neler yapman\u0131z gerekti\u011fini bi\u00e7imlendirmenize katk\u0131da bulunaca\u011f\u0131z. \u0130\u015fitme g\u00fc\u00e7l\u00fc\u011f\u00fc \u00e7ocuklar\u0131 olan anne babalar i\u00e7in ileti\u015fim kurma yollar\u0131n\u0131 \u00f6\u011frenmenin \u00f6nemli ve gerekli oldu\u011funa inan\u0131yorum.\u00d6zel E\u011fitim Birimlerinde \u0130\u015fitme g\u00fc\u00e7l\u00fc\u011f\u00fc olan \u00e7ocuklarla \u00e7al\u0131\u015fmalar\u0131m anne-baban\u0131n \u00e7ocu\u011fun \u00f6\u011frenmesinde \u00f6nemli etkileri oldu\u011funu g\u00f6sterdi. \u00d6zellikle 1995 y\u0131l\u0131ndan beri anne babalarla y\u00fcr\u00fctt\u00fc\u011f\u00fcm\u00fcz \u201cErken E\u011fitim Programlar\u0131\u201dnda aile kat\u0131l\u0131m\u0131n\u0131n artmas\u0131 ile hem \u00e7ocukta, hem de aile de \u00f6nemli geli\u015fmeler g\u00f6zlendi. Bu \u00e7al\u0131\u015fmalarda edindi\u011fim deneyimleri, kat\u0131l\u0131mc\u0131 ailelerin g\u00f6r\u00fc\u015flerini di\u011fer ailelerle de payla\u015fmak istedim. <\/p>\n","protected":false},"excerpt":{"rendered":"<p>Bu kitap, i\u015fitme engelli \u00e7ocu\u011fu olan anne babalara yard\u0131mc\u0131 olmay\u0131 hedeflemektedir. \u00c7ocu\u011funun i\u015fitme g\u00fc\u00e7l\u00fc\u011f\u00fcne sahip oldu\u011funu \u00f6\u011frenen anne babalar bu sorunla ba\u015fa \u00e7\u0131kmak ve \u00e7ocu\u011funu bir<span class=\"excerpt-hellip\"> [\u2026]<\/span><\/p>\n","protected":false},"featured_media":0,"template":"","meta":{"_monsterinsights_skip_tracking":false,"_monsterinsights_sitenote_active":false,"_monsterinsights_sitenote_note":"","_monsterinsights_sitenote_category":0},"product_brand":[],"product_cat":[14902,13365],"product_tag":[],"class_list":{"0":"post-696556","1":"product","2":"type-product","3":"status-publish","5":"product_cat-annelik-ve-cocuk-bakimi","6":"product_cat-saglik","7":"pa_cilt-ciltsiz","8":"pa_tur-kitap","9":"pa_yayinevi-ani-yayincilik","10":"pa_yazar-gonul-akcamete","12":"first","13":"instock","14":"sale","15":"shipping-taxable","16":"purchasable","17":"product-type-simple"},"_links":{"self":[{"href":"https:\/\/roveyayinevi.com.tr\/index.php\/wp-json\/wp\/v2\/product\/696556","targetHints":{"allow":["GET"]}}],"collection":[{"href":"https:\/\/roveyayinevi.com.tr\/index.php\/wp-json\/wp\/v2\/product"}],"about":[{"href":"https:\/\/roveyayinevi.com.tr\/index.php\/wp-json\/wp\/v2\/types\/product"}],"wp:attachment":[{"href":"https:\/\/roveyayinevi.com.tr\/index.php\/wp-json\/wp\/v2\/media?parent=696556"}],"wp:term":[{"taxonomy":"product_brand","embeddable":true,"href":"https:\/\/roveyayinevi.com.tr\/index.php\/wp-json\/wp\/v2\/product_brand?post=696556"},{"taxonomy":"product_cat","embeddable":true,"href":"https:\/\/roveyayinevi.com.tr\/index.php\/wp-json\/wp\/v2\/product_cat?post=696556"},{"taxonomy":"product_tag","embeddable":true,"href":"https:\/\/roveyayinevi.com.tr\/index.php\/wp-json\/wp\/v2\/product_tag?post=696556"}],"curies":[{"name":"wp","href":"https:\/\/api.w.org\/{rel}","templated":true}]}}