{"id":696552,"date":"2025-08-27T14:35:26","date_gmt":"2025-08-27T11:35:26","guid":{"rendered":"https:\/\/roveyayinevi.com.tr\/index.php\/urun\/kole-gemisi\/"},"modified":"2026-04-16T02:06:22","modified_gmt":"2026-04-15T23:06:22","slug":"kole-gemisi","status":"publish","type":"product","link":"https:\/\/roveyayinevi.com.tr\/index.php\/urun\/kole-gemisi\/","title":{"rendered":"K\u00f6le Gemisi"},"content":{"rendered":"<p>15. y\u00fczy\u0131l sonu ile 19. y\u00fczy\u0131l\u0131n sonu aras\u0131nda yakla\u015f\u0131k 400 y\u0131l s\u00fcren Atlantik k\u00f6le ticaretinde 12,4 milyon insan k\u00f6le gemilerine y\u00fcklenip Atlantik \u00fczerinden, binlerce kilometreye yay\u0131lm\u0131\u015f y\u00fczlerce teslim noktas\u0131na ta\u015f\u0131nd\u0131. Deh\u015fet yolu boyunca 1,8 milyon insan \u00f6lm\u00fc\u015f, cesetleri g\u00fcverteden a\u015fa\u011f\u0131 boca edilerek gemilerin pe\u015finden ayr\u0131lmayan k\u00f6pekbal\u0131klar\u0131na yem olmu\u015ftu. Sa\u011f kalan 10,6 milyon k\u00f6lenin \u00e7o\u011fu katil plantasyon d\u00fczeninin vah\u015fi ortam\u0131na at\u0131ld\u0131, orada akla hayale s\u0131\u011fmayan her t\u00fcrl\u00fc direni\u015fi g\u00f6stermeyi \u00f6\u011freneceklerdi. Atlantik k\u00f6le ticaretinin hik\u00e2yesi \u00e7o\u011funlukla plantasyonlar \u00fczerinden anlat\u0131lm\u0131\u015ft\u0131r. Bu vah\u015fi sisteme kat\u0131l\u0131ncaya kadar olanlar \u00e7ok az bilinir. Bu kitapta okuyacaklar\u0131n\u0131z yeni bir k\u00f6le ticareti tarihi. Konuya farkl\u0131 bir bak\u0131\u015f a\u00e7\u0131s\u0131ndan, k\u00f6le gemisinin g\u00fcvertesinden bakan bir anlat\u0131. Bu kitap size plantasyonlar\u0131n, yani k\u00f6le yap\u0131lan insanlar\u0131n bu devasa \u00fcretim \u00e7ark\u0131nda yok olup gitmelerinin hik\u00e2yesini de\u011fil, Afrika k\u0131tas\u0131nda nas\u0131l, kimler taraf\u0131ndan ka\u00e7\u0131r\u0131ld\u0131klar\u0131ndan ba\u015flayarak bitmek bilmeyen Atlantik Okyanusu Ge\u00e7i\u015fi s\u0131ras\u0131nda &#8220;k\u00f6le gemisi&#8221;nde neler ya\u015fand\u0131\u011f\u0131n\u0131 anlat\u0131yor. Tarih\u00e7i Marcus Rediker kaptanlar\u0131n seyir defterlerine d\u00fc\u015ft\u00fc\u011f\u00fc kay\u0131tlar, g\u00f6rg\u00fc tan\u0131\u011f\u0131 nizcilerin ve k\u00f6lelerin anlat\u0131lar\u0131, mahkeme kay\u0131tlar\u0131 yard\u0131m\u0131yla bu t\u00fcyler \u00fcrpertici dram\u0131n ya\u015fand\u0131\u011f\u0131 &#8220;k\u00f6le gemisi&#8221;ne binmemizi, onlarla birlikte bitmek bilmeyen bu deh\u015fet rotas\u0131nda yelken a\u00e7mam\u0131z\u0131 sa\u011fl\u0131yor.<\/p>\n","protected":false},"excerpt":{"rendered":"<p>15. y\u00fczy\u0131l sonu ile 19. y\u00fczy\u0131l\u0131n sonu aras\u0131nda yakla\u015f\u0131k 400 y\u0131l s\u00fcren Atlantik k\u00f6le ticaretinde 12,4 milyon insan k\u00f6le gemilerine y\u00fcklenip Atlantik \u00fczerinden, binlerce kilometreye yay\u0131lm\u0131\u015f<span class=\"excerpt-hellip\"> [\u2026]<\/span><\/p>\n","protected":false},"featured_media":0,"template":"","meta":{"_monsterinsights_skip_tracking":false,"_monsterinsights_sitenote_active":false,"_monsterinsights_sitenote_note":"","_monsterinsights_sitenote_category":0},"product_brand":[],"product_cat":[12370,12304],"product_tag":[],"class_list":{"0":"post-696552","1":"product","2":"type-product","3":"status-publish","5":"product_cat-arastirma-inceleme","6":"product_cat-tarih","7":"pa_cilt-ciltsiz","8":"pa_tur-kitap","9":"pa_yayinevi-alfa-yayinlari","10":"pa_yazar-marcus-rediker","12":"first","13":"instock","14":"sale","15":"shipping-taxable","16":"purchasable","17":"product-type-simple"},"_links":{"self":[{"href":"https:\/\/roveyayinevi.com.tr\/index.php\/wp-json\/wp\/v2\/product\/696552","targetHints":{"allow":["GET"]}}],"collection":[{"href":"https:\/\/roveyayinevi.com.tr\/index.php\/wp-json\/wp\/v2\/product"}],"about":[{"href":"https:\/\/roveyayinevi.com.tr\/index.php\/wp-json\/wp\/v2\/types\/product"}],"wp:attachment":[{"href":"https:\/\/roveyayinevi.com.tr\/index.php\/wp-json\/wp\/v2\/media?parent=696552"}],"wp:term":[{"taxonomy":"product_brand","embeddable":true,"href":"https:\/\/roveyayinevi.com.tr\/index.php\/wp-json\/wp\/v2\/product_brand?post=696552"},{"taxonomy":"product_cat","embeddable":true,"href":"https:\/\/roveyayinevi.com.tr\/index.php\/wp-json\/wp\/v2\/product_cat?post=696552"},{"taxonomy":"product_tag","embeddable":true,"href":"https:\/\/roveyayinevi.com.tr\/index.php\/wp-json\/wp\/v2\/product_tag?post=696552"}],"curies":[{"name":"wp","href":"https:\/\/api.w.org\/{rel}","templated":true}]}}