{"id":696547,"date":"2025-08-27T14:35:25","date_gmt":"2025-08-27T11:35:25","guid":{"rendered":"https:\/\/roveyayinevi.com.tr\/index.php\/urun\/altin-imla-kilavuzu-yazim-kilavuzu\/"},"modified":"2026-04-16T02:06:22","modified_gmt":"2026-04-15T23:06:22","slug":"altin-imla-kilavuzu-yazim-kilavuzu","status":"publish","type":"product","link":"https:\/\/roveyayinevi.com.tr\/index.php\/urun\/altin-imla-kilavuzu-yazim-kilavuzu\/","title":{"rendered":"Alt\u0131n \u0130mla K\u0131lavuzu -Yaz\u0131m K\u0131lavuzu-"},"content":{"rendered":"<p>Alt\u0131n \u0130mla (Yaz\u0131m) K\u0131lavuzu hem kaliteli, hem de ekonomik bir \u00fcr\u00fcn olarak \u00f6\u011frenci ve \u00f6\u011fretmenlerin bu konudaki ihtiya\u00e7lar\u0131na en iyi \u015fekilde kar\u015f\u0131l\u0131k verecektir. Bu kitap,T\u00fcrk Dil kurumunun son \u00e7\u0131kard\u0131\u011f\u0131 imla k\u0131lavuzuna g\u00f6re yeniden d\u00fczenlenip geni\u015fletilmi\u015ftir. \ufffc<\/p>\n","protected":false},"excerpt":{"rendered":"<p>Alt\u0131n \u0130mla (Yaz\u0131m) K\u0131lavuzu hem kaliteli, hem de ekonomik bir \u00fcr\u00fcn olarak \u00f6\u011frenci ve \u00f6\u011fretmenlerin bu konudaki ihtiya\u00e7lar\u0131na en iyi \u015fekilde kar\u015f\u0131l\u0131k verecektir. Bu kitap,T\u00fcrk Dil<span class=\"excerpt-hellip\"> [\u2026]<\/span><\/p>\n","protected":false},"featured_media":0,"template":"","meta":{"_monsterinsights_skip_tracking":false,"_monsterinsights_sitenote_active":false,"_monsterinsights_sitenote_note":"","_monsterinsights_sitenote_category":0},"product_brand":[],"product_cat":[12566,13611,21471],"product_tag":[],"class_list":{"0":"post-696547","1":"product","2":"type-product","3":"status-publish","5":"product_cat-egitim","6":"product_cat-sozlukler-ve-konusma-kilavuzlari","7":"product_cat-yazim-kilavuzlari","8":"pa_cilt-ciltsiz","9":"pa_tur-kitap","10":"pa_yayinevi-altin-kitaplar-boyama-ve-cocuk-kitaplari","11":"pa_yazar-kolektif","13":"first","14":"instock","15":"sale","16":"shipping-taxable","17":"purchasable","18":"product-type-simple"},"_links":{"self":[{"href":"https:\/\/roveyayinevi.com.tr\/index.php\/wp-json\/wp\/v2\/product\/696547","targetHints":{"allow":["GET"]}}],"collection":[{"href":"https:\/\/roveyayinevi.com.tr\/index.php\/wp-json\/wp\/v2\/product"}],"about":[{"href":"https:\/\/roveyayinevi.com.tr\/index.php\/wp-json\/wp\/v2\/types\/product"}],"wp:attachment":[{"href":"https:\/\/roveyayinevi.com.tr\/index.php\/wp-json\/wp\/v2\/media?parent=696547"}],"wp:term":[{"taxonomy":"product_brand","embeddable":true,"href":"https:\/\/roveyayinevi.com.tr\/index.php\/wp-json\/wp\/v2\/product_brand?post=696547"},{"taxonomy":"product_cat","embeddable":true,"href":"https:\/\/roveyayinevi.com.tr\/index.php\/wp-json\/wp\/v2\/product_cat?post=696547"},{"taxonomy":"product_tag","embeddable":true,"href":"https:\/\/roveyayinevi.com.tr\/index.php\/wp-json\/wp\/v2\/product_tag?post=696547"}],"curies":[{"name":"wp","href":"https:\/\/api.w.org\/{rel}","templated":true}]}}