{"id":696546,"date":"2025-08-27T14:35:25","date_gmt":"2025-08-27T11:35:25","guid":{"rendered":"https:\/\/roveyayinevi.com.tr\/index.php\/urun\/altin-es-anlamli-ve-karsit-anlamli-kelimeler-sozlugu\/"},"modified":"2026-04-16T02:06:22","modified_gmt":"2026-04-15T23:06:22","slug":"altin-es-anlamli-ve-karsit-anlamli-kelimeler-sozlugu","status":"publish","type":"product","link":"https:\/\/roveyayinevi.com.tr\/index.php\/urun\/altin-es-anlamli-ve-karsit-anlamli-kelimeler-sozlugu\/","title":{"rendered":"Alt\u0131n E\u015f Anlaml\u0131 ve Kar\u015f\u0131t Anlaml\u0131 Kelimeler S\u00f6zl\u00fc\u011f\u00fc"},"content":{"rendered":"<p>B\u00fct\u00fcn d\u00fcnya dillerinde oldu\u011fu gibi g\u00fczel T\u00fcrk\u00e7emizde de bir\u00e7ok e\u015f ve kar\u015f\u0131t anlaml\u0131 kelimeler bulunmaktad\u0131r. Bu s\u00f6zc\u00fckleri iyi bilenler, daha iyi yazma ve daha g\u00fczel konu\u015fma yetene\u011fini kazan\u0131rlar. \u00c7\u00fcnk\u00fc kelime hazinesi geni\u015f olan ki\u015filerin anlat\u0131m g\u00fc\u00e7leri de artar. Her zaman en iyiyi, en g\u00fczeli \u00f6\u011fretmen ve \u00f6\u011frencilere sunmay\u0131 ama\u00e7 edinen yay\u0131nevimiz bu yararl\u0131 yap\u0131t\u0131 sizler i\u00e7in haz\u0131rlad\u0131.<\/p>\n","protected":false},"excerpt":{"rendered":"<p>B\u00fct\u00fcn d\u00fcnya dillerinde oldu\u011fu gibi g\u00fczel T\u00fcrk\u00e7emizde de bir\u00e7ok e\u015f ve kar\u015f\u0131t anlaml\u0131 kelimeler bulunmaktad\u0131r. Bu s\u00f6zc\u00fckleri iyi bilenler, daha iyi yazma ve daha g\u00fczel konu\u015fma<span class=\"excerpt-hellip\"> [\u2026]<\/span><\/p>\n","protected":false},"featured_media":0,"template":"","meta":{"_monsterinsights_skip_tracking":false,"_monsterinsights_sitenote_active":false,"_monsterinsights_sitenote_note":"","_monsterinsights_sitenote_category":0},"product_brand":[],"product_cat":[12364,16266],"product_tag":[],"class_list":{"0":"post-696546","1":"product","2":"type-product","3":"status-publish","5":"product_cat-genel-konular","6":"product_cat-referans-kaynak-kitap","7":"pa_cilt-ciltsiz","8":"pa_tur-kitap","9":"pa_yayinevi-altin-kitaplar-boyama-ve-cocuk-kitaplari","10":"pa_yazar-yavuz-kandemir","12":"first","13":"instock","14":"sale","15":"shipping-taxable","16":"purchasable","17":"product-type-simple"},"_links":{"self":[{"href":"https:\/\/roveyayinevi.com.tr\/index.php\/wp-json\/wp\/v2\/product\/696546","targetHints":{"allow":["GET"]}}],"collection":[{"href":"https:\/\/roveyayinevi.com.tr\/index.php\/wp-json\/wp\/v2\/product"}],"about":[{"href":"https:\/\/roveyayinevi.com.tr\/index.php\/wp-json\/wp\/v2\/types\/product"}],"wp:attachment":[{"href":"https:\/\/roveyayinevi.com.tr\/index.php\/wp-json\/wp\/v2\/media?parent=696546"}],"wp:term":[{"taxonomy":"product_brand","embeddable":true,"href":"https:\/\/roveyayinevi.com.tr\/index.php\/wp-json\/wp\/v2\/product_brand?post=696546"},{"taxonomy":"product_cat","embeddable":true,"href":"https:\/\/roveyayinevi.com.tr\/index.php\/wp-json\/wp\/v2\/product_cat?post=696546"},{"taxonomy":"product_tag","embeddable":true,"href":"https:\/\/roveyayinevi.com.tr\/index.php\/wp-json\/wp\/v2\/product_tag?post=696546"}],"curies":[{"name":"wp","href":"https:\/\/api.w.org\/{rel}","templated":true}]}}