{"id":696545,"date":"2025-08-27T14:35:24","date_gmt":"2025-08-27T11:35:24","guid":{"rendered":"https:\/\/roveyayinevi.com.tr\/index.php\/urun\/sosyoloji-ve-metodoloji-yazilari\/"},"modified":"2026-04-16T02:06:22","modified_gmt":"2026-04-15T23:06:22","slug":"sosyoloji-ve-metodoloji-yazilari","status":"publish","type":"product","link":"https:\/\/roveyayinevi.com.tr\/index.php\/urun\/sosyoloji-ve-metodoloji-yazilari\/","title":{"rendered":"Sosyoloji ve Metodoloji Yaz\u0131lar\u0131"},"content":{"rendered":"<p>Do\u011fay\u0131, toplumu, bireyi, k\u00fclt\u00fcr\u00fc ve bunlar aras\u0131 ili\u015fkileri betimleme, a\u00e7\u0131klama, kestirme ve yorumlama u\u011fra\u015f\u0131s\u0131nda bulunmak isteyen insan, sanattan felsefeye, dinden mitolojiye, geleneklerden bilime kadar yay\u0131lan geni\u015f bir se\u00e7enekler demeti ile kar\u015f\u0131la\u015f\u0131r. Her biri bir di\u011feri kadar ayn\u0131 konular hakk\u0131nda tutarl\u0131 ve ge\u00e7erli betimlemeler, a\u00e7\u0131klamalar, kestirmeler, yorumlar \u00fcretebilen bu etkinlikleri birbirinden ay\u0131ran, kulland\u0131klar\u0131 y\u00f6ntemdir. Bilimsel y\u00f6ntem bilim adam\u0131n\u0131n \/ kad\u0131n\u0131n\u0131n do\u011faya, topluma, bireye, bireyin \u00fcrettiklerine ve bunlar aras\u0131 ili\u015fkilere ili\u015fkin do\u011fru betimleme ve a\u00e7\u0131klamalarda bulunabilme hedefine ula\u015fabilmek i\u00e7in gerek y\u00fcr\u00fcd\u00fc\u011f\u00fc yol ve harcad\u0131\u011f\u0131 \u00e7aba, gerek y\u00fcr\u00fcyece\u011fi yolu ve harcayaca\u011f\u0131 \u00e7abay\u0131 \u00f6nceden belirleyen kurallar toplulu\u011fudur. Bu kitap, sosyolojinin her alan\u0131na y\u00f6nelik konular\u0131 titizlikle irdeleyen \u00f6nemli bir kaynakt\u0131r. <\/p>\n","protected":false},"excerpt":{"rendered":"<p>Do\u011fay\u0131, toplumu, bireyi, k\u00fclt\u00fcr\u00fc ve bunlar aras\u0131 ili\u015fkileri betimleme, a\u00e7\u0131klama, kestirme ve yorumlama u\u011fra\u015f\u0131s\u0131nda bulunmak isteyen insan, sanattan felsefeye, dinden mitolojiye, geleneklerden bilime kadar yay\u0131lan geni\u015f<span class=\"excerpt-hellip\"> [\u2026]<\/span><\/p>\n","protected":false},"featured_media":0,"template":"","meta":{"_monsterinsights_skip_tracking":false,"_monsterinsights_sitenote_active":false,"_monsterinsights_sitenote_note":"","_monsterinsights_sitenote_category":0},"product_brand":[],"product_cat":[12324,27533],"product_tag":[],"class_list":{"0":"post-696545","1":"product","2":"type-product","3":"status-publish","5":"product_cat-sosyoloji","6":"product_cat-sosyolojiye-giris","7":"pa_cilt-ciltsiz","8":"pa_tur-kitap","9":"pa_yayinevi-ani-yayincilik","10":"pa_yazar-nilgun-celebi","12":"first","13":"instock","14":"sale","15":"shipping-taxable","16":"purchasable","17":"product-type-simple"},"_links":{"self":[{"href":"https:\/\/roveyayinevi.com.tr\/index.php\/wp-json\/wp\/v2\/product\/696545","targetHints":{"allow":["GET"]}}],"collection":[{"href":"https:\/\/roveyayinevi.com.tr\/index.php\/wp-json\/wp\/v2\/product"}],"about":[{"href":"https:\/\/roveyayinevi.com.tr\/index.php\/wp-json\/wp\/v2\/types\/product"}],"wp:attachment":[{"href":"https:\/\/roveyayinevi.com.tr\/index.php\/wp-json\/wp\/v2\/media?parent=696545"}],"wp:term":[{"taxonomy":"product_brand","embeddable":true,"href":"https:\/\/roveyayinevi.com.tr\/index.php\/wp-json\/wp\/v2\/product_brand?post=696545"},{"taxonomy":"product_cat","embeddable":true,"href":"https:\/\/roveyayinevi.com.tr\/index.php\/wp-json\/wp\/v2\/product_cat?post=696545"},{"taxonomy":"product_tag","embeddable":true,"href":"https:\/\/roveyayinevi.com.tr\/index.php\/wp-json\/wp\/v2\/product_tag?post=696545"}],"curies":[{"name":"wp","href":"https:\/\/api.w.org\/{rel}","templated":true}]}}