{"id":696544,"date":"2025-08-27T14:35:24","date_gmt":"2025-08-27T11:35:24","guid":{"rendered":"https:\/\/roveyayinevi.com.tr\/index.php\/urun\/sosyoloji-tarihi-1\/"},"modified":"2026-04-16T02:06:22","modified_gmt":"2026-04-15T23:06:22","slug":"sosyoloji-tarihi-1","status":"publish","type":"product","link":"https:\/\/roveyayinevi.com.tr\/index.php\/urun\/sosyoloji-tarihi-1\/","title":{"rendered":"Sosyoloji Tarihi 1"},"content":{"rendered":"<p>Bu eserde, sosyoloji disiplininin atalar\u0131, \u00e7a\u011fda\u015f sosyolojinin habercileri, sosyolojik d\u00fc\u015f\u00fcncenin ustalar\u0131, sosyolojinin metodolojik ve teorik k\u00f6kleri olan \u0130bni Haldun, Machiavelli, Montesquieu ve Rousseau, sosyoloji tarihi \u00e7er\u00e7evesinde d\u00fcnyada ilk kez bir araya geliyor. Sosyolojiyi tarihin derinliklerine g\u00f6mmemek i\u00e7in sosyoloji tarihine damgas\u0131n\u0131 vurmu\u015f bu d\u00f6rt anahtar d\u00fc\u015f\u00fcn\u00fcre yeniden y\u00f6nelmek gerekir. Sosyolojide yol almak isteyen sosyologlar\u0131n pusulalar\u0131 sosyoloji tarihinin ana isimleri aras\u0131nda \u00f6n plana \u00e7\u0131kan \u0130bni Haldun, Machiavelli, Montesquieu ve Rousseau&#8217;nun metinleridir. Sosyoloji tarihine taht kurmu\u015f, modern sosyolojinin ruhunu ve mant\u0131\u011f\u0131n\u0131 sarmalam\u0131\u015f bu d\u00f6rt ustan\u0131n eserleri rehber al\u0131nmazsa sosyolojide sadece bir arpa boyu yol al\u0131nm\u0131\u015f olur. Sosyoloji tarihinin fikir deposundaki bolca malzemeden nasiplenmeyi arzulayanlara\u2026 Sosyoloji tarihinin parlak y\u0131ld\u0131zlar\u0131n\u0131n etrafa sa\u00e7t\u0131klar\u0131 \u0131\u015f\u0131klar\u0131 g\u00f6rmeyi merak edenlere\u2026 \u00c7a\u011fda\u015f d\u00fcnyan\u0131n meselelerini ve asr\u0131m\u0131z\u0131n ruhunu do\u011fru anlamak isteyenlere\u2026 Sosyolojinin omurgas\u0131n\u0131, sosyolojik bilginin g\u00f6vdesini, sosyolojik d\u00fc\u015f\u00fcncenin ser\u00fcvenini, sosyal teorinin belkemi\u011fini do\u011fru tahlil etmeyi ama\u00e7 edinenlere\u2026 <\/p>\n","protected":false},"excerpt":{"rendered":"<p>Bu eserde, sosyoloji disiplininin atalar\u0131, \u00e7a\u011fda\u015f sosyolojinin habercileri, sosyolojik d\u00fc\u015f\u00fcncenin ustalar\u0131, sosyolojinin metodolojik ve teorik k\u00f6kleri olan \u0130bni Haldun, Machiavelli, Montesquieu ve Rousseau, sosyoloji tarihi \u00e7er\u00e7evesinde<span class=\"excerpt-hellip\"> [\u2026]<\/span><\/p>\n","protected":false},"featured_media":0,"template":"","meta":{"_monsterinsights_skip_tracking":false,"_monsterinsights_sitenote_active":false,"_monsterinsights_sitenote_note":"","_monsterinsights_sitenote_category":0},"product_brand":[],"product_cat":[12835,12324],"product_tag":[],"class_list":{"0":"post-696544","1":"product","2":"type-product","3":"status-publish","5":"product_cat-genel-sosyoloji","6":"product_cat-sosyoloji","7":"pa_cilt-ciltsiz","8":"pa_tur-kitap","9":"pa_yayinevi-ani-yayincilik","10":"pa_yazar-sezgin-kizilcelik","12":"first","13":"instock","14":"sale","15":"shipping-taxable","16":"purchasable","17":"product-type-simple"},"_links":{"self":[{"href":"https:\/\/roveyayinevi.com.tr\/index.php\/wp-json\/wp\/v2\/product\/696544","targetHints":{"allow":["GET"]}}],"collection":[{"href":"https:\/\/roveyayinevi.com.tr\/index.php\/wp-json\/wp\/v2\/product"}],"about":[{"href":"https:\/\/roveyayinevi.com.tr\/index.php\/wp-json\/wp\/v2\/types\/product"}],"wp:attachment":[{"href":"https:\/\/roveyayinevi.com.tr\/index.php\/wp-json\/wp\/v2\/media?parent=696544"}],"wp:term":[{"taxonomy":"product_brand","embeddable":true,"href":"https:\/\/roveyayinevi.com.tr\/index.php\/wp-json\/wp\/v2\/product_brand?post=696544"},{"taxonomy":"product_cat","embeddable":true,"href":"https:\/\/roveyayinevi.com.tr\/index.php\/wp-json\/wp\/v2\/product_cat?post=696544"},{"taxonomy":"product_tag","embeddable":true,"href":"https:\/\/roveyayinevi.com.tr\/index.php\/wp-json\/wp\/v2\/product_tag?post=696544"}],"curies":[{"name":"wp","href":"https:\/\/api.w.org\/{rel}","templated":true}]}}