{"id":696542,"date":"2025-08-27T14:35:24","date_gmt":"2025-08-27T11:35:24","guid":{"rendered":"https:\/\/roveyayinevi.com.tr\/index.php\/urun\/saglikli-insan-iliskileri\/"},"modified":"2026-04-16T02:06:22","modified_gmt":"2026-04-15T23:06:22","slug":"saglikli-insan-iliskileri","status":"publish","type":"product","link":"https:\/\/roveyayinevi.com.tr\/index.php\/urun\/saglikli-insan-iliskileri\/","title":{"rendered":"Sa\u011fl\u0131kl\u0131 \u0130nsan \u0130li\u015fkileri"},"content":{"rendered":"<p>\u0130nsan ya\u015fant\u0131s\u0131nda ev ve i\u015fyeri, aile ve kurumlar i\u00e7 i\u00e7e birbirini etkileyerek varl\u0131klar\u0131n\u0131 s\u00fcrd\u00fcrmektedirler. Olumlu ve dengeli aile ili\u015fkileri, dengeli ve verimli i\u015f ili\u015fkilerinin temelini olu\u015fturmaktad\u0131r. Verimini sa\u011flanmas\u0131 insan ili\u015fkilerini d\u00fczenleyene ilke, kural ve kuramlar\u0131n \u00f6\u011frenilmesine ve edinilen bu bilgilerin insan ya\u015fant\u0131s\u0131n\u0131n de\u011fi\u015fik y\u00f6nlerine uygulanmas\u0131na ba\u011fl\u0131d\u0131r. Bu niteliklerle donat\u0131lm\u0131\u015f bireylerden olu\u015fan ailede, kurumlarda ve toplumlarda sorunlar en aza inerken \u00e7\u0131kabilecek sorunlar\u0131n da \u00e7\u00f6z\u00fcm\u00fc kolayla\u015ft\u0131rmaktad\u0131r. Bu eser bu inan\u00e7la ger\u00e7ekle\u015ftirilmeye \u00e7al\u0131\u015f\u0131lm\u0131\u015ft\u0131r. \ufffcTan\u0131t\u0131m Metni<\/p>\n","protected":false},"excerpt":{"rendered":"<p>\u0130nsan ya\u015fant\u0131s\u0131nda ev ve i\u015fyeri, aile ve kurumlar i\u00e7 i\u00e7e birbirini etkileyerek varl\u0131klar\u0131n\u0131 s\u00fcrd\u00fcrmektedirler. Olumlu ve dengeli aile ili\u015fkileri, dengeli ve verimli i\u015f ili\u015fkilerinin temelini olu\u015fturmaktad\u0131r.<span class=\"excerpt-hellip\"> [\u2026]<\/span><\/p>\n","protected":false},"featured_media":0,"template":"","meta":{"_monsterinsights_skip_tracking":false,"_monsterinsights_sitenote_active":false,"_monsterinsights_sitenote_note":"","_monsterinsights_sitenote_category":0},"product_brand":[],"product_cat":[13043,14754],"product_tag":[],"class_list":{"0":"post-696542","1":"product","2":"type-product","3":"status-publish","5":"product_cat-ekonomi","6":"product_cat-halkla-iliskiler-insan-kaynaklari","7":"pa_cilt-ciltsiz","8":"pa_tur-kitap","9":"pa_yayinevi-ani-yayincilik","10":"pa_yazar-muruvvet-bilen","12":"first","13":"instock","14":"sale","15":"shipping-taxable","16":"purchasable","17":"product-type-simple"},"_links":{"self":[{"href":"https:\/\/roveyayinevi.com.tr\/index.php\/wp-json\/wp\/v2\/product\/696542","targetHints":{"allow":["GET"]}}],"collection":[{"href":"https:\/\/roveyayinevi.com.tr\/index.php\/wp-json\/wp\/v2\/product"}],"about":[{"href":"https:\/\/roveyayinevi.com.tr\/index.php\/wp-json\/wp\/v2\/types\/product"}],"wp:attachment":[{"href":"https:\/\/roveyayinevi.com.tr\/index.php\/wp-json\/wp\/v2\/media?parent=696542"}],"wp:term":[{"taxonomy":"product_brand","embeddable":true,"href":"https:\/\/roveyayinevi.com.tr\/index.php\/wp-json\/wp\/v2\/product_brand?post=696542"},{"taxonomy":"product_cat","embeddable":true,"href":"https:\/\/roveyayinevi.com.tr\/index.php\/wp-json\/wp\/v2\/product_cat?post=696542"},{"taxonomy":"product_tag","embeddable":true,"href":"https:\/\/roveyayinevi.com.tr\/index.php\/wp-json\/wp\/v2\/product_tag?post=696542"}],"curies":[{"name":"wp","href":"https:\/\/api.w.org\/{rel}","templated":true}]}}