{"id":696541,"date":"2025-08-27T14:35:23","date_gmt":"2025-08-27T11:35:23","guid":{"rendered":"https:\/\/roveyayinevi.com.tr\/index.php\/urun\/roman-ve-siyaset\/"},"modified":"2026-04-16T02:06:22","modified_gmt":"2026-04-15T23:06:22","slug":"roman-ve-siyaset","status":"publish","type":"product","link":"https:\/\/roveyayinevi.com.tr\/index.php\/urun\/roman-ve-siyaset\/","title":{"rendered":"Roman ve Siyaset"},"content":{"rendered":"<p>Edebiyat ve siyaset birbirine uzak gibi g\u00f6r\u00fcnmesine ra\u011fmen aralar\u0131nda olduk\u00e7a s\u0131k\u0131 bir ba\u011f\u0131n bulundu\u011fu iki sosyal bilim alan\u0131. Edebiyat\u0131n siyaseti yahut siyasetin edebiyat\u0131 kavramla\u015ft\u0131rmalar\u0131ndan hangisi s\u00f6ze konu edilirse edilsin sonu\u00e7ta birinin, \u00f6tekinin n\u00fcfuz alan\u0131na girdi\u011fi, ondan yararland\u0131\u011f\u0131 ve kendi me\u015fruiyet alan\u0131n\u0131 geni\u015fletmek i\u00e7in bir \u015fekilde \u00f6tekinden nemaland\u0131\u011f\u0131, dahas\u0131 hem teorik hem pratik zeminiyle kitleler \u00fczerinde ciddi bir etkiye sahip oldu\u011fu hepimizin malumu. Siyaset, edebiyattan retorik ba\u011flam\u0131nda yararlan\u0131rken, edebiyat da siyasetten tematik kurguyu g\u00fc\u00e7lendirmek i\u00e7in ideolojik perspektifler, ya\u015fam tarzlar\u0131na d\u00f6n\u00fck ciddi alternatifler dev\u015firme olana\u011f\u0131na sahiptir. <\/p>\n","protected":false},"excerpt":{"rendered":"<p>Edebiyat ve siyaset birbirine uzak gibi g\u00f6r\u00fcnmesine ra\u011fmen aralar\u0131nda olduk\u00e7a s\u0131k\u0131 bir ba\u011f\u0131n bulundu\u011fu iki sosyal bilim alan\u0131. Edebiyat\u0131n siyaseti yahut siyasetin edebiyat\u0131 kavramla\u015ft\u0131rmalar\u0131ndan hangisi s\u00f6ze<span class=\"excerpt-hellip\"> [\u2026]<\/span><\/p>\n","protected":false},"featured_media":0,"template":"","meta":{"_monsterinsights_skip_tracking":false,"_monsterinsights_sitenote_active":false,"_monsterinsights_sitenote_note":"","_monsterinsights_sitenote_category":0},"product_brand":[],"product_cat":[13072,12291],"product_tag":[],"class_list":{"0":"post-696541","1":"product","2":"type-product","3":"status-publish","5":"product_cat-arastirma-inceleme-referans","6":"product_cat-edebiyat","7":"pa_cilt-ciltsiz","8":"pa_tur-kitap","9":"pa_yayinevi-ani-yayincilik","10":"pa_yazar-ismet-emre","12":"first","13":"instock","14":"sale","15":"shipping-taxable","16":"purchasable","17":"product-type-simple"},"_links":{"self":[{"href":"https:\/\/roveyayinevi.com.tr\/index.php\/wp-json\/wp\/v2\/product\/696541","targetHints":{"allow":["GET"]}}],"collection":[{"href":"https:\/\/roveyayinevi.com.tr\/index.php\/wp-json\/wp\/v2\/product"}],"about":[{"href":"https:\/\/roveyayinevi.com.tr\/index.php\/wp-json\/wp\/v2\/types\/product"}],"wp:attachment":[{"href":"https:\/\/roveyayinevi.com.tr\/index.php\/wp-json\/wp\/v2\/media?parent=696541"}],"wp:term":[{"taxonomy":"product_brand","embeddable":true,"href":"https:\/\/roveyayinevi.com.tr\/index.php\/wp-json\/wp\/v2\/product_brand?post=696541"},{"taxonomy":"product_cat","embeddable":true,"href":"https:\/\/roveyayinevi.com.tr\/index.php\/wp-json\/wp\/v2\/product_cat?post=696541"},{"taxonomy":"product_tag","embeddable":true,"href":"https:\/\/roveyayinevi.com.tr\/index.php\/wp-json\/wp\/v2\/product_tag?post=696541"}],"curies":[{"name":"wp","href":"https:\/\/api.w.org\/{rel}","templated":true}]}}