{"id":696539,"date":"2025-08-27T14:35:23","date_gmt":"2025-08-27T11:35:23","guid":{"rendered":"https:\/\/roveyayinevi.com.tr\/index.php\/urun\/niyazi-berkesin-sosyoloji-anlayisi\/"},"modified":"2026-04-16T02:06:22","modified_gmt":"2026-04-15T23:06:22","slug":"niyazi-berkesin-sosyoloji-anlayisi","status":"publish","type":"product","link":"https:\/\/roveyayinevi.com.tr\/index.php\/urun\/niyazi-berkesin-sosyoloji-anlayisi\/","title":{"rendered":"Niyazi Berkes\u2019in Sosyoloji Anlay\u0131\u015f\u0131"},"content":{"rendered":"<p>Kitab\u0131m\u0131z ciddi ve kararl\u0131 bir \u00e7al\u0131\u015fman\u0131n \u00fcr\u00fcn\u00fcd\u00fcr. Berkesin sosyoloji anlay\u0131\u015f\u0131na ili\u015fkin daha \u00f6nce yap\u0131lm\u0131\u015f di\u011fer \u00e7al\u0131\u015fmalardan ayr\u0131lan yanlar\u0131 bulundu\u011fu gibi, Berkes&#8217;in kapsaml\u0131 ve derin sosyolojik incelemelerinin bir \u00f6zeti olmas\u0131 iddias\u0131n\u0131 ta\u015f\u0131maktad\u0131r. T\u00fcrk sosyologlar\u0131 \u00fczerinde \u00e7al\u0131\u015fan sosyoloji b\u00f6l\u00fcm\u00fc \u00f6\u011frencilerine ve modernle\u015fme kuramlar\u0131 \u00fczerinde \u00e7al\u0131\u015fan t\u00fcm sosyal bilimcilere y\u00f6nelik olarak haz\u0131rlanm\u0131\u015ft\u0131r. <\/p>\n","protected":false},"excerpt":{"rendered":"<p>Kitab\u0131m\u0131z ciddi ve kararl\u0131 bir \u00e7al\u0131\u015fman\u0131n \u00fcr\u00fcn\u00fcd\u00fcr. Berkesin sosyoloji anlay\u0131\u015f\u0131na ili\u015fkin daha \u00f6nce yap\u0131lm\u0131\u015f di\u011fer \u00e7al\u0131\u015fmalardan ayr\u0131lan yanlar\u0131 bulundu\u011fu gibi, Berkes&#8217;in kapsaml\u0131 ve derin sosyolojik incelemelerinin<span class=\"excerpt-hellip\"> [\u2026]<\/span><\/p>\n","protected":false},"featured_media":0,"template":"","meta":{"_monsterinsights_skip_tracking":false,"_monsterinsights_sitenote_active":false,"_monsterinsights_sitenote_note":"","_monsterinsights_sitenote_category":0},"product_brand":[],"product_cat":[12835,12324],"product_tag":[],"class_list":{"0":"post-696539","1":"product","2":"type-product","3":"status-publish","5":"product_cat-genel-sosyoloji","6":"product_cat-sosyoloji","7":"pa_cilt-ciltsiz","8":"pa_tur-kitap","9":"pa_yayinevi-ani-yayincilik","10":"pa_yazar-mehmet-devrim-topses","12":"first","13":"instock","14":"sale","15":"shipping-taxable","16":"purchasable","17":"product-type-simple"},"_links":{"self":[{"href":"https:\/\/roveyayinevi.com.tr\/index.php\/wp-json\/wp\/v2\/product\/696539","targetHints":{"allow":["GET"]}}],"collection":[{"href":"https:\/\/roveyayinevi.com.tr\/index.php\/wp-json\/wp\/v2\/product"}],"about":[{"href":"https:\/\/roveyayinevi.com.tr\/index.php\/wp-json\/wp\/v2\/types\/product"}],"wp:attachment":[{"href":"https:\/\/roveyayinevi.com.tr\/index.php\/wp-json\/wp\/v2\/media?parent=696539"}],"wp:term":[{"taxonomy":"product_brand","embeddable":true,"href":"https:\/\/roveyayinevi.com.tr\/index.php\/wp-json\/wp\/v2\/product_brand?post=696539"},{"taxonomy":"product_cat","embeddable":true,"href":"https:\/\/roveyayinevi.com.tr\/index.php\/wp-json\/wp\/v2\/product_cat?post=696539"},{"taxonomy":"product_tag","embeddable":true,"href":"https:\/\/roveyayinevi.com.tr\/index.php\/wp-json\/wp\/v2\/product_tag?post=696539"}],"curies":[{"name":"wp","href":"https:\/\/api.w.org\/{rel}","templated":true}]}}