{"id":696538,"date":"2025-08-27T14:35:23","date_gmt":"2025-08-27T11:35:23","guid":{"rendered":"https:\/\/roveyayinevi.com.tr\/index.php\/urun\/kuresellesme-ve-sosyal-bilimler\/"},"modified":"2026-04-16T02:06:22","modified_gmt":"2026-04-15T23:06:22","slug":"kuresellesme-ve-sosyal-bilimler","status":"publish","type":"product","link":"https:\/\/roveyayinevi.com.tr\/index.php\/urun\/kuresellesme-ve-sosyal-bilimler\/","title":{"rendered":"K\u00fcreselle\u015fme ve Sosyal Bilimler"},"content":{"rendered":"<p>K\u00fcreselle\u015fme, adeta bir g\u00fcndem s\u00f6zc\u00fc\u011f\u00fc. D\u00fcnyan\u0131n g\u00fcndemi \u00fczerine konu\u015fmak, k\u00fcreselle\u015fme \u00fcst\u00fcne gevezelik yapmakla e\u015f anlaml\u0131d\u0131r. K\u00fcreselle\u015fme, herkesin \u00fczerine konu\u015ftu\u011fu bir alan haline geldi, neredeyse bu konuda a\u011fz\u0131 olan herkes konu\u015fuyor. Herkes, bu terime farkl\u0131 bir anlam ve misyon y\u00fckleyebiliyor. K\u00fcreselle\u015fme, kimilerine g\u00f6re bir felaket, kimilerine g\u00f6re bir rezalet, kimilerine g\u00f6re b\u00fcy\u00fck bir sefalet, kimilerine g\u00f6re insanl\u0131\u011f\u0131 i\u00e7inde bulundu\u011fu berbat durumdan kurtaracak bir saadettir&#8230; K\u00fcreselle\u015fme, baz\u0131lar\u0131n\u0131n nazar\u0131nda bir bela, baz\u0131lar\u0131n\u0131n g\u00f6z\u00fcnde ise dertlere devad\u0131r&#8230; Peki k\u00fcreselle\u015fme neden b\u00f6yle farkl\u0131 alg\u0131lanabiliyor. Bunun elbette ki nedenleri vard\u0131r. <\/p>\n","protected":false},"excerpt":{"rendered":"<p>K\u00fcreselle\u015fme, adeta bir g\u00fcndem s\u00f6zc\u00fc\u011f\u00fc. D\u00fcnyan\u0131n g\u00fcndemi \u00fczerine konu\u015fmak, k\u00fcreselle\u015fme \u00fcst\u00fcne gevezelik yapmakla e\u015f anlaml\u0131d\u0131r. K\u00fcreselle\u015fme, herkesin \u00fczerine konu\u015ftu\u011fu bir alan haline geldi, neredeyse bu konuda<span class=\"excerpt-hellip\"> [\u2026]<\/span><\/p>\n","protected":false},"featured_media":0,"template":"","meta":{"_monsterinsights_skip_tracking":false,"_monsterinsights_sitenote_active":false,"_monsterinsights_sitenote_note":"","_monsterinsights_sitenote_category":0},"product_brand":[],"product_cat":[16038,12388],"product_tag":[],"class_list":{"0":"post-696538","1":"product","2":"type-product","3":"status-publish","5":"product_cat-arastirma-inceleme-referans-felsefe","6":"product_cat-felsefe","7":"pa_cilt-ciltsiz","8":"pa_tur-kitap","9":"pa_yayinevi-ani-yayincilik","10":"pa_yazar-sezgin-kizilcelik","12":"first","13":"instock","14":"sale","15":"shipping-taxable","16":"purchasable","17":"product-type-simple"},"_links":{"self":[{"href":"https:\/\/roveyayinevi.com.tr\/index.php\/wp-json\/wp\/v2\/product\/696538","targetHints":{"allow":["GET"]}}],"collection":[{"href":"https:\/\/roveyayinevi.com.tr\/index.php\/wp-json\/wp\/v2\/product"}],"about":[{"href":"https:\/\/roveyayinevi.com.tr\/index.php\/wp-json\/wp\/v2\/types\/product"}],"wp:attachment":[{"href":"https:\/\/roveyayinevi.com.tr\/index.php\/wp-json\/wp\/v2\/media?parent=696538"}],"wp:term":[{"taxonomy":"product_brand","embeddable":true,"href":"https:\/\/roveyayinevi.com.tr\/index.php\/wp-json\/wp\/v2\/product_brand?post=696538"},{"taxonomy":"product_cat","embeddable":true,"href":"https:\/\/roveyayinevi.com.tr\/index.php\/wp-json\/wp\/v2\/product_cat?post=696538"},{"taxonomy":"product_tag","embeddable":true,"href":"https:\/\/roveyayinevi.com.tr\/index.php\/wp-json\/wp\/v2\/product_tag?post=696538"}],"curies":[{"name":"wp","href":"https:\/\/api.w.org\/{rel}","templated":true}]}}