{"id":696536,"date":"2025-08-27T14:35:22","date_gmt":"2025-08-27T11:35:22","guid":{"rendered":"https:\/\/roveyayinevi.com.tr\/index.php\/urun\/ogrenme-ogretme-kuram-ve-yaklasimlari\/"},"modified":"2026-04-16T02:06:22","modified_gmt":"2026-04-15T23:06:22","slug":"ogrenme-ogretme-kuram-ve-yaklasimlari","status":"publish","type":"product","link":"https:\/\/roveyayinevi.com.tr\/index.php\/urun\/ogrenme-ogretme-kuram-ve-yaklasimlari\/","title":{"rendered":"\u00d6\u011frenme \u00d6\u011fretme Kuram ve Yakla\u015f\u0131mlar\u0131"},"content":{"rendered":"<p>Bu kitap temel olarak &#8216;Pedagojik Formasyon E\u011fitimi Sertifika Program\u0131&#8217;, &#8216;\u0130ngilizce \u00d6\u011fretmenli\u011fi Sertifika Program\u0131&#8217; \u00f6\u011frencileri i\u00e7in ders kitab\u0131 niteli\u011finde d\u00fc\u015f\u00fcn\u00fclm\u00fc\u015ft\u00fcr. Kitap ayr\u0131ca, e\u011fitim fak\u00fcltelerinin di\u011fer b\u00f6l\u00fcmlerinde \u00f6\u011frenimini s\u00fcrd\u00fcren lisans \u00f6\u011frencileri i\u00e7in se\u00e7meli ders kapsam\u0131nda bir kaynak niteli\u011fi ta\u015f\u0131yabilir. Bunun yan\u0131 s\u0131ra, e\u011fitim disiplinlerinin herhangi birinde e\u011fitim g\u00f6ren lisans\u00fcst\u00fc \u00f6\u011frencileri i\u00e7in de yard\u0131mc\u0131 kaynak niteli\u011fi olu\u015fturabilir. Bunlara ek olarak bu kitap, resmi ve \u00f6zel okullar\u0131n her e\u011fitim d\u00fczeyinde, kendini geli\u015ftirmek, bilgilerini tazelemek isteyen \u00f6\u011fretmenlere destek olabilir. Belirtilen bu nedenlerle, bu kitap ile \u00f6\u011frenme-\u00f6\u011fretme s\u00fcrecindeki sorunlara \u00e7\u00f6z\u00fcm \u00fcretmek isteyen e\u011fitimcilere hizmet etmek ama\u00e7lanm\u0131\u015ft\u0131r. <\/p>\n","protected":false},"excerpt":{"rendered":"<p>Bu kitap temel olarak &#8216;Pedagojik Formasyon E\u011fitimi Sertifika Program\u0131&#8217;, &#8216;\u0130ngilizce \u00d6\u011fretmenli\u011fi Sertifika Program\u0131&#8217; \u00f6\u011frencileri i\u00e7in ders kitab\u0131 niteli\u011finde d\u00fc\u015f\u00fcn\u00fclm\u00fc\u015ft\u00fcr. Kitap ayr\u0131ca, e\u011fitim fak\u00fcltelerinin di\u011fer b\u00f6l\u00fcmlerinde \u00f6\u011frenimini<span class=\"excerpt-hellip\"> [\u2026]<\/span><\/p>\n","protected":false},"featured_media":0,"template":"","meta":{"_monsterinsights_skip_tracking":false,"_monsterinsights_sitenote_active":false,"_monsterinsights_sitenote_note":"","_monsterinsights_sitenote_category":0},"product_brand":[],"product_cat":[12312,12304],"product_tag":[],"class_list":{"0":"post-696536","1":"product","2":"type-product","3":"status-publish","5":"product_cat-diger","6":"product_cat-tarih","7":"pa_cilt-ciltsiz","8":"pa_tur-kitap","9":"pa_yayinevi-ani-yayincilik","10":"pa_yazar-seval-fer","12":"first","13":"instock","14":"sale","15":"shipping-taxable","16":"purchasable","17":"product-type-simple"},"_links":{"self":[{"href":"https:\/\/roveyayinevi.com.tr\/index.php\/wp-json\/wp\/v2\/product\/696536","targetHints":{"allow":["GET"]}}],"collection":[{"href":"https:\/\/roveyayinevi.com.tr\/index.php\/wp-json\/wp\/v2\/product"}],"about":[{"href":"https:\/\/roveyayinevi.com.tr\/index.php\/wp-json\/wp\/v2\/types\/product"}],"wp:attachment":[{"href":"https:\/\/roveyayinevi.com.tr\/index.php\/wp-json\/wp\/v2\/media?parent=696536"}],"wp:term":[{"taxonomy":"product_brand","embeddable":true,"href":"https:\/\/roveyayinevi.com.tr\/index.php\/wp-json\/wp\/v2\/product_brand?post=696536"},{"taxonomy":"product_cat","embeddable":true,"href":"https:\/\/roveyayinevi.com.tr\/index.php\/wp-json\/wp\/v2\/product_cat?post=696536"},{"taxonomy":"product_tag","embeddable":true,"href":"https:\/\/roveyayinevi.com.tr\/index.php\/wp-json\/wp\/v2\/product_tag?post=696536"}],"curies":[{"name":"wp","href":"https:\/\/api.w.org\/{rel}","templated":true}]}}