{"id":696531,"date":"2025-08-27T14:35:21","date_gmt":"2025-08-27T11:35:21","guid":{"rendered":"https:\/\/roveyayinevi.com.tr\/index.php\/urun\/fen-ve-matematik-egitiminde-teknolojik-pedagolojik-alan-bilgisi\/"},"modified":"2026-04-16T02:06:22","modified_gmt":"2026-04-15T23:06:22","slug":"fen-ve-matematik-egitiminde-teknolojik-pedagolojik-alan-bilgisi","status":"publish","type":"product","link":"https:\/\/roveyayinevi.com.tr\/index.php\/urun\/fen-ve-matematik-egitiminde-teknolojik-pedagolojik-alan-bilgisi\/","title":{"rendered":"Fen ve Matematik E\u011fitiminde Teknolojik Pedagolojik Alan Bilgisi"},"content":{"rendered":"<p>Fen ve matematik e\u011fitiminde yer alabilecek yeni modeller \u00f6neren \u00e7al\u0131\u015fma web ara\u015ft\u0131rmalar\u0131, internet g\u00fcnl\u00fckleri (blog), bilim kurgu filmleri ve bilgisayar oyunlar\u0131 gibi ara\u00e7larla yarat\u0131c\u0131 bir e\u011fitim ve \u00f6\u011fretim deneyiminden nas\u0131l sonu\u00e7lar elde edilebilece\u011fi sorusuna odaklan\u0131yor. Di\u011fer taraftan eser, alana ili\u015fkin &#8220;gelecekteki e\u011filimlere&#8221; dair \u00f6ng\u00f6r\u00fclere de de\u011finerek okura farkl\u0131 bir bak\u0131\u015f a\u00e7\u0131s\u0131 sunuyor.<\/p>\n","protected":false},"excerpt":{"rendered":"<p>Fen ve matematik e\u011fitiminde yer alabilecek yeni modeller \u00f6neren \u00e7al\u0131\u015fma web ara\u015ft\u0131rmalar\u0131, internet g\u00fcnl\u00fckleri (blog), bilim kurgu filmleri ve bilgisayar oyunlar\u0131 gibi ara\u00e7larla yarat\u0131c\u0131 bir e\u011fitim<span class=\"excerpt-hellip\"> [\u2026]<\/span><\/p>\n","protected":false},"featured_media":0,"template":"","meta":{"_monsterinsights_skip_tracking":false,"_monsterinsights_sitenote_active":false,"_monsterinsights_sitenote_note":"","_monsterinsights_sitenote_category":0},"product_brand":[],"product_cat":[12312,12304],"product_tag":[],"class_list":{"0":"post-696531","1":"product","2":"type-product","3":"status-publish","5":"product_cat-diger","6":"product_cat-tarih","7":"pa_cilt-ciltsiz","8":"pa_tur-kitap","9":"pa_yayinevi-ani-yayincilik","10":"pa_yazar-tugba-yanpar-yelken","12":"first","13":"instock","14":"sale","15":"shipping-taxable","16":"purchasable","17":"product-type-simple"},"_links":{"self":[{"href":"https:\/\/roveyayinevi.com.tr\/index.php\/wp-json\/wp\/v2\/product\/696531","targetHints":{"allow":["GET"]}}],"collection":[{"href":"https:\/\/roveyayinevi.com.tr\/index.php\/wp-json\/wp\/v2\/product"}],"about":[{"href":"https:\/\/roveyayinevi.com.tr\/index.php\/wp-json\/wp\/v2\/types\/product"}],"wp:attachment":[{"href":"https:\/\/roveyayinevi.com.tr\/index.php\/wp-json\/wp\/v2\/media?parent=696531"}],"wp:term":[{"taxonomy":"product_brand","embeddable":true,"href":"https:\/\/roveyayinevi.com.tr\/index.php\/wp-json\/wp\/v2\/product_brand?post=696531"},{"taxonomy":"product_cat","embeddable":true,"href":"https:\/\/roveyayinevi.com.tr\/index.php\/wp-json\/wp\/v2\/product_cat?post=696531"},{"taxonomy":"product_tag","embeddable":true,"href":"https:\/\/roveyayinevi.com.tr\/index.php\/wp-json\/wp\/v2\/product_tag?post=696531"}],"curies":[{"name":"wp","href":"https:\/\/api.w.org\/{rel}","templated":true}]}}