{"id":696529,"date":"2025-08-27T14:35:21","date_gmt":"2025-08-27T11:35:21","guid":{"rendered":"https:\/\/roveyayinevi.com.tr\/index.php\/urun\/elestirel-medya-okuryazarligi\/"},"modified":"2026-04-16T02:06:21","modified_gmt":"2026-04-15T23:06:21","slug":"elestirel-medya-okuryazarligi","status":"publish","type":"product","link":"https:\/\/roveyayinevi.com.tr\/index.php\/urun\/elestirel-medya-okuryazarligi\/","title":{"rendered":"Ele\u015ftirel Medya Okuryazarl\u0131\u011f\u0131"},"content":{"rendered":"<p>Ge\u00e7en y\u00fczy\u0131l i\u00e7inde ortaya \u00e7\u0131kan bulu\u015flar ve yenilikler, &#8216;bilgi \u00e7a\u011f\u0131&#8217; olarak nitelendirilen yeni bir d\u00f6nemin kap\u0131lar\u0131n\u0131 a\u00e7m\u0131\u015ft\u0131r. Ancak &#8216;bilgi \u00e7a\u011f\u0131&#8217; n\u0131 sadece bilginin \u00fcretimi ve yay\u0131lmas\u0131 s\u00fcrecindeki kolayl\u0131klara dayal\u0131 olarak ortaya \u00e7\u0131kan bilgi \u00e7oklu\u011fu olarak g\u00f6rmek yeterli de\u011fildir. G\u00fcndelik hayatta etraf\u0131m\u0131zda u\u00e7u\u015fan bilgiler, pazarlanmak amac\u0131yla ince ve hileli tekniklerle s\u00fcslenmi\u015f, kendisi gibi binlerce bilgiyle rekabet halinde olan iletilerdir. \u0130\u015fte b\u00f6yle bir d\u00fcnyada medya okuryazarl\u0131\u011f\u0131, insanlar i\u00e7in hava ve su gibi en temel ihtiya\u00e7lardan biri haline gelmi\u015ftir. Bu kitab\u0131n \u00f6ncelikli hedef kitlesi , Medya okuryazarl\u0131\u011f\u0131 dersini veren \u00f6\u011fretmenler ve medya okuryazarl\u0131\u011f\u0131n\u0131 di\u011fer derslerin i\u00e7inde bir bile\u015fen olarak kullanan t\u00fcm s\u0131n\u0131f ve alan \u00f6\u011fretmenleridir. Di\u011fer bir hedef kitle ise \u00fcniversitelerde Medya Okuryazarl\u0131\u011f\u0131 dersini alan \u00f6\u011fretmen adaylar\u0131d\u0131r. Kitap i\u00e7erdi\u011fi konular a\u00e7\u0131s\u0131ndan de\u011ferlendirildi\u011finde, ileti\u015fim alan\u0131nda \u00e7al\u0131\u015fan veya \u00f6\u011frenim g\u00f6renler i\u00e7in de \u00f6nemli bir ba\u015fvuru kayna\u011f\u0131 olarak g\u00f6r\u00fclebilir. Ayr\u0131ca dilinin sadeli\u011fi, \u00f6rnekler ve g\u00f6rseller, kitab\u0131n anla\u015f\u0131l\u0131r olmas\u0131nda \u00f6nemli bir rol oynamaktad\u0131r. <\/p>\n","protected":false},"excerpt":{"rendered":"<p>Ge\u00e7en y\u00fczy\u0131l i\u00e7inde ortaya \u00e7\u0131kan bulu\u015flar ve yenilikler, &#8216;bilgi \u00e7a\u011f\u0131&#8217; olarak nitelendirilen yeni bir d\u00f6nemin kap\u0131lar\u0131n\u0131 a\u00e7m\u0131\u015ft\u0131r. Ancak &#8216;bilgi \u00e7a\u011f\u0131&#8217; n\u0131 sadece bilginin \u00fcretimi ve yay\u0131lmas\u0131<span class=\"excerpt-hellip\"> [\u2026]<\/span><\/p>\n","protected":false},"featured_media":0,"template":"","meta":{"_monsterinsights_skip_tracking":false,"_monsterinsights_sitenote_active":false,"_monsterinsights_sitenote_note":"","_monsterinsights_sitenote_category":0},"product_brand":[],"product_cat":[12312,12304],"product_tag":[],"class_list":{"0":"post-696529","1":"product","2":"type-product","3":"status-publish","5":"product_cat-diger","6":"product_cat-tarih","7":"pa_cilt-ciltsiz","8":"pa_tur-kitap","9":"pa_yayinevi-ani-yayincilik","10":"pa_yazar-abdurrahman-sahin","12":"first","13":"instock","14":"sale","15":"shipping-taxable","16":"purchasable","17":"product-type-simple"},"_links":{"self":[{"href":"https:\/\/roveyayinevi.com.tr\/index.php\/wp-json\/wp\/v2\/product\/696529","targetHints":{"allow":["GET"]}}],"collection":[{"href":"https:\/\/roveyayinevi.com.tr\/index.php\/wp-json\/wp\/v2\/product"}],"about":[{"href":"https:\/\/roveyayinevi.com.tr\/index.php\/wp-json\/wp\/v2\/types\/product"}],"wp:attachment":[{"href":"https:\/\/roveyayinevi.com.tr\/index.php\/wp-json\/wp\/v2\/media?parent=696529"}],"wp:term":[{"taxonomy":"product_brand","embeddable":true,"href":"https:\/\/roveyayinevi.com.tr\/index.php\/wp-json\/wp\/v2\/product_brand?post=696529"},{"taxonomy":"product_cat","embeddable":true,"href":"https:\/\/roveyayinevi.com.tr\/index.php\/wp-json\/wp\/v2\/product_cat?post=696529"},{"taxonomy":"product_tag","embeddable":true,"href":"https:\/\/roveyayinevi.com.tr\/index.php\/wp-json\/wp\/v2\/product_tag?post=696529"}],"curies":[{"name":"wp","href":"https:\/\/api.w.org\/{rel}","templated":true}]}}