{"id":696528,"date":"2025-08-27T14:35:20","date_gmt":"2025-08-27T11:35:20","guid":{"rendered":"https:\/\/roveyayinevi.com.tr\/index.php\/urun\/genel-fizik-laboratuvari-1-2-deney-kitabi\/"},"modified":"2026-04-16T02:06:21","modified_gmt":"2026-04-15T23:06:21","slug":"genel-fizik-laboratuvari-1-2-deney-kitabi","status":"publish","type":"product","link":"https:\/\/roveyayinevi.com.tr\/index.php\/urun\/genel-fizik-laboratuvari-1-2-deney-kitabi\/","title":{"rendered":"Genel Fizik Laboratuvar\u0131 1-2 Deney Kitab\u0131"},"content":{"rendered":"<p>Bu \u00e7al\u0131\u015fma \u00dcniversitelerin E\u011fitim ve Fen-Edebiyat Fak\u00fclteleri ile fizi\u011fe programlar\u0131nda yer veren di\u011fer Fak\u00fclte ve Y\u00fcksek Okullar\u0131n ilgili b\u00f6l\u00fcmlerinin birinci s\u0131n\u0131flar\u0131nda okutulan Genel Fizik Laboratuvar\u0131 1 ve 2 derslerinde kullan\u0131labilecek bir ders materyali olarak d\u00fc\u015f\u00fcn\u00fclm\u00fc\u015f ve haz\u0131rlanm\u0131\u015ft\u0131r. Haz\u0131rlanan bu deney kitab\u0131; \u00f6ncelikle laboratuar derslerinin y\u00fcr\u00fct\u00fclmesi s\u00fcrecinde yararlan\u0131labilecek baz\u0131 temel bilgilerden ve ilgili her bir konuya y\u00f6nelik \u00f6z bilgi ile d\u00f6rt deneye yer verilerek toplam 12 b\u00f6l\u00fcm ve 48 deneyden olu\u015fturulmu\u015ftur. Deneylerin basit alet ve ara\u00e7larla yap\u0131lmas\u0131na, her zaman kolayl\u0131kla uygulanabilir olmas\u0131na dikkat edilmi\u015ftir. Deneyler \u00f6zellikle \u00f6\u011frencilerin yapmas\u0131 ve sonu\u00e7land\u0131rmas\u0131 yaparak ya\u015fayarak \u00f6\u011frenme modeline uygundur. <\/p>\n","protected":false},"excerpt":{"rendered":"<p>Bu \u00e7al\u0131\u015fma \u00dcniversitelerin E\u011fitim ve Fen-Edebiyat Fak\u00fclteleri ile fizi\u011fe programlar\u0131nda yer veren di\u011fer Fak\u00fclte ve Y\u00fcksek Okullar\u0131n ilgili b\u00f6l\u00fcmlerinin birinci s\u0131n\u0131flar\u0131nda okutulan Genel Fizik Laboratuvar\u0131 1<span class=\"excerpt-hellip\"> [\u2026]<\/span><\/p>\n","protected":false},"featured_media":0,"template":"","meta":{"_monsterinsights_skip_tracking":false,"_monsterinsights_sitenote_active":false,"_monsterinsights_sitenote_note":"","_monsterinsights_sitenote_category":0},"product_brand":[],"product_cat":[12573,12566],"product_tag":[],"class_list":{"0":"post-696528","1":"product","2":"type-product","3":"status-publish","5":"product_cat-akademik-kitaplar","6":"product_cat-egitim","7":"pa_cilt-ciltsiz","8":"pa_tur-kitap","9":"pa_yayinevi-ani-yayincilik","10":"pa_yazar-necati-yalcin","12":"first","13":"instock","14":"sale","15":"shipping-taxable","16":"purchasable","17":"product-type-simple"},"_links":{"self":[{"href":"https:\/\/roveyayinevi.com.tr\/index.php\/wp-json\/wp\/v2\/product\/696528","targetHints":{"allow":["GET"]}}],"collection":[{"href":"https:\/\/roveyayinevi.com.tr\/index.php\/wp-json\/wp\/v2\/product"}],"about":[{"href":"https:\/\/roveyayinevi.com.tr\/index.php\/wp-json\/wp\/v2\/types\/product"}],"wp:attachment":[{"href":"https:\/\/roveyayinevi.com.tr\/index.php\/wp-json\/wp\/v2\/media?parent=696528"}],"wp:term":[{"taxonomy":"product_brand","embeddable":true,"href":"https:\/\/roveyayinevi.com.tr\/index.php\/wp-json\/wp\/v2\/product_brand?post=696528"},{"taxonomy":"product_cat","embeddable":true,"href":"https:\/\/roveyayinevi.com.tr\/index.php\/wp-json\/wp\/v2\/product_cat?post=696528"},{"taxonomy":"product_tag","embeddable":true,"href":"https:\/\/roveyayinevi.com.tr\/index.php\/wp-json\/wp\/v2\/product_tag?post=696528"}],"curies":[{"name":"wp","href":"https:\/\/api.w.org\/{rel}","templated":true}]}}