{"id":696526,"date":"2025-08-27T14:35:20","date_gmt":"2025-08-27T11:35:20","guid":{"rendered":"https:\/\/roveyayinevi.com.tr\/index.php\/urun\/alman-dili-ve-edebiyati-uzerine\/"},"modified":"2026-04-16T02:06:21","modified_gmt":"2026-04-15T23:06:21","slug":"alman-dili-ve-edebiyati-uzerine","status":"publish","type":"product","link":"https:\/\/roveyayinevi.com.tr\/index.php\/urun\/alman-dili-ve-edebiyati-uzerine\/","title":{"rendered":"Alman Dili ve Edebiyat\u0131 \u00dczerine"},"content":{"rendered":"<p>Kitap, yazar\u0131n \u00e7e\u015fitli tarihlerde sundu\u011fu Almanca, \u0130ngilizce ve T\u00fcrk\u00e7e bildirilerin g\u00f6zden ge\u00e7irilmi\u015f halidir. Makaleler, Alman Dili ve Edebiyat\u0131 \u00fczerine bilimsel literat\u00fcr \u0131\u015f\u0131\u011f\u0131nda haz\u0131rlanm\u0131\u015f, Alman Dili ve Edebiyat\u0131 ile Alman Dili E\u011fitimi ile ilgilenen t\u00fcm okurlara faydal\u0131 olaca\u011f\u0131 d\u00fc\u015f\u00fcn\u00fclm\u00fc\u015ft\u00fcr.<\/p>\n","protected":false},"excerpt":{"rendered":"<p>Kitap, yazar\u0131n \u00e7e\u015fitli tarihlerde sundu\u011fu Almanca, \u0130ngilizce ve T\u00fcrk\u00e7e bildirilerin g\u00f6zden ge\u00e7irilmi\u015f halidir. Makaleler, Alman Dili ve Edebiyat\u0131 \u00fczerine bilimsel literat\u00fcr \u0131\u015f\u0131\u011f\u0131nda haz\u0131rlanm\u0131\u015f, Alman Dili ve<span class=\"excerpt-hellip\"> [\u2026]<\/span><\/p>\n","protected":false},"featured_media":0,"template":"","meta":{"_monsterinsights_skip_tracking":false,"_monsterinsights_sitenote_active":false,"_monsterinsights_sitenote_note":"","_monsterinsights_sitenote_category":0},"product_brand":[],"product_cat":[13072,12291],"product_tag":[],"class_list":{"0":"post-696526","1":"product","2":"type-product","3":"status-publish","5":"product_cat-arastirma-inceleme-referans","6":"product_cat-edebiyat","7":"pa_cilt-ciltsiz","8":"pa_tur-kitap","9":"pa_yayinevi-ani-yayincilik","10":"pa_yazar-ozlem-firtina","12":"first","13":"instock","14":"sale","15":"shipping-taxable","16":"purchasable","17":"product-type-simple"},"_links":{"self":[{"href":"https:\/\/roveyayinevi.com.tr\/index.php\/wp-json\/wp\/v2\/product\/696526","targetHints":{"allow":["GET"]}}],"collection":[{"href":"https:\/\/roveyayinevi.com.tr\/index.php\/wp-json\/wp\/v2\/product"}],"about":[{"href":"https:\/\/roveyayinevi.com.tr\/index.php\/wp-json\/wp\/v2\/types\/product"}],"wp:attachment":[{"href":"https:\/\/roveyayinevi.com.tr\/index.php\/wp-json\/wp\/v2\/media?parent=696526"}],"wp:term":[{"taxonomy":"product_brand","embeddable":true,"href":"https:\/\/roveyayinevi.com.tr\/index.php\/wp-json\/wp\/v2\/product_brand?post=696526"},{"taxonomy":"product_cat","embeddable":true,"href":"https:\/\/roveyayinevi.com.tr\/index.php\/wp-json\/wp\/v2\/product_cat?post=696526"},{"taxonomy":"product_tag","embeddable":true,"href":"https:\/\/roveyayinevi.com.tr\/index.php\/wp-json\/wp\/v2\/product_tag?post=696526"}],"curies":[{"name":"wp","href":"https:\/\/api.w.org\/{rel}","templated":true}]}}