{"id":696525,"date":"2025-08-27T14:35:20","date_gmt":"2025-08-27T11:35:20","guid":{"rendered":"https:\/\/roveyayinevi.com.tr\/index.php\/urun\/frankfurt-okulu\/"},"modified":"2026-04-16T02:06:21","modified_gmt":"2026-04-15T23:06:21","slug":"frankfurt-okulu","status":"publish","type":"product","link":"https:\/\/roveyayinevi.com.tr\/index.php\/urun\/frankfurt-okulu\/","title":{"rendered":"Frankfurt Okulu"},"content":{"rendered":"<p>Bu eserde, Frankfurt Okulu\u2019nun olu\u015fumu, tarihsel geli\u015fimi, ayd\u0131nlanmaya, pozitivizme, modernli\u011fe, k\u00fclt\u00fcr end\u00fcstrisine, Marxist teoriye ve sosyolojiye ili\u015fkin temel ele\u015ftirileri detayl\u0131 bir \u015fekilde tart\u0131\u015f\u0131lm\u0131\u015ft\u0131r. Bu metin, Bat\u0131 toplumlar\u0131n\u0131n ger\u00e7ek \u00e7ehresini g\u00f6rmek, Avrupa tiranl\u0131\u011f\u0131n\u0131 anlamak, modernli\u011fin ruhu olan rasyonalitedeki irrasyonel y\u00f6n\u00fc a\u00e7\u0131\u011fa \u00e7\u0131karmak, akl\u0131n y\u0131k\u0131m\u0131n\u0131 ve ak\u0131l tutulmas\u0131n\u0131 kavramak, asr\u0131m\u0131z\u0131n ak\u0131ld\u0131\u015f\u0131 niteli\u011fini g\u00f6zler \u00f6n\u00fcne sermek, fa\u015fizmin modern toplumun kendi dinamikleriyle ba\u011flant\u0131l\u0131 oldu\u011funu g\u00f6stermek, k\u00fcreselle\u015fen d\u00fcnyan\u0131n yeni t\u00fcrden fa\u015fizme ve \u00e7a\u011fda\u015f totalitarizme giden yollar\u0131n\u0131 do\u011fru idrak etmek, modern cehennemden ve derin modernlik uykusundan uyanmak, modern Bat\u0131 sisteminin bile\u015fenleri olan ayd\u0131nlanman\u0131n yeni bir barbarl\u0131\u011fa yol a\u00e7t\u0131\u011f\u0131n\u0131 irdelemek, pozitivizmin ve sosyolojinin burjuvaziyle dans\u0131n\u0131 de\u015fifre etmek, k\u00fclt\u00fcr end\u00fcstrisinin yaratt\u0131\u011f\u0131 tahribatlar\u0131 belirlemek, k\u0131sacas\u0131 Bat\u0131\u2019n\u0131n her \u015feyine ele\u015ftirel bir g\u00f6zle bakmak isteyenler i\u00e7in kaleme al\u0131nm\u0131\u015ft\u0131r. Ele\u015ftirinin fel\u00e7 edilmesinin insanl\u0131\u011f\u0131 u\u00e7uruma g\u00f6t\u00fcrece\u011fini d\u00fc\u015f\u00fcnenlere, ele\u015ftiri bilincinin geli\u015fmesinin insanl\u0131\u011f\u0131 karanl\u0131klardan ayd\u0131nl\u0131klara \u00e7\u0131karaca\u011f\u0131na inananlara, ele\u015ftiriyi ba\u015f tac\u0131 yapanlara, ele\u015ftirinin g\u00fcc\u00fcn\u00fc merak edenlere\u2026 <\/p>\n","protected":false},"excerpt":{"rendered":"<p>Bu eserde, Frankfurt Okulu\u2019nun olu\u015fumu, tarihsel geli\u015fimi, ayd\u0131nlanmaya, pozitivizme, modernli\u011fe, k\u00fclt\u00fcr end\u00fcstrisine, Marxist teoriye ve sosyolojiye ili\u015fkin temel ele\u015ftirileri detayl\u0131 bir \u015fekilde tart\u0131\u015f\u0131lm\u0131\u015ft\u0131r. Bu metin, Bat\u0131<span class=\"excerpt-hellip\"> [\u2026]<\/span><\/p>\n","protected":false},"featured_media":0,"template":"","meta":{"_monsterinsights_skip_tracking":false,"_monsterinsights_sitenote_active":false,"_monsterinsights_sitenote_note":"","_monsterinsights_sitenote_category":0},"product_brand":[],"product_cat":[16098,12337],"product_tag":[],"class_list":{"0":"post-696525","1":"product","2":"type-product","3":"status-publish","5":"product_cat-politik-akimlar-hareketler","6":"product_cat-politika-siyaset","7":"pa_cilt-ciltsiz","8":"pa_tur-kitap","9":"pa_yayinevi-ani-yayincilik","10":"pa_yazar-sezgin-kizilcelik","12":"first","13":"instock","14":"sale","15":"shipping-taxable","16":"purchasable","17":"product-type-simple"},"_links":{"self":[{"href":"https:\/\/roveyayinevi.com.tr\/index.php\/wp-json\/wp\/v2\/product\/696525","targetHints":{"allow":["GET"]}}],"collection":[{"href":"https:\/\/roveyayinevi.com.tr\/index.php\/wp-json\/wp\/v2\/product"}],"about":[{"href":"https:\/\/roveyayinevi.com.tr\/index.php\/wp-json\/wp\/v2\/types\/product"}],"wp:attachment":[{"href":"https:\/\/roveyayinevi.com.tr\/index.php\/wp-json\/wp\/v2\/media?parent=696525"}],"wp:term":[{"taxonomy":"product_brand","embeddable":true,"href":"https:\/\/roveyayinevi.com.tr\/index.php\/wp-json\/wp\/v2\/product_brand?post=696525"},{"taxonomy":"product_cat","embeddable":true,"href":"https:\/\/roveyayinevi.com.tr\/index.php\/wp-json\/wp\/v2\/product_cat?post=696525"},{"taxonomy":"product_tag","embeddable":true,"href":"https:\/\/roveyayinevi.com.tr\/index.php\/wp-json\/wp\/v2\/product_tag?post=696525"}],"curies":[{"name":"wp","href":"https:\/\/api.w.org\/{rel}","templated":true}]}}