{"id":696524,"date":"2025-08-27T14:35:19","date_gmt":"2025-08-27T11:35:19","guid":{"rendered":"https:\/\/roveyayinevi.com.tr\/index.php\/urun\/gelecekteki-olasi-egitim-sistemleri-ve-bazi-arastirmalar\/"},"modified":"2026-04-16T02:06:21","modified_gmt":"2026-04-15T23:06:21","slug":"gelecekteki-olasi-egitim-sistemleri-ve-bazi-arastirmalar","status":"publish","type":"product","link":"https:\/\/roveyayinevi.com.tr\/index.php\/urun\/gelecekteki-olasi-egitim-sistemleri-ve-bazi-arastirmalar\/","title":{"rendered":"Gelecekteki Olas\u0131 E\u011fitim Sistemleri ve Baz\u0131 Ara\u015ft\u0131rmalar"},"content":{"rendered":"<p>Bu yap\u0131t, gelece\u011fin olas\u0131 e\u011fitim sistemleri \u00fczerinde bilim kurgusal bir \u00e7al\u0131\u015fmad\u0131r. \u015eimdiden baz\u0131 e\u011fitim sistemleri k\u0131smen ger\u00e7ekle\u015fmektedir. Dizgeli e\u011fitim ile dizgeli bilgisayarl\u0131 e\u011fitim, bu sava \u00f6rnek olabilir. Gelecekteki ya\u015fam\u0131 b\u00fcy\u00fck oranda etkileyecek de\u011fi\u015fkenler; 1. Bilim ve teknikteki geli\u015fme; 2. Bilgiye ula\u015fma, kullanma, de\u011ferlendirip geli\u015ftirme; 3. \u0130nsan\u0131n \u00e7\u00f6zmek zorunda oldu\u011fu sorunlar ve gereksinimleri; 4. Kendini ger\u00e7ekle\u015ftirme olarak d\u00f6rt boyutta toplanabilir.  Bunlardan biri olan; bilim, sanat ve felsefedeki h\u0131zl\u0131 geli\u015fme ve de\u011fi\u015fmeler \u00f6nemli bir etken gibi d\u00fc\u015f\u00fcn\u00fclebilir. \u00d6zellikle biyoteknoloji alan\u0131nda yap\u0131lan bulu\u015flar, insan ve do\u011fal ya\u015fam\u0131 t\u00fcm\u00fcyle de\u011fi\u015ftirebilecek g\u00fc\u00e7te g\u00f6r\u00fclmektedir. Gelecek ya\u015fam, bu bulu\u015flar ve uygulamalar \u00fczerine kurulabilir. \u0130nsano\u011flu art\u0131k bilgi \u00e7a\u011f\u0131na girmi\u015f bulunmaktad\u0131r. Dakikada d\u00fcnyay\u0131 sarsacak bulu\u015f say\u0131s\u0131 bug\u00fcn y\u00fczlerin \u00fczerindedir. Bu kadar h\u0131zla geli\u015fen ve de\u011fi\u015fen bilgiye ula\u015fmak, onu kullanmak, de\u011ferlendirip yeniden \u00fcretmek gerekli olabilir. \u0130nsan\u0131n 19. y\u00fczy\u0131l\u0131n ba\u015f\u0131na kadar \u00fcretti\u011fi bilgi birikimi 4-6 bin \u00f6nermede toplanabilirdi. Bunlar\u0131n t\u00fcm\u00fcn\u00fc \u00f6\u011frenmek i\u00e7in sekiz, on y\u0131ll\u0131k bir e\u011fitim yeterli olabilirdi. Oysa bug\u00fcn yaln\u0131z bir anabilimdal\u0131\u2019nda y\u0131lda \u00fcretilen bilgi binlerle ifade edilmektedir. Art\u0131k bir ana bilim dal\u0131 i\u00e7in yirmi y\u0131ll\u0131k bir e\u011fitim de yetmemekte, ya\u015fam boyu e\u011fitimden s\u00f6z edilmektedir. <\/p>\n","protected":false},"excerpt":{"rendered":"<p>Bu yap\u0131t, gelece\u011fin olas\u0131 e\u011fitim sistemleri \u00fczerinde bilim kurgusal bir \u00e7al\u0131\u015fmad\u0131r. \u015eimdiden baz\u0131 e\u011fitim sistemleri k\u0131smen ger\u00e7ekle\u015fmektedir. Dizgeli e\u011fitim ile dizgeli bilgisayarl\u0131 e\u011fitim, bu sava \u00f6rnek<span class=\"excerpt-hellip\"> [\u2026]<\/span><\/p>\n","protected":false},"featured_media":0,"template":"","meta":{"_monsterinsights_skip_tracking":false,"_monsterinsights_sitenote_active":false,"_monsterinsights_sitenote_note":"","_monsterinsights_sitenote_category":0},"product_brand":[],"product_cat":[12573,12566],"product_tag":[],"class_list":{"0":"post-696524","1":"product","2":"type-product","3":"status-publish","5":"product_cat-akademik-kitaplar","6":"product_cat-egitim","7":"pa_cilt-ciltsiz","8":"pa_tur-kitap","9":"pa_yayinevi-ani-yayincilik","10":"pa_yazar-veysel-sonmez","12":"first","13":"instock","14":"sale","15":"shipping-taxable","16":"purchasable","17":"product-type-simple"},"_links":{"self":[{"href":"https:\/\/roveyayinevi.com.tr\/index.php\/wp-json\/wp\/v2\/product\/696524","targetHints":{"allow":["GET"]}}],"collection":[{"href":"https:\/\/roveyayinevi.com.tr\/index.php\/wp-json\/wp\/v2\/product"}],"about":[{"href":"https:\/\/roveyayinevi.com.tr\/index.php\/wp-json\/wp\/v2\/types\/product"}],"wp:attachment":[{"href":"https:\/\/roveyayinevi.com.tr\/index.php\/wp-json\/wp\/v2\/media?parent=696524"}],"wp:term":[{"taxonomy":"product_brand","embeddable":true,"href":"https:\/\/roveyayinevi.com.tr\/index.php\/wp-json\/wp\/v2\/product_brand?post=696524"},{"taxonomy":"product_cat","embeddable":true,"href":"https:\/\/roveyayinevi.com.tr\/index.php\/wp-json\/wp\/v2\/product_cat?post=696524"},{"taxonomy":"product_tag","embeddable":true,"href":"https:\/\/roveyayinevi.com.tr\/index.php\/wp-json\/wp\/v2\/product_tag?post=696524"}],"curies":[{"name":"wp","href":"https:\/\/api.w.org\/{rel}","templated":true}]}}