{"id":696523,"date":"2025-08-27T14:35:19","date_gmt":"2025-08-27T11:35:19","guid":{"rendered":"https:\/\/roveyayinevi.com.tr\/index.php\/urun\/evlilik-oncesi-psikolojik-danisma\/"},"modified":"2026-04-16T02:06:21","modified_gmt":"2026-04-15T23:06:21","slug":"evlilik-oncesi-psikolojik-danisma","status":"publish","type":"product","link":"https:\/\/roveyayinevi.com.tr\/index.php\/urun\/evlilik-oncesi-psikolojik-danisma\/","title":{"rendered":"Evlilik \u00d6ncesi Psikolojik Dan\u0131\u015fma"},"content":{"rendered":"<p>Kitapta; evlilik \u00f6ncesi d\u00f6nem ve romantik ili\u015fkiler, e\u015f se\u00e7imi ve e\u015f se\u00e7iminde \u00f6nemli fakt\u00f6rler, e\u015f se\u00e7im kuramlar\u0131, evlilik \u00f6ncesi psikolojik dan\u0131\u015fma, evlilik \u00f6ncesi psikolojik dan\u0131\u015fmada ele al\u0131nan konular, evlilik \u00f6ncesi psikolojik dan\u0131\u015fmada de\u011ferlendirme, evlilik \u00f6ncesi grupla psikolojik dan\u0131\u015fma, evlilik \u00f6ncesi psikolojik dan\u0131\u015fmada kullan\u0131lan teknikler, evlilik \u00f6ncesi psikolojik dan\u0131\u015fmada kullan\u0131lan al\u0131\u015ft\u0131rmalar, evlilik \u00f6ncesi ili\u015fki geli\u015ftirme programlar, evlilik \u00f6ncesi psikolojik dan\u0131\u015fman\u0131n etkileri ve T\u00fcrkiye&#8217;de evlilik \u00f6ncesi ili\u015fki geli\u015ftirme programlar\u0131 ele al\u0131nmaktad\u0131r. \ufffcTan\u0131t\u0131m Metni<\/p>\n","protected":false},"excerpt":{"rendered":"<p>Kitapta; evlilik \u00f6ncesi d\u00f6nem ve romantik ili\u015fkiler, e\u015f se\u00e7imi ve e\u015f se\u00e7iminde \u00f6nemli fakt\u00f6rler, e\u015f se\u00e7im kuramlar\u0131, evlilik \u00f6ncesi psikolojik dan\u0131\u015fma, evlilik \u00f6ncesi psikolojik dan\u0131\u015fmada ele<span class=\"excerpt-hellip\"> [\u2026]<\/span><\/p>\n","protected":false},"featured_media":0,"template":"","meta":{"_monsterinsights_skip_tracking":false,"_monsterinsights_sitenote_active":false,"_monsterinsights_sitenote_note":"","_monsterinsights_sitenote_category":0},"product_brand":[],"product_cat":[26396,13488],"product_tag":[],"class_list":{"0":"post-696523","1":"product","2":"type-product","3":"status-publish","5":"product_cat-kadin-erkek-iliskileri","6":"product_cat-toplum-ve-insan","7":"pa_cilt-ciltsiz","8":"pa_tur-kitap","9":"pa_yayinevi-ani-yayincilik","10":"pa_yazar-zeynep-hamamci","12":"first","13":"instock","14":"sale","15":"shipping-taxable","16":"purchasable","17":"product-type-simple"},"_links":{"self":[{"href":"https:\/\/roveyayinevi.com.tr\/index.php\/wp-json\/wp\/v2\/product\/696523","targetHints":{"allow":["GET"]}}],"collection":[{"href":"https:\/\/roveyayinevi.com.tr\/index.php\/wp-json\/wp\/v2\/product"}],"about":[{"href":"https:\/\/roveyayinevi.com.tr\/index.php\/wp-json\/wp\/v2\/types\/product"}],"wp:attachment":[{"href":"https:\/\/roveyayinevi.com.tr\/index.php\/wp-json\/wp\/v2\/media?parent=696523"}],"wp:term":[{"taxonomy":"product_brand","embeddable":true,"href":"https:\/\/roveyayinevi.com.tr\/index.php\/wp-json\/wp\/v2\/product_brand?post=696523"},{"taxonomy":"product_cat","embeddable":true,"href":"https:\/\/roveyayinevi.com.tr\/index.php\/wp-json\/wp\/v2\/product_cat?post=696523"},{"taxonomy":"product_tag","embeddable":true,"href":"https:\/\/roveyayinevi.com.tr\/index.php\/wp-json\/wp\/v2\/product_tag?post=696523"}],"curies":[{"name":"wp","href":"https:\/\/api.w.org\/{rel}","templated":true}]}}