{"id":696522,"date":"2025-08-27T14:35:19","date_gmt":"2025-08-27T11:35:19","guid":{"rendered":"https:\/\/roveyayinevi.com.tr\/index.php\/urun\/egitim-kurumlarinda-adli-ve-idari-sorusturma\/"},"modified":"2026-04-16T02:06:21","modified_gmt":"2026-04-15T23:06:21","slug":"egitim-kurumlarinda-adli-ve-idari-sorusturma","status":"publish","type":"product","link":"https:\/\/roveyayinevi.com.tr\/index.php\/urun\/egitim-kurumlarinda-adli-ve-idari-sorusturma\/","title":{"rendered":"E\u011fitim Kurumlar\u0131nda Adli ve \u0130dari Soru\u015fturma"},"content":{"rendered":"<p>DMK\u2019n\u0131n disiplinle ilgili h\u00fck\u00fcmleri i\u00e7inde yer alan \u00e7e\u015fitli h\u00fck\u00fcmlerinde, soru\u015fturmadan ve soru\u015fturmac\u0131dan s\u00f6z edilmekle birlikte soru\u015fturmac\u0131 tayini, soru\u015fturmac\u0131n\u0131n nitelikleri, soru\u015fturman\u0131n y\u00fcr\u00fct\u00fclme bi\u00e7imi gibi hususlar\u0131 a\u00e7\u0131k\u00e7a d\u00fczenleyen kurallar yer almaktad\u0131r. Bu faaliyetlerin bir k\u0131sm\u0131 idari team\u00fcllere g\u00f6re, bir k\u0131sm\u0131 ise zaman i\u00e7inde olu\u015fan yarg\u0131sal i\u00e7tihatlara g\u00f6re y\u00fcr\u00fct\u00fclmektedir. Bu kitap, soru\u015fturman\u0131n a\u00e7\u0131lmas\u0131ndan disiplin cezas\u0131 verilmesine, disiplin cezas\u0131na itirazdan idari yarg\u0131da hak aramaya kadar; disiplin hukukunun t\u00fcm boyutlar\u0131n\u0131 ve 4483 say\u0131l\u0131 Kanun kapsam\u0131nda \u00f6n inceleme ba\u015flat\u0131lmas\u0131ndan, soru\u015fturma izni verilmesine ve itiraza kadar memurlar\u0131n yarg\u0131lanmas\u0131 hakk\u0131ndaki esaslar\u0131 \u00f6rnekleriyle a\u00e7\u0131klamak iddias\u0131ndad\u0131r. Bu y\u00f6n\u00fcyle bu alandaki bir bo\u015flu\u011fu doldurmas\u0131 beklenmektedir. <\/p>\n","protected":false},"excerpt":{"rendered":"<p>DMK\u2019n\u0131n disiplinle ilgili h\u00fck\u00fcmleri i\u00e7inde yer alan \u00e7e\u015fitli h\u00fck\u00fcmlerinde, soru\u015fturmadan ve soru\u015fturmac\u0131dan s\u00f6z edilmekle birlikte soru\u015fturmac\u0131 tayini, soru\u015fturmac\u0131n\u0131n nitelikleri, soru\u015fturman\u0131n y\u00fcr\u00fct\u00fclme bi\u00e7imi gibi hususlar\u0131 a\u00e7\u0131k\u00e7a d\u00fczenleyen<span class=\"excerpt-hellip\"> [\u2026]<\/span><\/p>\n","protected":false},"featured_media":0,"template":"","meta":{"_monsterinsights_skip_tracking":false,"_monsterinsights_sitenote_active":false,"_monsterinsights_sitenote_note":"","_monsterinsights_sitenote_category":0},"product_brand":[],"product_cat":[15350,17583],"product_tag":[],"class_list":{"0":"post-696522","1":"product","2":"type-product","3":"status-publish","5":"product_cat-hukuk","6":"product_cat-kanun-ve-uygulama-kitaplari","7":"pa_cilt-ciltsiz","8":"pa_tur-kitap","9":"pa_yayinevi-ani-yayincilik","10":"pa_yazar-ali-unal","12":"first","13":"instock","14":"sale","15":"shipping-taxable","16":"purchasable","17":"product-type-simple"},"_links":{"self":[{"href":"https:\/\/roveyayinevi.com.tr\/index.php\/wp-json\/wp\/v2\/product\/696522","targetHints":{"allow":["GET"]}}],"collection":[{"href":"https:\/\/roveyayinevi.com.tr\/index.php\/wp-json\/wp\/v2\/product"}],"about":[{"href":"https:\/\/roveyayinevi.com.tr\/index.php\/wp-json\/wp\/v2\/types\/product"}],"wp:attachment":[{"href":"https:\/\/roveyayinevi.com.tr\/index.php\/wp-json\/wp\/v2\/media?parent=696522"}],"wp:term":[{"taxonomy":"product_brand","embeddable":true,"href":"https:\/\/roveyayinevi.com.tr\/index.php\/wp-json\/wp\/v2\/product_brand?post=696522"},{"taxonomy":"product_cat","embeddable":true,"href":"https:\/\/roveyayinevi.com.tr\/index.php\/wp-json\/wp\/v2\/product_cat?post=696522"},{"taxonomy":"product_tag","embeddable":true,"href":"https:\/\/roveyayinevi.com.tr\/index.php\/wp-json\/wp\/v2\/product_tag?post=696522"}],"curies":[{"name":"wp","href":"https:\/\/api.w.org\/{rel}","templated":true}]}}