{"id":696521,"date":"2025-08-27T14:35:19","date_gmt":"2025-08-27T11:35:19","guid":{"rendered":"https:\/\/roveyayinevi.com.tr\/index.php\/urun\/doga-egitimi-ders-disi-ogretim-faaliyetlerine-ornek\/"},"modified":"2026-04-16T02:06:21","modified_gmt":"2026-04-15T23:06:21","slug":"doga-egitimi-ders-disi-ogretim-faaliyetlerine-ornek","status":"publish","type":"product","link":"https:\/\/roveyayinevi.com.tr\/index.php\/urun\/doga-egitimi-ders-disi-ogretim-faaliyetlerine-ornek\/","title":{"rendered":"Do\u011fa E\u011fitimi &#8211; Ders D\u0131\u015f\u0131 \u00d6\u011fretim Faaliyetlerine \u00d6rnek"},"content":{"rendered":"<p>S\u00fcrd\u00fcr\u00fclebilir bir ya\u015fam ve nitelikli bir \u00e7evre olu\u015fturmak do\u011fay\u0131 tan\u0131mak ve sevmekle m\u00fcmk\u00fcnd\u00fcr.\u00c7evreye daha duyarl\u0131, kat\u0131l\u0131mc\u0131 ve yenilik\u00e7i bireylerin yeti\u015ftirilmesi noktas\u0131nda kabul g\u00f6ren yakla\u015f\u0131mlardan biri olan &#8220;Do\u011fa e\u011fitimi&#8221; ya da &#8220;Do\u011fa yoluyla \u00f6\u011frenme&#8221; T\u00dcB\u0130TAK deste\u011fi ile y\u00fcr\u00fct\u00fclen do\u011fa e\u011fitimi \u00e7al\u0131\u015fmalar\u0131n\u0131n temelini olu\u015fturmaktad\u0131r. Bu kitab\u0131n i\u00e7eri\u011finde Eko-turizm ve turizm \u00e7evre ili\u015fkisi, bitki toplama ve saklama teknikleri, turba ve turbal\u0131klar, Karadeniz ve karadeniz ard\u0131 b\u00f6lgelerin ekosistemi, T\u00fcrkiye flora b\u00f6lgeleri ve vejetasyon durumu, tar\u0131msal ormanc\u0131l\u0131k, k\u0131rsal alanda \u00f6rg\u00fctlenme-kooperatif\u00e7ilik-pazarlama, k\u0131rsal kalk\u0131nmada kad\u0131n, T\u00fcrkiye&#8217;de do\u011fa koruma ve ekolojik risk analizi \u0131\u015f\u0131\u011f\u0131nda g\u00f6n\u00fcll\u00fc destekli da\u011f horozu koruma \u00e7al\u0131\u015fmas\u0131, bitki ara\u015ft\u0131rmas\u0131nda izlenecek yol hakk\u0131nda fikirler, Do\u011fu pontidlerin jeolojik \u00f6zellikleri ve kaya\u00e7 birlikteliklerinin tan\u0131mlanmas\u0131, jeoformolojik yap\u0131n\u0131n \u015fehirsel geli\u015fime etkisi, tak\u0131my\u0131ld\u0131zlar\u0131n tan\u0131t\u0131m\u0131, g\u00f6ksel koordinat sistemleri ve g\u00f6kcisimlerini kullanarak co\u011frafi konum belirlenmesi, tarihi \u00e7evrenin tarih \u00f6\u011fretiminde kullan\u0131m\u0131, foto\u011fraf\u00e7\u0131l\u0131k, sanaj, estetik ve \u00e7evre e\u011fitiminin \u00f6nemi, m\u00fcze e\u011fitimi, do\u011fa e\u011fitiminde bir y\u00f6ntem: yarat\u0131c\u0131 drama, harita bilgisi, ilkyard\u0131m, \u00e7evre ba\u015fl\u0131klar\u0131 bulunmaktad\u0131r. <\/p>\n","protected":false},"excerpt":{"rendered":"<p>S\u00fcrd\u00fcr\u00fclebilir bir ya\u015fam ve nitelikli bir \u00e7evre olu\u015fturmak do\u011fay\u0131 tan\u0131mak ve sevmekle m\u00fcmk\u00fcnd\u00fcr.\u00c7evreye daha duyarl\u0131, kat\u0131l\u0131mc\u0131 ve yenilik\u00e7i bireylerin yeti\u015ftirilmesi noktas\u0131nda kabul g\u00f6ren yakla\u015f\u0131mlardan biri olan<span class=\"excerpt-hellip\"> [\u2026]<\/span><\/p>\n","protected":false},"featured_media":0,"template":"","meta":{"_monsterinsights_skip_tracking":false,"_monsterinsights_sitenote_active":false,"_monsterinsights_sitenote_note":"","_monsterinsights_sitenote_category":0},"product_brand":[],"product_cat":[12573,12566],"product_tag":[],"class_list":{"0":"post-696521","1":"product","2":"type-product","3":"status-publish","5":"product_cat-akademik-kitaplar","6":"product_cat-egitim","7":"pa_cilt-ciltsiz","8":"pa_tur-kitap","9":"pa_yayinevi-ani-yayincilik","10":"pa_yazar-abdulkadir-uzunoz","12":"first","13":"instock","14":"sale","15":"shipping-taxable","16":"purchasable","17":"product-type-simple"},"_links":{"self":[{"href":"https:\/\/roveyayinevi.com.tr\/index.php\/wp-json\/wp\/v2\/product\/696521","targetHints":{"allow":["GET"]}}],"collection":[{"href":"https:\/\/roveyayinevi.com.tr\/index.php\/wp-json\/wp\/v2\/product"}],"about":[{"href":"https:\/\/roveyayinevi.com.tr\/index.php\/wp-json\/wp\/v2\/types\/product"}],"wp:attachment":[{"href":"https:\/\/roveyayinevi.com.tr\/index.php\/wp-json\/wp\/v2\/media?parent=696521"}],"wp:term":[{"taxonomy":"product_brand","embeddable":true,"href":"https:\/\/roveyayinevi.com.tr\/index.php\/wp-json\/wp\/v2\/product_brand?post=696521"},{"taxonomy":"product_cat","embeddable":true,"href":"https:\/\/roveyayinevi.com.tr\/index.php\/wp-json\/wp\/v2\/product_cat?post=696521"},{"taxonomy":"product_tag","embeddable":true,"href":"https:\/\/roveyayinevi.com.tr\/index.php\/wp-json\/wp\/v2\/product_tag?post=696521"}],"curies":[{"name":"wp","href":"https:\/\/api.w.org\/{rel}","templated":true}]}}