{"id":696520,"date":"2025-08-27T14:35:19","date_gmt":"2025-08-27T11:35:19","guid":{"rendered":"https:\/\/roveyayinevi.com.tr\/index.php\/urun\/cumhuriyet-donemi-turk-edebiyati\/"},"modified":"2026-04-16T02:06:21","modified_gmt":"2026-04-15T23:06:21","slug":"cumhuriyet-donemi-turk-edebiyati","status":"publish","type":"product","link":"https:\/\/roveyayinevi.com.tr\/index.php\/urun\/cumhuriyet-donemi-turk-edebiyati\/","title":{"rendered":"Cumhuriyet D\u00f6nemi T\u00fcrk Edebiyat\u0131"},"content":{"rendered":"<p>Cumhuriyet d\u00f6nemi, toplumsal ya\u015fam\u0131n her alan\u0131nda oldu\u011fu gibi, edebiyatta da b\u00fcy\u00fck de\u011fi\u015fimlere ve geli\u015fmelere yol a\u00e7m\u0131\u015ft\u0131r. Bu hareketli d\u00f6nemde, Bat\u0131l\u0131 klasiklerin de \u00e7evrilmeye ba\u015flanmas\u0131yla, yenilik aray\u0131\u015flar\u0131 \u00e7ok k\u0131sa zaman aral\u0131klar\u0131na yay\u0131lm\u0131\u015f, bu aray\u0131\u015flar\u0131n birbirini geli\u015ftirmesinden yeni anlay\u0131\u015flar ve yap\u0131lar ortaya \u00e7\u0131km\u0131\u015ft\u0131r. \u00c7al\u0131\u015fma, Cumhuriyet d\u00f6nemi T\u00fcrk edebiyat\u0131n\u0131 \u015fiir, \u00f6yk\u00fc ve roman ba\u015fta olmak \u00fczere deneme, f\u0131kra, makale, ele\u015ftiri, an\u0131, g\u00fcnl\u00fck, gezi yaz\u0131s\u0131, biyografi, otobiyografi gibi t\u00fcrler ve \u00f6nde gelen temsilcileri \u00e7er\u00e7evesinde ele almaktad\u0131r. Son b\u00f6l\u00fcmde ise, T\u00fcrkiye s\u0131n\u0131rlar\u0131 d\u0131\u015f\u0131ndaki \u00e7a\u011fda\u015f T\u00fcrk \u015fiirinden \u00f6rneklere yer verilmi\u015ftir. <\/p>\n","protected":false},"excerpt":{"rendered":"<p>Cumhuriyet d\u00f6nemi, toplumsal ya\u015fam\u0131n her alan\u0131nda oldu\u011fu gibi, edebiyatta da b\u00fcy\u00fck de\u011fi\u015fimlere ve geli\u015fmelere yol a\u00e7m\u0131\u015ft\u0131r. Bu hareketli d\u00f6nemde, Bat\u0131l\u0131 klasiklerin de \u00e7evrilmeye ba\u015flanmas\u0131yla, yenilik aray\u0131\u015flar\u0131<span class=\"excerpt-hellip\"> [\u2026]<\/span><\/p>\n","protected":false},"featured_media":0,"template":"","meta":{"_monsterinsights_skip_tracking":false,"_monsterinsights_sitenote_active":false,"_monsterinsights_sitenote_note":"","_monsterinsights_sitenote_category":0},"product_brand":[],"product_cat":[12573,12566],"product_tag":[],"class_list":{"0":"post-696520","1":"product","2":"type-product","3":"status-publish","5":"product_cat-akademik-kitaplar","6":"product_cat-egitim","7":"pa_cilt-ciltsiz","8":"pa_tur-kitap","9":"pa_yayinevi-ani-yayincilik","10":"pa_yazar-hulusi-gecgel","12":"first","13":"instock","14":"sale","15":"shipping-taxable","16":"purchasable","17":"product-type-simple"},"_links":{"self":[{"href":"https:\/\/roveyayinevi.com.tr\/index.php\/wp-json\/wp\/v2\/product\/696520","targetHints":{"allow":["GET"]}}],"collection":[{"href":"https:\/\/roveyayinevi.com.tr\/index.php\/wp-json\/wp\/v2\/product"}],"about":[{"href":"https:\/\/roveyayinevi.com.tr\/index.php\/wp-json\/wp\/v2\/types\/product"}],"wp:attachment":[{"href":"https:\/\/roveyayinevi.com.tr\/index.php\/wp-json\/wp\/v2\/media?parent=696520"}],"wp:term":[{"taxonomy":"product_brand","embeddable":true,"href":"https:\/\/roveyayinevi.com.tr\/index.php\/wp-json\/wp\/v2\/product_brand?post=696520"},{"taxonomy":"product_cat","embeddable":true,"href":"https:\/\/roveyayinevi.com.tr\/index.php\/wp-json\/wp\/v2\/product_cat?post=696520"},{"taxonomy":"product_tag","embeddable":true,"href":"https:\/\/roveyayinevi.com.tr\/index.php\/wp-json\/wp\/v2\/product_tag?post=696520"}],"curies":[{"name":"wp","href":"https:\/\/api.w.org\/{rel}","templated":true}]}}