{"id":696519,"date":"2025-08-27T14:35:18","date_gmt":"2025-08-27T11:35:18","guid":{"rendered":"https:\/\/roveyayinevi.com.tr\/index.php\/urun\/egitim-kurumlarinda-risk-yonetimi\/"},"modified":"2026-04-16T02:06:21","modified_gmt":"2026-04-15T23:06:21","slug":"egitim-kurumlarinda-risk-yonetimi","status":"publish","type":"product","link":"https:\/\/roveyayinevi.com.tr\/index.php\/urun\/egitim-kurumlarinda-risk-yonetimi\/","title":{"rendered":"E\u011fitim Kurumlar\u0131nda Risk Y\u00f6netimi"},"content":{"rendered":"<p>Risk y\u00f6netimi, e\u011fitim \u00f6rg\u00fctlerinde ve \u00f6zellikle de i\u015fletmecilik i\u015flerininin yo\u011fun olarak g\u00f6r\u00fcld\u00fc\u011f\u00fc teknik \u00f6\u011fretim kurumlar\u0131nda ba\u015far\u0131yla uygulanabilir. E\u011fitim \u00f6rg\u00fctlerinin temel \u00f6\u011fesinin, insan olmas\u0131 risklerin y\u00f6netilmesinin \u00f6nemini ortaya koymaktad\u0131r. \u00d6te yandan, e\u011fitim \u00f6rg\u00fctleri e\u011fitim hizmeti sunarken yap\u0131lan etkinlikler nedeniyle \u00f6\u011frencilerin ve ba\u015fta \u00f6\u011fretmenler olmak \u00fczere di\u011fer personelin sa\u011fl\u0131\u011f\u0131n\u0131 ve hatta can g\u00fcvenli\u011fini tehdit edebilecek durumlar ile kar\u015f\u0131la\u015fabilecek olmalar\u0131, bu \u00f6rg\u00fctlerdeki risk y\u00f6netiminin gereklili\u011fini g\u00f6zler \u00f6n\u00fcne sermektedir. T\u00fcrkiye&#8217;de risk y\u00f6netimi ile ilgili ara\u015ft\u0131rmalar, daha \u00e7ok i\u015fletme ve finans sekt\u00f6r\u00fc ile s\u0131n\u0131rl\u0131 kalm\u0131\u015ft\u0131r. Bu anlamda T\u00fcrkiye&#8217;de e\u011fitim \u00f6rg\u00fctlerinde risk y\u00f6netimi alan\u0131nda yap\u0131lm\u0131\u015f br ara\u015ft\u0131rman\u0131n olmamas\u0131 nedeni ile yap\u0131lan ara\u015ft\u0131rman\u0131n, okul y\u00f6neticilerine ve ara\u015ft\u0131rmac\u0131lara ba\u015fvuru kayna\u011f\u0131 olabilece\u011fine inan\u0131lmaktad\u0131r. <\/p>\n","protected":false},"excerpt":{"rendered":"<p>Risk y\u00f6netimi, e\u011fitim \u00f6rg\u00fctlerinde ve \u00f6zellikle de i\u015fletmecilik i\u015flerininin yo\u011fun olarak g\u00f6r\u00fcld\u00fc\u011f\u00fc teknik \u00f6\u011fretim kurumlar\u0131nda ba\u015far\u0131yla uygulanabilir. E\u011fitim \u00f6rg\u00fctlerinin temel \u00f6\u011fesinin, insan olmas\u0131 risklerin y\u00f6netilmesinin \u00f6nemini<span class=\"excerpt-hellip\"> [\u2026]<\/span><\/p>\n","protected":false},"featured_media":0,"template":"","meta":{"_monsterinsights_skip_tracking":false,"_monsterinsights_sitenote_active":false,"_monsterinsights_sitenote_note":"","_monsterinsights_sitenote_category":0},"product_brand":[],"product_cat":[12573,12566],"product_tag":[],"class_list":{"0":"post-696519","1":"product","2":"type-product","3":"status-publish","5":"product_cat-akademik-kitaplar","6":"product_cat-egitim","7":"pa_cilt-ciltsiz","8":"pa_tur-kitap","9":"pa_yayinevi-ani-yayincilik","10":"pa_yazar-ilknur-caliskan-maya","12":"first","13":"instock","14":"sale","15":"shipping-taxable","16":"purchasable","17":"product-type-simple"},"_links":{"self":[{"href":"https:\/\/roveyayinevi.com.tr\/index.php\/wp-json\/wp\/v2\/product\/696519","targetHints":{"allow":["GET"]}}],"collection":[{"href":"https:\/\/roveyayinevi.com.tr\/index.php\/wp-json\/wp\/v2\/product"}],"about":[{"href":"https:\/\/roveyayinevi.com.tr\/index.php\/wp-json\/wp\/v2\/types\/product"}],"wp:attachment":[{"href":"https:\/\/roveyayinevi.com.tr\/index.php\/wp-json\/wp\/v2\/media?parent=696519"}],"wp:term":[{"taxonomy":"product_brand","embeddable":true,"href":"https:\/\/roveyayinevi.com.tr\/index.php\/wp-json\/wp\/v2\/product_brand?post=696519"},{"taxonomy":"product_cat","embeddable":true,"href":"https:\/\/roveyayinevi.com.tr\/index.php\/wp-json\/wp\/v2\/product_cat?post=696519"},{"taxonomy":"product_tag","embeddable":true,"href":"https:\/\/roveyayinevi.com.tr\/index.php\/wp-json\/wp\/v2\/product_tag?post=696519"}],"curies":[{"name":"wp","href":"https:\/\/api.w.org\/{rel}","templated":true}]}}