{"id":696515,"date":"2025-08-27T14:35:17","date_gmt":"2025-08-27T11:35:17","guid":{"rendered":"https:\/\/roveyayinevi.com.tr\/index.php\/urun\/bilim-felsefesi\/"},"modified":"2026-04-16T02:06:21","modified_gmt":"2026-04-15T23:06:21","slug":"bilim-felsefesi","status":"publish","type":"product","link":"https:\/\/roveyayinevi.com.tr\/index.php\/urun\/bilim-felsefesi\/","title":{"rendered":"Bilim Felsefesi"},"content":{"rendered":"<p>Bu kitapta, bilimle ilgili gerekli g\u00f6r\u00fclen kavramlar ile ba\u015flan\u0131lm\u0131\u015ft\u0131r. \u0130lerleyen b\u00f6l\u00fcmlerde bilimsel y\u00f6ntem konular\u0131na yer verilmi\u015ftir.  Bilim ve teknolojideki geli\u015fmeleri de g\u00f6z ard\u0131 edilmemi\u015f ve ayr\u0131ca bilim felsefesiyle u\u011fra\u015fm\u0131\u015f \u00fcnl\u00fc d\u00fc\u015f\u00fcn\u00fcrlere de yer verilmi\u015ftir. Son olarak oturtulan bilimsel d\u00fc\u015f\u00fcncenin, bilimsel felsefenin bir referans veya arka plan\u0131 olarak bilimde etik konusunu vurgulanm\u0131\u015ft\u0131r<\/p>\n","protected":false},"excerpt":{"rendered":"<p>Bu kitapta, bilimle ilgili gerekli g\u00f6r\u00fclen kavramlar ile ba\u015flan\u0131lm\u0131\u015ft\u0131r. \u0130lerleyen b\u00f6l\u00fcmlerde bilimsel y\u00f6ntem konular\u0131na yer verilmi\u015ftir. Bilim ve teknolojideki geli\u015fmeleri de g\u00f6z ard\u0131 edilmemi\u015f ve ayr\u0131ca<span class=\"excerpt-hellip\"> [\u2026]<\/span><\/p>\n","protected":false},"featured_media":0,"template":"","meta":{"_monsterinsights_skip_tracking":false,"_monsterinsights_sitenote_active":false,"_monsterinsights_sitenote_note":"","_monsterinsights_sitenote_category":0},"product_brand":[],"product_cat":[12388,13555],"product_tag":[],"class_list":{"0":"post-696515","1":"product","2":"type-product","3":"status-publish","5":"product_cat-felsefe","6":"product_cat-genel-felsefe","7":"pa_cilt-ciltsiz","8":"pa_tur-kitap","9":"pa_yayinevi-ani-yayincilik","10":"pa_yazar-veysel-sonmez","12":"first","13":"instock","14":"sale","15":"shipping-taxable","16":"purchasable","17":"product-type-simple"},"_links":{"self":[{"href":"https:\/\/roveyayinevi.com.tr\/index.php\/wp-json\/wp\/v2\/product\/696515","targetHints":{"allow":["GET"]}}],"collection":[{"href":"https:\/\/roveyayinevi.com.tr\/index.php\/wp-json\/wp\/v2\/product"}],"about":[{"href":"https:\/\/roveyayinevi.com.tr\/index.php\/wp-json\/wp\/v2\/types\/product"}],"wp:attachment":[{"href":"https:\/\/roveyayinevi.com.tr\/index.php\/wp-json\/wp\/v2\/media?parent=696515"}],"wp:term":[{"taxonomy":"product_brand","embeddable":true,"href":"https:\/\/roveyayinevi.com.tr\/index.php\/wp-json\/wp\/v2\/product_brand?post=696515"},{"taxonomy":"product_cat","embeddable":true,"href":"https:\/\/roveyayinevi.com.tr\/index.php\/wp-json\/wp\/v2\/product_cat?post=696515"},{"taxonomy":"product_tag","embeddable":true,"href":"https:\/\/roveyayinevi.com.tr\/index.php\/wp-json\/wp\/v2\/product_tag?post=696515"}],"curies":[{"name":"wp","href":"https:\/\/api.w.org\/{rel}","templated":true}]}}