{"id":696514,"date":"2025-08-27T14:35:17","date_gmt":"2025-08-27T11:35:17","guid":{"rendered":"https:\/\/roveyayinevi.com.tr\/index.php\/urun\/kanser-iyilesir\/"},"modified":"2026-04-16T02:06:21","modified_gmt":"2026-04-15T23:06:21","slug":"kanser-iyilesir","status":"publish","type":"product","link":"https:\/\/roveyayinevi.com.tr\/index.php\/urun\/kanser-iyilesir\/","title":{"rendered":"Kanser \u0130yile\u015fir"},"content":{"rendered":"<p>Sa\u011fl\u0131k olmadan hi\u00e7bir \u015fey olmuyor, hayat\u0131n tad\u0131 tuzu da kalm\u0131yor! Sa\u011fl\u0131kl\u0131 bir ya\u015fam i\u00e7inse \u00f6ncelik do\u011fal ya\u015fam, do\u011fru ve dengeli beslenme\u2026 \u00c7\u00fcnk\u00fc v\u00fccudumuzun, hormonlar\u0131m\u0131z\u0131n, ba\u011f\u0131\u015f\u0131kl\u0131 sistemimizin sa\u011fl\u0131kl\u0131\/dengeli \u00e7al\u0131\u015fabilmesi yeteri miktarda do\u011fal vitamin ve mineral almas\u0131 gerekiyor.Oysa modern zamanlar \u2018hap \u00e7\u00f6z\u00fcmler\u2019 dayat\u0131yor insanlara. Kendini biraz yorgun, biraz bitkin hisseden, g\u00fcnl\u00fck hayat\u0131n normal stresini ya\u015fayan ve biraz olsun din\u00e7 hissetmek isteyen \u015fehir insan\u0131 h\u0131zl\u0131 ve kolay \u00e7\u00f6z\u00fcm ar\u0131yor. Sonra gelsin vitaminler, multivitaminler, mineraller, bitkisel destekler&#8230; B\u00f6yle i\u015ftah a\u00e7\u0131c\u0131 bir piyasa olu\u015ftu\u011funda da hemen bilgi kirlili\u011fi ve sat\u0131\u015f\u0131 art\u0131rmak ad\u0131na gereksiz kullan\u0131ma te\u015fvik ba\u015fl\u0131yor.Bu bilin\u00e7siz kullan\u0131m\u0131 engelleyip do\u011fru bir yol haritas\u0131 \u00e7izmek de, insanlar\u0131n sa\u011fl\u0131\u011f\u0131n\u0131 d\u00fc\u015f\u00fcnen, i\u015finin ehli \u2018ger\u00e7ek\u2019 hekimlere d\u00fc\u015f\u00fcyor. Naturel Zay\u0131flama, Sa\u011fl\u0131kl\u0131 V\u00fccudun G\u00f6r\u00fcnmez \u0130\u015f\u00e7ileri, Glisemik \u0130ndeks Diyeti gibi kitaplar\u0131 ile g\u00fcndemden d\u00fc\u015fmeyen \u00fcnl\u00fc endokrinoloji, metabolizma ve diyabet uzman\u0131 Prof. Dr. Metin \u00d6zata, bu kitab\u0131nda bizlere Hayat Kurtaran Vitamin ve Mineraller\u2019i anlat\u0131yor. Vitaminler, mineraller ve besin destekleri konusunda en \u2018do\u011fru\u2019 bilgileri veriyor, en \u2018do\u011fal\u2019 kaynaklardan ne \u015fekilde alabilece\u011fimizin yolunu g\u00f6steriyor\u2026Vitamin ve mineralleri ne kadar tan\u0131yoruz?V\u00fccudumuzdaki i\u015flevlerini, hayati \u00f6nemi olanlar\u0131n kan\u0131m\u0131zdaki de\u011ferini biliyor muyuz?Hakikaten takviye ihtiyac\u0131m\u0131z var m\u0131? Hangi sebze meyveler, hangi \u015fekilde vitamin, mineral ihtiyac\u0131m\u0131z\u0131 kar\u015f\u0131l\u0131yor? Vitamin mineral ihtiyac\u0131m\u0131z kar\u015f\u0131lanmazsa hangi hastal\u0131klar ortaya \u00e7\u0131k\u0131yor?Prof. \u00d6zata, bu ve benzeri sorular\u0131 herkesin anlayaca\u011f\u0131 \u015fekilde yan\u0131tl\u0131yor. Hem vitamin ve mineralleri yak\u0131ndan tan\u0131mak hem de hangi durumlarda, hangi vitamin ve mineralleri, hangi dozda almak gerekti\u011fini \u00f6\u011frenmek i\u00e7in bu kitab\u0131 okuyun. Yak\u0131nlar\u0131n\u0131za da kulaktan dolma \u2018hap\u2019 tavsiyeler yerine bu kitab\u0131 hediye edin! <\/p>\n","protected":false},"excerpt":{"rendered":"<p>Sa\u011fl\u0131k olmadan hi\u00e7bir \u015fey olmuyor, hayat\u0131n tad\u0131 tuzu da kalm\u0131yor! Sa\u011fl\u0131kl\u0131 bir ya\u015fam i\u00e7inse \u00f6ncelik do\u011fal ya\u015fam, do\u011fru ve dengeli beslenme\u2026 \u00c7\u00fcnk\u00fc v\u00fccudumuzun, hormonlar\u0131m\u0131z\u0131n, ba\u011f\u0131\u015f\u0131kl\u0131 sistemimizin<span class=\"excerpt-hellip\"> [\u2026]<\/span><\/p>\n","protected":false},"featured_media":0,"template":"","meta":{"_monsterinsights_skip_tracking":false,"_monsterinsights_sitenote_active":false,"_monsterinsights_sitenote_note":"","_monsterinsights_sitenote_category":0},"product_brand":[],"product_cat":[20313,13365],"product_tag":[],"class_list":{"0":"post-696514","1":"product","2":"type-product","3":"status-publish","5":"product_cat-basvuru-kitaplari-saglik","6":"product_cat-saglik","7":"pa_cilt-ciltsiz","8":"pa_tur-kitap","9":"pa_yayinevi-hayykitap","10":"pa_yazar-elif-guveloglu","12":"first","13":"instock","14":"sale","15":"shipping-taxable","16":"purchasable","17":"product-type-simple"},"_links":{"self":[{"href":"https:\/\/roveyayinevi.com.tr\/index.php\/wp-json\/wp\/v2\/product\/696514","targetHints":{"allow":["GET"]}}],"collection":[{"href":"https:\/\/roveyayinevi.com.tr\/index.php\/wp-json\/wp\/v2\/product"}],"about":[{"href":"https:\/\/roveyayinevi.com.tr\/index.php\/wp-json\/wp\/v2\/types\/product"}],"wp:attachment":[{"href":"https:\/\/roveyayinevi.com.tr\/index.php\/wp-json\/wp\/v2\/media?parent=696514"}],"wp:term":[{"taxonomy":"product_brand","embeddable":true,"href":"https:\/\/roveyayinevi.com.tr\/index.php\/wp-json\/wp\/v2\/product_brand?post=696514"},{"taxonomy":"product_cat","embeddable":true,"href":"https:\/\/roveyayinevi.com.tr\/index.php\/wp-json\/wp\/v2\/product_cat?post=696514"},{"taxonomy":"product_tag","embeddable":true,"href":"https:\/\/roveyayinevi.com.tr\/index.php\/wp-json\/wp\/v2\/product_tag?post=696514"}],"curies":[{"name":"wp","href":"https:\/\/api.w.org\/{rel}","templated":true}]}}