{"id":696512,"date":"2025-08-27T14:35:17","date_gmt":"2025-08-27T11:35:17","guid":{"rendered":"https:\/\/roveyayinevi.com.tr\/index.php\/urun\/aci-kahve\/"},"modified":"2026-04-16T02:06:21","modified_gmt":"2026-04-15T23:06:21","slug":"aci-kahve","status":"publish","type":"product","link":"https:\/\/roveyayinevi.com.tr\/index.php\/urun\/aci-kahve\/","title":{"rendered":"Ac\u0131 Kahve"},"content":{"rendered":"<p>1934 y\u0131l\u0131n\u0131n ilkbahar\u0131nda \u0130ngiltere\u2019nin en \u00fcnl\u00fc fizik\u00e7isi olan Sir Claud Amory, Poirot\u2019yu Surey\u2019deki evinde ya\u015fananlardan birinin son bulu\u015funu \u00e7alaca\u011f\u0131ndan ku\u015fkulanmaktad\u0131r. \ufffc<\/p>\n","protected":false},"excerpt":{"rendered":"<p>1934 y\u0131l\u0131n\u0131n ilkbahar\u0131nda \u0130ngiltere\u2019nin en \u00fcnl\u00fc fizik\u00e7isi olan Sir Claud Amory, Poirot\u2019yu Surey\u2019deki evinde ya\u015fananlardan birinin son bulu\u015funu \u00e7alaca\u011f\u0131ndan ku\u015fkulanmaktad\u0131r. \ufffc<\/p>\n","protected":false},"featured_media":0,"template":"","meta":{"_monsterinsights_skip_tracking":false,"_monsterinsights_sitenote_active":false,"_monsterinsights_sitenote_note":"","_monsterinsights_sitenote_category":0},"product_brand":[],"product_cat":[12291,12866],"product_tag":[],"class_list":{"0":"post-696512","1":"product","2":"type-product","3":"status-publish","5":"product_cat-edebiyat","6":"product_cat-ingiliz-edebiyati","7":"pa_cilt-ciltsiz","8":"pa_tur-kitap","9":"pa_yayinevi-altin-kitaplar","10":"pa_yazar-agatha-christie","12":"first","13":"instock","14":"sale","15":"shipping-taxable","16":"purchasable","17":"product-type-simple"},"_links":{"self":[{"href":"https:\/\/roveyayinevi.com.tr\/index.php\/wp-json\/wp\/v2\/product\/696512","targetHints":{"allow":["GET"]}}],"collection":[{"href":"https:\/\/roveyayinevi.com.tr\/index.php\/wp-json\/wp\/v2\/product"}],"about":[{"href":"https:\/\/roveyayinevi.com.tr\/index.php\/wp-json\/wp\/v2\/types\/product"}],"wp:attachment":[{"href":"https:\/\/roveyayinevi.com.tr\/index.php\/wp-json\/wp\/v2\/media?parent=696512"}],"wp:term":[{"taxonomy":"product_brand","embeddable":true,"href":"https:\/\/roveyayinevi.com.tr\/index.php\/wp-json\/wp\/v2\/product_brand?post=696512"},{"taxonomy":"product_cat","embeddable":true,"href":"https:\/\/roveyayinevi.com.tr\/index.php\/wp-json\/wp\/v2\/product_cat?post=696512"},{"taxonomy":"product_tag","embeddable":true,"href":"https:\/\/roveyayinevi.com.tr\/index.php\/wp-json\/wp\/v2\/product_tag?post=696512"}],"curies":[{"name":"wp","href":"https:\/\/api.w.org\/{rel}","templated":true}]}}