{"id":696507,"date":"2025-08-27T14:35:15","date_gmt":"2025-08-27T11:35:15","guid":{"rendered":"https:\/\/roveyayinevi.com.tr\/index.php\/urun\/cumle-metin-bilgisi\/"},"modified":"2026-04-16T02:06:21","modified_gmt":"2026-04-15T23:06:21","slug":"cumle-metin-bilgisi","status":"publish","type":"product","link":"https:\/\/roveyayinevi.com.tr\/index.php\/urun\/cumle-metin-bilgisi\/","title":{"rendered":"C\u00fcmle Metin Bilgisi"},"content":{"rendered":"<p>Bu kitap, E\u011fitim Fak\u00fclteleri&#8217;ndeki &#8220;C\u00fcmle Bilgisi ve Metin Bilgisi&#8221; derslerinin programlar\u0131na g\u00f6re kaynak olarak haz\u0131rlanm\u0131\u015ft\u0131r. Dilbilgisinin \u00f6nemli bir b\u00f6l\u00fcm\u00fc olan C\u00fcmle Bilgisi, kavramlar\u0131 ve de\u011ferlendirili\u015fleriyle farkl\u0131 g\u00f6r\u00fc\u015flerin g\u00f6r\u00fcld\u00fc\u011f\u00fc bir aland\u0131r. Bu y\u00fczden bu g\u00f6r\u00fc\u015flere yeri geldik\u00e7e de\u011finilmi\u015ftir. Metin Bilgisi ise, dilbilimiyle bi\u00e7imlenen yeni bir aland\u0131r. Dil ve edebiyat \u00f6\u011fretiminin her alan\u0131nda kar\u015f\u0131la\u015f\u0131lan metinlerin anla\u015f\u0131lmas\u0131, kavranmas\u0131 ve yorumlanmas\u0131 basama\u011f\u0131nda Metin Bilgisi konular\u0131 \u00f6nem ta\u015f\u0131r. <\/p>\n","protected":false},"excerpt":{"rendered":"<p>Bu kitap, E\u011fitim Fak\u00fclteleri&#8217;ndeki &#8220;C\u00fcmle Bilgisi ve Metin Bilgisi&#8221; derslerinin programlar\u0131na g\u00f6re kaynak olarak haz\u0131rlanm\u0131\u015ft\u0131r. Dilbilgisinin \u00f6nemli bir b\u00f6l\u00fcm\u00fc olan C\u00fcmle Bilgisi, kavramlar\u0131 ve de\u011ferlendirili\u015fleriyle farkl\u0131<span class=\"excerpt-hellip\"> [\u2026]<\/span><\/p>\n","protected":false},"featured_media":0,"template":"","meta":{"_monsterinsights_skip_tracking":false,"_monsterinsights_sitenote_active":false,"_monsterinsights_sitenote_note":"","_monsterinsights_sitenote_category":0},"product_brand":[],"product_cat":[20225,12291],"product_tag":[],"class_list":{"0":"post-696507","1":"product","2":"type-product","3":"status-publish","5":"product_cat-dil-bilim","6":"product_cat-edebiyat","7":"pa_cilt-ciltsiz","8":"pa_tur-kitap","9":"pa_yayinevi-ani-yayincilik","10":"pa_yazar-rasih-erkul","12":"first","13":"instock","14":"sale","15":"shipping-taxable","16":"purchasable","17":"product-type-simple"},"_links":{"self":[{"href":"https:\/\/roveyayinevi.com.tr\/index.php\/wp-json\/wp\/v2\/product\/696507","targetHints":{"allow":["GET"]}}],"collection":[{"href":"https:\/\/roveyayinevi.com.tr\/index.php\/wp-json\/wp\/v2\/product"}],"about":[{"href":"https:\/\/roveyayinevi.com.tr\/index.php\/wp-json\/wp\/v2\/types\/product"}],"wp:attachment":[{"href":"https:\/\/roveyayinevi.com.tr\/index.php\/wp-json\/wp\/v2\/media?parent=696507"}],"wp:term":[{"taxonomy":"product_brand","embeddable":true,"href":"https:\/\/roveyayinevi.com.tr\/index.php\/wp-json\/wp\/v2\/product_brand?post=696507"},{"taxonomy":"product_cat","embeddable":true,"href":"https:\/\/roveyayinevi.com.tr\/index.php\/wp-json\/wp\/v2\/product_cat?post=696507"},{"taxonomy":"product_tag","embeddable":true,"href":"https:\/\/roveyayinevi.com.tr\/index.php\/wp-json\/wp\/v2\/product_tag?post=696507"}],"curies":[{"name":"wp","href":"https:\/\/api.w.org\/{rel}","templated":true}]}}