{"id":696506,"date":"2025-08-27T14:35:15","date_gmt":"2025-08-27T11:35:15","guid":{"rendered":"https:\/\/roveyayinevi.com.tr\/index.php\/urun\/birlestirilmis-siniflarda-ogretim\/"},"modified":"2026-04-16T02:06:21","modified_gmt":"2026-04-15T23:06:21","slug":"birlestirilmis-siniflarda-ogretim","status":"publish","type":"product","link":"https:\/\/roveyayinevi.com.tr\/index.php\/urun\/birlestirilmis-siniflarda-ogretim\/","title":{"rendered":"Birle\u015ftirilmi\u015f S\u0131n\u0131flarda \u00d6\u011fretim"},"content":{"rendered":"<p>Alan\u0131nda klasik bir kitap olan birle\u015ftirilmi\u015f s\u0131n\u0131flarda \u00d6\u011fretim, g\u00fcn\u00fcn ko\u015fullar\u0131 ve e\u011fitim anlay\u0131\u015f\u0131na uygun olarak yazar taraf\u0131ndan tekrar kaleme al\u0131nm\u0131\u015ft\u0131r. Ayr\u0131ca Milli E\u011fitim Bakanl\u0131\u011f\u0131n\u0131n birle\u015ftirilmi\u015f s\u0131n\u0131flarla ilgili olarak yay\u0131nlad\u0131\u011f\u0131 fen bilgisi, birle\u015ftirilmi\u015f s\u0131n\u0131flar i\u00e7in Atat\u00fcrk\u00e7\u00fcl\u00fck konular\u0131, sekiz y\u0131ll\u0131k ilk\u00f6\u011fretim okullar\u0131 ders \u00e7izelgesi ve birle\u015ftirilmi\u015f s\u0131n\u0131flar haftal\u0131k \u00e7al\u0131\u015fma programlar\u0131 kitaba eklenmi\u015ftir. Bu kitapta, e\u011fitim ve \u00f6\u011fretim sanat\u0131n\u0131n en duyarl\u0131 noktalar\u0131ndan biri olan, Birle\u015ftirilmi\u015f S\u0131n\u0131flarda \u00d6\u011fretim s\u00fcreci y\u00f6ntemleriyle i\u015flenmi\u015ftir. Konu Ba\u015fl\u0131klar\u0131\ufffcT\u00fcrk E\u011fitim Sisteminde Birle\u015ftirilmi\u015f S\u0131n\u0131flar\ufffcBirle\u015ftirilmi\u015f S\u0131n\u0131flarda \u00d6\u011fretim Program\u0131\ufffcBirle\u015ftirilmi\u015f S\u0131n\u0131flarda \u00d6\u011fretim\ufffcBirle\u015ftirilmi\u015f S\u0131n\u0131f \u00d6\u011fretiminde Dersler ve \u00c7al\u0131\u015fmalar\ufffcBirle\u015ftirilmi\u015f S\u0131n\u0131flarda \u00d6l\u00e7me ve De\u011ferlendirme\ufffcBirle\u015ftirilmi\u015f S\u0131n\u0131f Y\u00f6netimi <\/p>\n","protected":false},"excerpt":{"rendered":"<p>Alan\u0131nda klasik bir kitap olan birle\u015ftirilmi\u015f s\u0131n\u0131flarda \u00d6\u011fretim, g\u00fcn\u00fcn ko\u015fullar\u0131 ve e\u011fitim anlay\u0131\u015f\u0131na uygun olarak yazar taraf\u0131ndan tekrar kaleme al\u0131nm\u0131\u015ft\u0131r. Ayr\u0131ca Milli E\u011fitim Bakanl\u0131\u011f\u0131n\u0131n birle\u015ftirilmi\u015f s\u0131n\u0131flarla<span class=\"excerpt-hellip\"> [\u2026]<\/span><\/p>\n","protected":false},"featured_media":0,"template":"","meta":{"_monsterinsights_skip_tracking":false,"_monsterinsights_sitenote_active":false,"_monsterinsights_sitenote_note":"","_monsterinsights_sitenote_category":0},"product_brand":[],"product_cat":[12573,12566],"product_tag":[],"class_list":{"0":"post-696506","1":"product","2":"type-product","3":"status-publish","5":"product_cat-akademik-kitaplar","6":"product_cat-egitim","7":"pa_cilt-ciltsiz","8":"pa_tur-kitap","9":"pa_yayinevi-ani-yayincilik","10":"pa_yazar-ali-riza-erdem","12":"first","13":"instock","14":"sale","15":"shipping-taxable","16":"purchasable","17":"product-type-simple"},"_links":{"self":[{"href":"https:\/\/roveyayinevi.com.tr\/index.php\/wp-json\/wp\/v2\/product\/696506","targetHints":{"allow":["GET"]}}],"collection":[{"href":"https:\/\/roveyayinevi.com.tr\/index.php\/wp-json\/wp\/v2\/product"}],"about":[{"href":"https:\/\/roveyayinevi.com.tr\/index.php\/wp-json\/wp\/v2\/types\/product"}],"wp:attachment":[{"href":"https:\/\/roveyayinevi.com.tr\/index.php\/wp-json\/wp\/v2\/media?parent=696506"}],"wp:term":[{"taxonomy":"product_brand","embeddable":true,"href":"https:\/\/roveyayinevi.com.tr\/index.php\/wp-json\/wp\/v2\/product_brand?post=696506"},{"taxonomy":"product_cat","embeddable":true,"href":"https:\/\/roveyayinevi.com.tr\/index.php\/wp-json\/wp\/v2\/product_cat?post=696506"},{"taxonomy":"product_tag","embeddable":true,"href":"https:\/\/roveyayinevi.com.tr\/index.php\/wp-json\/wp\/v2\/product_tag?post=696506"}],"curies":[{"name":"wp","href":"https:\/\/api.w.org\/{rel}","templated":true}]}}